{"id":32,"date":"2024-11-28T14:48:09","date_gmt":"2024-11-28T17:48:09","guid":{"rendered":"https:\/\/cultura.jundiai.sp.gov.br\/encontrodecorais\/?page_id=32"},"modified":"2025-10-06T11:49:02","modified_gmt":"2025-10-06T14:49:02","slug":"edicao-2024","status":"publish","type":"page","link":"https:\/\/cultura.jundiai.sp.gov.br\/encontrodecorais\/","title":{"rendered":"36\u00ba Encontro de Corais de Jundia\u00ed"},"content":{"rendered":"\n<p>A Secretaria Municipal de Cultura (SMCULT) realizou entre os dias 27 de setembro e 05 de outubro a 36\u00aa edi\u00e7\u00e3o do Encontro de Corais de Jundia\u00ed. A programa\u00e7\u00e3o foi promovida na Catedral Nossa Senhora do Desterro e na<strong> <\/strong>Sala Gl\u00f3ria Rocha do Centro das Artes Prefeito Pedro F\u00e1varo, em onze diferentes sess\u00f5es com entrada gratuita e classifica\u00e7\u00e3o livre.<\/p>\n\n\n\n<p>Com cerca de 60 grupos corais inscritos, a programa\u00e7\u00e3o final trouxe as apresenta\u00e7\u00f5es de diversos grupos de Jundia\u00ed, al\u00e9m de representantes de outros mais de dez Munic\u00edpios paulistas, al\u00e9m da capital, e um grupo mineiro.<\/p>\n\n\n\n<p>Os n\u00facleos que comp\u00f5em o Coral Infantojuvenil Cidade das Crian\u00e7as e do Coral Municipal de Jundia\u00ed, corpos art\u00edsticos municipais ligados \u00e0 SMCULT, tamb\u00e9m marcaram presen\u00e7a na programa\u00e7\u00e3o gratuita, juntamente com outros grupos promovidos por servi\u00e7os ligados \u00e0 Prefeitura, como os corais do C\u00e9u das Artes do Vista Alegre, o coral do Centro de Conviv\u00eancia do Idoso (CCI) da Argos da Secretaria de Assist\u00eancia e Desenvolvimento Social (SMADS) e o Coral AME dos servidores da Secretaria Municipal de Educa\u00e7\u00e3o de Jundia\u00ed.<\/p>\n\n\n\n<div style=\"height:100px\" aria-hidden=\"true\" class=\"wp-block-spacer\"><\/div>\n\n\n\n<p><strong>Confira a programa\u00e7\u00e3o completa da 36\u00aa edi\u00e7\u00e3o do Encontro de Corais de Jundia\u00ed:<\/strong><\/p>\n\n\n\n<div style=\"height:50px\" aria-hidden=\"true\" class=\"wp-block-spacer\"><\/div>\n\n\n\n<h3 class=\"wp-block-heading\">Dia 27 de setembro (s\u00e1bado) <\/h3>\n\n\n\n<p><br><strong>Local: <\/strong>Catedral Nossa Senhora do Desterro (Pra\u00e7a Governado Pedro de Toledo, s\/n &#8211; Centro) <\/p>\n\n\n\n<p><strong>Hor\u00e1rio:<\/strong> 19h30<br><strong>Apresenta\u00e7\u00f5es: <\/strong><\/p>\n\n\n\n<ul class=\"wp-block-list\">\n<li>Coral Adulto ThyssenKrupp &#8211; Campo Limpo Paulista (SP)<\/li>\n\n\n\n<li>Coral do Conservatorio de Cubat\u00e3o &#8211; Cubat\u00e3o (SP)<\/li>\n\n\n\n<li>Cantus Coral C\u00eanico &#8211; Varginha (MG)<\/li>\n\n\n\n<li>Madrigal Cantabilis &#8211; Jundia\u00ed<\/li>\n<\/ul>\n\n\n\n<div style=\"height:100px\" aria-hidden=\"true\" class=\"wp-block-spacer\"><\/div>\n\n\n\n<hr class=\"wp-block-separator has-alpha-channel-opacity\" \/>\n\n\n\n<h3 class=\"wp-block-heading\">Dia 28 de setembro (domingo) <\/h3>\n\n\n\n<p><br><strong>Local: <\/strong>Catedral Nossa Senhora do Desterro (Pra\u00e7a Governado Pedro de Toledo, s\/n &#8211; Centro) <\/p>\n\n\n\n<p><strong>Hor\u00e1rio:<\/strong> 19h30<br><strong>Apresenta\u00e7\u00f5es: <\/strong><\/p>\n\n\n\n<ul class=\"wp-block-list\">\n<li>Coral Azul e Branco do Clube Jundiaiense &#8211; Jundia\u00ed <\/li>\n\n\n\n<li>Coral Companhia da Voz &#8211; Jundia\u00ed<\/li>\n\n\n\n<li>Coral Municipal de Itapetininga &#8211; Itapetininga (SP)<\/li>\n\n\n\n<li>Coral Enok &#8211; Jundia\u00ed<\/li>\n\n\n\n<li>Coral CEC &#8211; Morungaba (SP)<\/li>\n<\/ul>\n\n\n\n<div style=\"height:100px\" aria-hidden=\"true\" class=\"wp-block-spacer\"><\/div>\n\n\n\n<hr class=\"wp-block-separator has-alpha-channel-opacity\" \/>\n\n\n\n<h3 class=\"wp-block-heading\">Dia 01 de outubro (quarta-feira)<\/h3>\n\n\n\n<p><br><strong>Local: <\/strong>Sala Gl\u00f3ria Rocha do Centro das Artes Prefeito Pedro F\u00e1varo (rua Bar\u00e3o de Jundia\u00ed, 1.093 &#8211; Centro) <br><strong>Entrada gratuita &#8211; distribui\u00e7\u00e3o dos ingressos na bilheteria, uma hora antes do in\u00edcio do espet\u00e1culo <\/strong><\/p>\n\n\n\n<p><strong>Hor\u00e1rio:<\/strong> 20h <br><strong>Apresenta\u00e7\u00f5es: <\/strong><\/p>\n\n\n\n<ul class=\"wp-block-list\">\n<li>Oficina Coral Municipal de Jundia\u00ed &#8211; corpo art\u00edstico municipal ligado \u00e0 SMCULT<\/li>\n\n\n\n<li>Coral AME &#8211; com os servidores da Secretaria Municipal de Educa\u00e7\u00e3o de Jundia\u00ed <\/li>\n\n\n\n<li>Coral Gruppo It\u00e1lia Canta &#8211; Jundia\u00ed<\/li>\n\n\n\n<li>Grupo Vocal Dr. Gomes Cardim &#8211; Jundia\u00ed<\/li>\n\n\n\n<li>Coral Pio X &#8211; Jundia\u00ed<\/li>\n<\/ul>\n\n\n\n<div style=\"height:100px\" aria-hidden=\"true\" class=\"wp-block-spacer\"><\/div>\n\n\n\n<hr class=\"wp-block-separator has-alpha-channel-opacity\" \/>\n\n\n\n<h3 class=\"wp-block-heading\">Dia 02 de outubro (quinta-feira)<\/h3>\n\n\n\n<p><strong>Local: <\/strong>Sala Gl\u00f3ria Rocha do Centro das Artes Prefeito Pedro F\u00e1varo (rua Bar\u00e3o de Jundia\u00ed, 1.093 &#8211; Centro) <br><strong>Entrada gratuita &#8211; distribui\u00e7\u00e3o dos ingressos na bilheteria, uma hora antes do in\u00edcio do espet\u00e1culo <\/strong><\/p>\n\n\n\n<p><strong>Hor\u00e1rio:<\/strong> 20h<br><strong>Apresenta\u00e7\u00f5es: <\/strong><\/p>\n\n\n\n<ul class=\"wp-block-list\">\n<li>Pio X Ensemble &#8211; Jundia\u00ed<\/li>\n\n\n\n<li>Madrigal Solffeggieto &#8211;  Jundia\u00ed<\/li>\n\n\n\n<li>Coral Cristo Redentor &#8211; V\u00e1rzea Paulista (SP)<\/li>\n\n\n\n<li>Coral Nova Fati &#8211; Jundia\u00ed<\/li>\n\n\n\n<li>Coral Divino em Canto, do Col\u00e9gio Divino Salvador &#8211; Jundia\u00ed<\/li>\n<\/ul>\n\n\n\n<div style=\"height:100px\" aria-hidden=\"true\" class=\"wp-block-spacer\"><\/div>\n\n\n\n<hr class=\"wp-block-separator has-alpha-channel-opacity\" \/>\n\n\n\n<h3 class=\"wp-block-heading\">Dia 03 de outubro (sexta-feira)<\/h3>\n\n\n\n<p><strong>Local: <\/strong>Sala Gl\u00f3ria Rocha do Centro das Artes Prefeito Pedro F\u00e1varo (rua Bar\u00e3o de Jundia\u00ed, 1.093 &#8211; Centro) <br><strong>Entrada gratuita &#8211; distribui\u00e7\u00e3o dos ingressos na bilheteria, uma hora antes do in\u00edcio do espet\u00e1culo <\/strong><\/p>\n\n\n\n<div class=\"wp-block-columns is-layout-flex wp-container-core-columns-is-layout-9d6595d7 wp-block-columns-is-layout-flex\">\n<div class=\"wp-block-column is-layout-flow wp-block-column-is-layout-flow\">\n<p><strong>Hor\u00e1rio:<\/strong> 16h<br><strong>Apresenta\u00e7\u00f5es: <\/strong><\/p>\n\n\n\n<ul class=\"wp-block-list\">\n<li>Coral Juvenil Guri Jundia\u00ed &#8211; Jundia\u00ed<\/li>\n\n\n\n<li>Coro Infanto Juvenil da Musicarte &#8211; V\u00e1rzea Paulista (SP)<\/li>\n\n\n\n<li>Coral Az Internacional &#8211; Atibaia (SP)<\/li>\n\n\n\n<li>Coral Infantojuvenil Cidade das Crian\u00e7as &#8211; corpo art\u00edstico municipal ligado \u00e0 SMCULT<\/li>\n<\/ul>\n<\/div>\n\n\n\n<div class=\"wp-block-column is-layout-flow wp-block-column-is-layout-flow\">\n<p><strong>Hor\u00e1rio:<\/strong> 20h<br><strong>Apresenta\u00e7\u00f5es: <\/strong><\/p>\n\n\n\n<ul class=\"wp-block-list\">\n<li>Vida Iluminada &#8211; Jundia\u00ed<\/li>\n\n\n\n<li>Grupo Vocal Francisco de Assis &#8211; Itupeva (SP)<\/li>\n\n\n\n<li>Coral Cant&#8217;Arte &#8211; Jundia\u00ed<\/li>\n\n\n\n<li>Coro Municipal V\u00e1rzea Encanto &#8211; V\u00e1rzea Paulista (SP)<\/li>\n\n\n\n<li>Sacro Cuoro di Ges\u00f9 &#8211; Jundia\u00ed<\/li>\n\n\n\n<li>Coral Astra &#8211; Jundia\u00ed<\/li>\n<\/ul>\n<\/div>\n<\/div>\n\n\n\n<div style=\"height:100px\" aria-hidden=\"true\" class=\"wp-block-spacer\"><\/div>\n\n\n\n<hr class=\"wp-block-separator has-alpha-channel-opacity\" \/>\n\n\n\n<h3 class=\"wp-block-heading\">Dia 04 de outubro (s\u00e1bado)<\/h3>\n\n\n\n<p><strong>Local: <\/strong>Sala Gl\u00f3ria Rocha do Centro das Artes Prefeito Pedro F\u00e1varo (rua Bar\u00e3o de Jundia\u00ed, 1.093 &#8211; Centro) <br><strong>Entrada gratuita &#8211; distribui\u00e7\u00e3o dos ingressos na bilheteria, uma hora antes do in\u00edcio do espet\u00e1culo <\/strong><\/p>\n\n\n\n<div class=\"wp-block-columns is-layout-flex wp-container-core-columns-is-layout-9d6595d7 wp-block-columns-is-layout-flex\">\n<div class=\"wp-block-column is-layout-flow wp-block-column-is-layout-flow\">\n<p><strong>Hor\u00e1rio:<\/strong> 10h<br><strong>Apresenta\u00e7\u00f5es: <\/strong><\/p>\n\n\n\n<ul class=\"wp-block-list\">\n<li>Coral Infantil Pio X &#8211; Jundia\u00ed<\/li>\n\n\n\n<li>Coral Santa Terezinha &#8211; V\u00e1rzea Paulista (SP)<\/li>\n\n\n\n<li>Coral Infantojuvenil e Adulto do C\u00e9u das Artes do Vista Alegre- programa de oficinas culturais da SMCULT<\/li>\n\n\n\n<li>Coral Infantil do Col\u00e9gio Divino Salvador &#8211; Jundia\u00ed<\/li>\n<\/ul>\n<\/div>\n\n\n\n<div class=\"wp-block-column is-layout-flow wp-block-column-is-layout-flow\">\n<p><strong>Hor\u00e1rio:<\/strong> 16h<br><strong>Apresenta\u00e7\u00f5es: <\/strong><\/p>\n\n\n\n<ul class=\"wp-block-list\">\n<li>P\u00e1ssaro Azul &#8211; Jundia\u00ed<\/li>\n\n\n\n<li>Coral Juvenil Bragan\u00e7a Paulista &#8211; Bragan\u00e7a Paulista (SP)<\/li>\n\n\n\n<li>Grupo Jovem &#8211; Projeto Canarinos da Terra Unicamp &#8211; Campinas (SP)<\/li>\n\n\n\n<li>Projeto Canarinhos da Terra &#8211; N\u00facleo Jundia\u00ed &#8211; Jundia\u00ed<\/li>\n<\/ul>\n<\/div>\n<\/div>\n\n\n\n<div style=\"height:50px\" aria-hidden=\"true\" class=\"wp-block-spacer\"><\/div>\n\n\n\n<div class=\"wp-block-columns is-layout-flex wp-container-core-columns-is-layout-9d6595d7 wp-block-columns-is-layout-flex\">\n<div class=\"wp-block-column is-layout-flow wp-block-column-is-layout-flow\">\n<p><strong>Hor\u00e1rio:<\/strong> 20h<br><strong>Apresenta\u00e7\u00f5es: <\/strong><\/p>\n\n\n\n<ul class=\"wp-block-list\">\n<li>Vozes da Vit\u00f3ria &#8211; Jundia\u00ed<\/li>\n\n\n\n<li>Vocal Receita Caseira &#8211; Piracicaba (SP)<\/li>\n\n\n\n<li>Laborat\u00f3rio Vocal &#8211; Campinas (SP)<\/li>\n\n\n\n<li>Coral Pinhalense &#8211; Esp\u00edrito Santo do Pinhal (SP)<\/li>\n\n\n\n<li>Grupo Vocal Bravo &#8211; Bauru (SP)<\/li>\n<\/ul>\n<\/div>\n\n\n\n<div class=\"wp-block-column is-layout-flow wp-block-column-is-layout-flow\"><\/div>\n<\/div>\n\n\n\n<div style=\"height:100px\" aria-hidden=\"true\" class=\"wp-block-spacer\"><\/div>\n\n\n\n<hr class=\"wp-block-separator has-alpha-channel-opacity\" \/>\n\n\n\n<h3 class=\"wp-block-heading\">Dia 05 de outubro (domingo)<\/h3>\n\n\n\n<p><strong>Local: <\/strong>Sala Gl\u00f3ria Rocha do Centro das Artes Prefeito Pedro F\u00e1varo (rua Bar\u00e3o de Jundia\u00ed, 1.093 &#8211; Centro) <br><strong>Entrada gratuita &#8211; distribui\u00e7\u00e3o dos ingressos na bilheteria, uma hora antes do in\u00edcio do espet\u00e1culo <\/strong><\/p>\n\n\n\n<div class=\"wp-block-columns is-layout-flex wp-container-core-columns-is-layout-9d6595d7 wp-block-columns-is-layout-flex\">\n<div class=\"wp-block-column is-layout-flow wp-block-column-is-layout-flow\">\n<p><strong>Hor\u00e1rio:<\/strong> 10h<br><strong>Apresenta\u00e7\u00f5es: <\/strong><\/p>\n\n\n\n<ul class=\"wp-block-list\">\n<li>Coral Acalanto &#8211; Jundia\u00ed<\/li>\n\n\n\n<li>Laborat\u00f3rio Mosaico &#8211; S\u00e3o Paulo (SP)<\/li>\n\n\n\n<li>Coral Viva Vozes de Louveira &#8211; Louveira (SP)<\/li>\n\n\n\n<li>Coral M\u00fasica \u00e9 Vida do Centro de Conviv\u00eancia do Idoso (CCI) da Argos &#8211; programa de oficinas da Secretaria de Assist\u00eancia e Desenvolvimento Social (SMADS)<\/li>\n<\/ul>\n<\/div>\n\n\n\n<div class=\"wp-block-column is-layout-flow wp-block-column-is-layout-flow\">\n<p><strong>Hor\u00e1rio:<\/strong> 20h<br><strong>Apresenta\u00e7\u00f5es: <\/strong><\/p>\n\n\n\n<ul class=\"wp-block-list\">\n<li>Madrigal Clap &#8211; Jundia\u00ed<\/li>\n\n\n\n<li>Vozes Paulistanas &#8211; S\u00e3o Paulo (SP)<\/li>\n\n\n\n<li>Madrigal Vivace de Jundia\u00ed &#8211; Jundia\u00ed<\/li>\n\n\n\n<li>Cia. Canto Vivo &#8211; Jundia\u00ed<\/li>\n\n\n\n<li>Coral Municipal de Jundia\u00ed <\/li>\n<\/ul>\n<\/div>\n<\/div>\n\n\n\n<div style=\"height:100px\" aria-hidden=\"true\" class=\"wp-block-spacer\"><\/div>\n\n\n\n<hr class=\"wp-block-separator has-alpha-channel-opacity\" \/>\n\n\n\n<p><br><br><br><\/p>\n","protected":false},"excerpt":{"rendered":"<p>A Secretaria Municipal de Cultura (SMCULT) realizou entre os dias 27 de setembro e 05 de outubro a 36\u00aa edi\u00e7\u00e3o do Encontro de Corais de Jundia\u00ed. A programa\u00e7\u00e3o foi promovida na Catedral Nossa Senhora do Desterro e na Sala Gl\u00f3ria Rocha do Centro das Artes Prefeito Pedro F\u00e1varo, em onze diferentes sess\u00f5es com entrada gratuita [&hellip;]<\/p>\n","protected":false},"author":2,"featured_media":72,"parent":0,"menu_order":0,"comment_status":"closed","ping_status":"closed","template":"","meta":{"footnotes":""},"class_list":["post-32","page","type-page","status-publish","has-post-thumbnail","hentry"],"_links":{"self":[{"href":"https:\/\/cultura.jundiai.sp.gov.br\/encontrodecorais\/wp-json\/wp\/v2\/pages\/32","targetHints":{"allow":["GET"]}}],"collection":[{"href":"https:\/\/cultura.jundiai.sp.gov.br\/encontrodecorais\/wp-json\/wp\/v2\/pages"}],"about":[{"href":"https:\/\/cultura.jundiai.sp.gov.br\/encontrodecorais\/wp-json\/wp\/v2\/types\/page"}],"author":[{"embeddable":true,"href":"https:\/\/cultura.jundiai.sp.gov.br\/encontrodecorais\/wp-json\/wp\/v2\/users\/2"}],"replies":[{"embeddable":true,"href":"https:\/\/cultura.jundiai.sp.gov.br\/encontrodecorais\/wp-json\/wp\/v2\/comments?post=32"}],"version-history":[{"count":50,"href":"https:\/\/cultura.jundiai.sp.gov.br\/encontrodecorais\/wp-json\/wp\/v2\/pages\/32\/revisions"}],"predecessor-version":[{"id":103,"href":"https:\/\/cultura.jundiai.sp.gov.br\/encontrodecorais\/wp-json\/wp\/v2\/pages\/32\/revisions\/103"}],"wp:featuredmedia":[{"embeddable":true,"href":"https:\/\/cultura.jundiai.sp.gov.br\/encontrodecorais\/wp-json\/wp\/v2\/media\/72"}],"wp:attachment":[{"href":"https:\/\/cultura.jundiai.sp.gov.br\/encontrodecorais\/wp-json\/wp\/v2\/media?parent=32"}],"curies":[{"name":"wp","href":"https:\/\/api.w.org\/{rel}","templated":true}]}}