{"id":12,"date":"2024-04-22T15:07:00","date_gmt":"2024-04-22T18:07:00","guid":{"rendered":"https:\/\/cultura.jundiai.sp.gov.br\/enredanca\/?page_id=12"},"modified":"2025-06-18T16:48:48","modified_gmt":"2025-06-18T19:48:48","slug":"edicao-2024","status":"publish","type":"page","link":"https:\/\/cultura.jundiai.sp.gov.br\/enredanca\/edicao-2024\/","title":{"rendered":"26\u00ba Enredan\u00e7a 2024"},"content":{"rendered":"\n<div style=\"height:30px\" aria-hidden=\"true\" class=\"wp-block-spacer\"><\/div>\n\n\n\n<h2 class=\"wp-block-heading has-text-align-center has-background\" style=\"background-color:#c3d124\"><a href=\"https:\/\/www.flickr.com\/photos\/prefeituradejundiai\/albums\/72177720316161972\" target=\"_blank\" rel=\"noreferrer noopener\">Confira as fotos do 26\u00ba Festival Enredan\u00e7a<\/a><\/h2>\n\n\n\n<div style=\"height:30px\" aria-hidden=\"true\" class=\"wp-block-spacer\"><\/div>\n\n\n\n<p>A 26\u00aa edi\u00e7\u00e3o do Festival Enredan\u00e7a 2024 foi realizada pela Unidade de Gest\u00e3o de Cultura (UGC) entre os dias 05 e 21 de abril. Com n\u00fameros impressionantes, a edi\u00e7\u00e3o contou com a participa\u00e7\u00e3o de mais de 1,1 mil bailarinos \u2013 cerca de 200 a mais que a edi\u00e7\u00e3o anterior \u2013 inscritos em 550 coreografias. Foram, no total, mais de 100 grupos diferentes participantes, de 21 Munic\u00edpios distintos.<\/p>\n\n\n\n<p>Os premiados desta edi\u00e7\u00e3o foram: melhor Conjunto \u2013 Categoria Infantil\/Juvenil I: \u201cCurso de F\u00e9rias\u201d (Ioazinho); melhor Conjunto \u2013 Categoria Juvenil II\/Adulto\/40+: \u201cPanela velha \u00e9 que faz cultura boa\u201d (Est\u00fadio DCA); melhor Coreografia \u2013 Categoria Infantil \/ Juvenil I: \u201cA coisa t\u00e1 boa\u201d (Premiere N\u00facleo Infantojuvenil); melhor Coreografia \u2013 Categoria Juvenil II \/ Adulto \/ 40+: \u201cInterligadas\u201d (Beatriz Vieira Studio de Dan\u00e7a); bailarina Revela\u00e7\u00e3o \u2013 Categoria Infantil\/Juvenil I: Alice Tura (Ioazinho); bailarino Revela\u00e7\u00e3o \u2013 Categoria Infantil\/Juvenil I: Pedro Henrique Barbosa Silva (Premiere N\u00facleo Infantojuvenil); melhor Bailarina \u2013 Categoria Juvenil II \/ Adulto \/ 40+: Verena Barbin (Corpo Livre); e melhor Bailarino \u2013 Categoria Juvenil II \/ Adulto \/ 40+: Felipe Costa (Corpo Livre).<\/p>\n\n\n\n<p>Pela <strong>Mostra Competitiva<\/strong>, a programa\u00e7\u00e3o foi realizada entre os dias 12 e 20 de abril, com apresenta\u00e7\u00f5es na Sala Gl\u00f3ria Rocha do Centro das Artes Prefeito Pedro F\u00e1varo e no Teatro Polytheama, onde, na noite de 21 de abril, foi realizada a entrega das premia\u00e7\u00f5es da Noite de Gala do Festival.<\/p>\n\n\n\n<p>J\u00e1 pela <strong>Mostra Paralela<\/strong>, as apresenta\u00e7\u00f5es foram realizadas entre os dias 11 a 20 de abril, em diversos palcos da cidade, como o Maxi Shopping &#8211; patrocinador do festival -, nas Emeb Comendador Hermenegildo Martinelli (Caxambu) e Ivo de Bona (Almerinda Chaves), na Sala Santos-Jundia\u00ed do Espa\u00e7o Expressa (antigo Complexo Fepasa), na Pracinha da Cultura do Vista Alegre (antigo CEU das Artes), al\u00e9m, claro, da Sala Gl\u00f3ria Rocha.<\/p>\n\n\n\n<p>As categorias da edi\u00e7\u00e3o 2024 do festival foram: Infantil (de seis a oito anos), Juvenil I (de nove a 12 anos), Juvenil II (de 13 a 16 anos), Adulto (de 17 a 39 anos) e 40+ (40 anos ou mais). J\u00e1 as modalidades ser\u00e3o: Cl\u00e1ssico de Repert\u00f3rio (Varia\u00e7\u00e3o e Paz de Deux; Grand Pas de Deux e Grand Pas de Trois; e Conjunto de Repert\u00f3rio), Cl\u00e1ssico Livre e Neocl\u00e1ssico, Contempor\u00e2neo, Dan\u00e7a Esportiva, Dan\u00e7a de Sal\u00e3o, Dan\u00e7as Populares e Folcl\u00f3ricas, Dan\u00e7a Urbana, Jazz e Sapateado Americano.<\/p>\n\n\n\n<p>Confira as programa\u00e7\u00f5es:<\/p>\n\n\n\n<div style=\"height:20px\" aria-hidden=\"true\" class=\"wp-block-spacer\"><\/div>\n\n\n\n<h2 class=\"wp-block-heading has-background\" style=\"background-color:#c3d124\">Mostra Competitiva<\/h2>\n\n\n\n<h3 class=\"wp-block-heading\"><strong>Dia 12 de abril (sexta-feira)<\/strong><\/h3>\n\n\n\n<p><strong>Hor\u00e1rio:<\/strong> 19h30<\/p>\n\n\n\n<p><strong>Local:<\/strong> Teatro Polytheama (Rua Bar\u00e3o de Jundia\u00ed, 176 \u2013 Centro)<\/p>\n\n\n\n<p>Apresenta\u00e7\u00f5es:<\/p>\n\n\n\n<ul class=\"wp-block-list\">\n<li><strong>Cia. Jovem de Dan\u00e7a &#8211; corpo art\u00edstico municipal ligado \u00e0 Unidade de Gest\u00e3o de Cultura<br><\/strong>Apresenta\u00e7\u00e3o das coreografias: &#8220;Aquilo que guardo&#8221;, de Sarah Raquel; &#8220;Mulher Jovem com os olhos fechados&#8221;, c.1890, coreografia de Alex Soares, com a colabora\u00e7\u00e3o do elenco e &#8220;Dan\u00e7a pra Lua&#8221;, coreografia de Ivan Bernardelli <\/li>\n<\/ul>\n\n\n\n<ul class=\"wp-block-list\">\n<li><strong>Apresenta\u00e7\u00f5es das modalidades Conjuntos Infantil e Jazz Juvenil I<\/strong><\/li>\n<\/ul>\n\n\n\n<div style=\"height:30px\" aria-hidden=\"true\" class=\"wp-block-spacer\"><\/div>\n\n\n\n<h3 class=\"wp-block-heading\"><strong>Dia 13 de abril (s\u00e1bado)<\/strong><\/h3>\n\n\n\n<p><strong>Hor\u00e1rio:<\/strong> 19h<\/p>\n\n\n\n<p><strong>Local:<\/strong> Sala Gl\u00f3ria Rocha do Centro das Artes Prefeito Pedro F\u00e1varo  (Rua Bar\u00e3o de Jundia\u00ed, 1093 \u2013 Centro)<\/p>\n\n\n\n<p>Apresenta\u00e7\u00f5es:<\/p>\n\n\n\n<ul class=\"wp-block-list\">\n<li><strong>Abertura com os inscritos das oficinas culturais de Dan\u00e7a da Pracinha da Cultura do Vista Alegre (antigo CEU das Artes) <\/strong><\/li>\n<\/ul>\n\n\n\n<ul class=\"wp-block-list\">\n<li><strong>Apresenta\u00e7\u00f5es das modalidades Solos, Duos e Trios Infantil e Jazz Juvenil I<\/strong><\/li>\n<\/ul>\n\n\n\n<div style=\"height:30px\" aria-hidden=\"true\" class=\"wp-block-spacer\"><\/div>\n\n\n\n<h3 class=\"wp-block-heading\"><strong>Dia 14 de abril (domingo)<\/strong><\/h3>\n\n\n\n<p><strong>Hor\u00e1rio:<\/strong> 19h<\/p>\n\n\n\n<p><strong>Local:<\/strong> Teatro Polytheama (Rua Bar\u00e3o de Jundia\u00ed, 176 \u2013 Centro)<\/p>\n\n\n\n<ul class=\"wp-block-list\">\n<li><strong>Apresenta\u00e7\u00f5es das modalidades Dan\u00e7a de Sal\u00e3o, Dan\u00e7a Esportiva e Dan\u00e7as Urbanas<\/strong><\/li>\n<\/ul>\n\n\n\n<div style=\"height:30px\" aria-hidden=\"true\" class=\"wp-block-spacer\"><\/div>\n\n\n\n<h3 class=\"wp-block-heading\"><strong>Dia 15 de abril (segunda-feira)<\/strong><\/h3>\n\n\n\n<p><strong>Hor\u00e1rio:<\/strong> 19h30<\/p>\n\n\n\n<p><strong>Local:<\/strong> Sala Gl\u00f3ria Rocha do Centro das Artes Prefeito Pedro F\u00e1varo  (Rua Bar\u00e3o de Jundia\u00ed, 1093 \u2013 Centro)<\/p>\n\n\n\n<ul class=\"wp-block-list\">\n<li><strong>Apresenta\u00e7\u00f5es das modalidades Dan\u00e7as Populares, Dan\u00e7as Folcl\u00f3ricas e Sapateado Americano<\/strong><\/li>\n<\/ul>\n\n\n\n<div style=\"height:30px\" aria-hidden=\"true\" class=\"wp-block-spacer\"><\/div>\n\n\n\n<h3 class=\"wp-block-heading\"><strong>Dia 16 de abril (ter\u00e7a-feira)<\/strong><\/h3>\n\n\n\n<p><strong>Hor\u00e1rio:<\/strong> 19h30<\/p>\n\n\n\n<p><strong>Local:<\/strong> Teatro Polytheama (Rua Bar\u00e3o de Jundia\u00ed, 176 \u2013 Centro)<\/p>\n\n\n\n<ul class=\"wp-block-list\">\n<li><strong>Apresenta\u00e7\u00f5es da modalidade Jazz Juvenil II<\/strong><\/li>\n<\/ul>\n\n\n\n<div style=\"height:30px\" aria-hidden=\"true\" class=\"wp-block-spacer\"><\/div>\n\n\n\n<h3 class=\"wp-block-heading\"><strong>Dia 17 de abril (quarta-feira)<\/strong><\/h3>\n\n\n\n<p><strong>Hor\u00e1rio:<\/strong> 19h30<\/p>\n\n\n\n<p><strong>Local:<\/strong> Teatro Polytheama (Rua Bar\u00e3o de Jundia\u00ed, 176 \u2013 Centro)<\/p>\n\n\n\n<ul class=\"wp-block-list\">\n<li><strong>Apresenta\u00e7\u00f5es das modalidades Jazz Adulto e Jazz 40+<\/strong><\/li>\n<\/ul>\n\n\n\n<div style=\"height:30px\" aria-hidden=\"true\" class=\"wp-block-spacer\"><\/div>\n\n\n\n<h3 class=\"wp-block-heading\"><strong>Dia 18 de abril (quinta-feira)<\/strong><\/h3>\n\n\n\n<p><strong>Hor\u00e1rio:<\/strong> 16h e 19h30 <\/p>\n\n\n\n<p><strong>Local:<\/strong> Teatro Polytheama (Rua Bar\u00e3o de Jundia\u00ed, 176 \u2013 Centro)<\/p>\n\n\n\n<ul class=\"wp-block-list\">\n<li><strong>Apresenta\u00e7\u00f5es da modalidade Contempor\u00e2neo<\/strong><\/li>\n<\/ul>\n\n\n\n<div style=\"height:30px\" aria-hidden=\"true\" class=\"wp-block-spacer\"><\/div>\n\n\n\n<h3 class=\"wp-block-heading\"><strong>Dia 19 de abril (sexta-feira)<\/strong><\/h3>\n\n\n\n<p><strong>Hor\u00e1rio:<\/strong> 19h30<\/p>\n\n\n\n<p><strong>Local:<\/strong> Teatro Polytheama (Rua Bar\u00e3o de Jundia\u00ed, 176 \u2013 Centro)<\/p>\n\n\n\n<ul class=\"wp-block-list\">\n<li><strong>Apresenta\u00e7\u00f5es das modalidades Cl\u00e1ssico Livre e Neocl\u00e1ssico<\/strong><\/li>\n<\/ul>\n\n\n\n<div style=\"height:30px\" aria-hidden=\"true\" class=\"wp-block-spacer\"><\/div>\n\n\n\n<h3 class=\"wp-block-heading\"><strong>Dia 20 de abril (s\u00e1bado)<\/strong><\/h3>\n\n\n\n<p><strong>Hor\u00e1rio:<\/strong> 19h<\/p>\n\n\n\n<p><strong>Local:<\/strong> Teatro Polytheama (Rua Bar\u00e3o de Jundia\u00ed, 176 \u2013 Centro)<\/p>\n\n\n\n<ul class=\"wp-block-list\">\n<li><strong>Apresenta\u00e7\u00f5es da modalidade Cl\u00e1ssico de Repert\u00f3rio<\/strong><\/li>\n<\/ul>\n\n\n\n<div style=\"height:30px\" aria-hidden=\"true\" class=\"wp-block-spacer\"><\/div>\n\n\n\n<h3 class=\"wp-block-heading\"><strong>Dia 21 de abril (domingo) <\/strong><\/h3>\n\n\n\n<h3 class=\"wp-block-heading\"><strong>Apresenta\u00e7\u00e3o do espet\u00e1culo &#8220;9 = 1 mulher&#8221;<\/strong><\/h3>\n\n\n\n<p><strong>Hor\u00e1rio:<\/strong> 15h<\/p>\n\n\n\n<p><strong>Local:<\/strong> Sala Gl\u00f3ria Rocha do Centro das Artes Prefeito Pedro F\u00e1varo  (Rua Bar\u00e3o de Jundia\u00ed, 1093 \u2013 Centro)<\/p>\n\n\n\n<p><strong>Programa\u00e7\u00e3o viabilizada pela Lei de Incentivo \u00e0 Cultura \u2013 Programa de A\u00e7\u00e3o Cultural (ProAC), da Secretaria Estadual de Cultura, Economia e Ind\u00fastria Criativas<\/strong>.<\/p>\n\n\n\n<div style=\"height:67px\" aria-hidden=\"true\" class=\"wp-block-spacer\"><\/div>\n\n\n\n<h3 class=\"wp-block-heading\"><strong>Noite de Gala <\/strong><\/h3>\n\n\n\n<p><strong>Hor\u00e1rio:<\/strong> 18h<\/p>\n\n\n\n<p><strong>Local:<\/strong> Teatro Polytheama (Rua Bar\u00e3o de Jundia\u00ed, 176 \u2013 Centro)<\/p>\n\n\n\n<ul class=\"wp-block-list\">\n<li><strong>Entrega de premia\u00e7\u00f5es para os destaques das modalidades do festival <\/strong><\/li>\n<\/ul>\n\n\n\n<div style=\"height:30px\" aria-hidden=\"true\" class=\"wp-block-spacer\"><\/div>\n\n\n\n<hr class=\"wp-block-separator has-alpha-channel-opacity\" \/>\n\n\n\n<div style=\"height:100px\" aria-hidden=\"true\" class=\"wp-block-spacer\"><\/div>\n\n\n\n<div style=\"height:30px\" aria-hidden=\"true\" class=\"wp-block-spacer\"><\/div>\n\n\n\n<h2 class=\"wp-block-heading has-background\" style=\"background-color:#c3d124\">Mostra Paralela<\/h2>\n\n\n\n<h3 class=\"wp-block-heading\"><strong>Dia 11 de abril (quinta-feira)<\/strong><\/h3>\n\n\n\n<p><strong>Hor\u00e1rio:<\/strong> das 18h \u00e0s 22h<\/p>\n\n\n\n<p><strong>Local:<\/strong> Maxi Shopping (Avenida Antonio Frederico Ozanan, 6000 &#8211; vila Rio Branco)<\/p>\n\n\n\n<div style=\"height:30px\" aria-hidden=\"true\" class=\"wp-block-spacer\"><\/div>\n\n\n\n<h3 class=\"wp-block-heading\"><strong>Dia 12 de abril (sexta-feira)<\/strong><\/h3>\n\n\n\n<p><strong>Hor\u00e1rio:<\/strong> das 13h \u00e0s 17h e das 18h \u00e0s 22h<\/p>\n\n\n\n<p><strong>Local:<\/strong> Maxi Shopping (Avenida Antonio Frederico Ozanan, 6000 &#8211; vila Rio Branco)<\/p>\n\n\n\n<div style=\"height:30px\" aria-hidden=\"true\" class=\"wp-block-spacer\"><\/div>\n\n\n\n<h3 class=\"wp-block-heading\"><strong>Dia 13 de abril (s\u00e1bado)<\/strong><\/h3>\n\n\n\n<p><strong>Hor\u00e1rio:<\/strong> das 13h \u00e0s 16h e das 19h \u00e0s 21h<\/p>\n\n\n\n<p><strong>Local:<\/strong> Maxi Shopping (Avenida Antonio Frederico Ozanan, 6000 &#8211; vila Rio Branco)<\/p>\n\n\n\n<div style=\"height:30px\" aria-hidden=\"true\" class=\"wp-block-spacer\"><\/div>\n\n\n\n<h3 class=\"wp-block-heading\"><strong>Dia 14 de abril (domingo)<\/strong><\/h3>\n\n\n\n<p><strong>Hor\u00e1rio:<\/strong> das 13h \u00e0s 16h e das 19h \u00e0s 21h<\/p>\n\n\n\n<p><strong>Local:<\/strong> Maxi Shopping (Avenida Antonio Frederico Ozanan, 6000 &#8211; vila Rio Branco)<\/p>\n\n\n\n<div style=\"height:30px\" aria-hidden=\"true\" class=\"wp-block-spacer\"><\/div>\n\n\n\n<h3 class=\"wp-block-heading\"><strong>Dia 15 de abril (segunda-feira)<\/strong><\/h3>\n\n\n\n<p><strong>Hor\u00e1rio:<\/strong> das 14h \u00e0s 18h<\/p>\n\n\n\n<p><strong>Local:<\/strong> Emeb Comendador Hermenegildo Martinelli (Avenida Jos\u00e9 Mezzalira, 400 &#8211; Jardim Vera Cruz)<\/p>\n\n\n\n<div style=\"height:30px\" aria-hidden=\"true\" class=\"wp-block-spacer\"><\/div>\n\n\n\n<h3 class=\"wp-block-heading\"><strong>Dia 16 de abril (ter\u00e7a-feira)<\/strong><\/h3>\n\n\n\n<p><strong>Hor\u00e1rio:<\/strong> das 14h \u00e0s 18h<\/p>\n\n\n\n<p><strong>Local:<\/strong> Pracinha da Cultura do Vista Alegre &#8211; antigo CEU das Artes (Rua Cabo Edvaldo Quirino Santana, s\/n)<\/p>\n\n\n\n<div style=\"height:30px\" aria-hidden=\"true\" class=\"wp-block-spacer\"><\/div>\n\n\n\n<h3 class=\"wp-block-heading\"><strong>Dia 17 de abril (quarta-feira)<\/strong><\/h3>\n\n\n\n<p><strong>Hor\u00e1rio:<\/strong> das 14h \u00e0s 18h<\/p>\n\n\n\n<p><strong>Local:<\/strong> Sala Gl\u00f3ria Rocha do Centro das Artes Prefeito Pedro F\u00e1varo (Rua Bar\u00e3o de Jundia\u00ed, 1093 &#8211; Centro)<\/p>\n\n\n\n<div style=\"height:30px\" aria-hidden=\"true\" class=\"wp-block-spacer\"><\/div>\n\n\n\n<h3 class=\"wp-block-heading\"><strong>Dia 18 de abril (quinta-feira)<\/strong><\/h3>\n\n\n\n<p><strong>Hor\u00e1rio:<\/strong> das 13h \u00e0s 18h<\/p>\n\n\n\n<p><strong>Local:<\/strong> Sala Santos-Jundia\u00ed do Espa\u00e7o Expressa &#8211; antigo Complexo Fepasa (Avenida Uni\u00e3o dos Ferrovi\u00e1rios, 1760)<\/p>\n\n\n\n<div style=\"height:30px\" aria-hidden=\"true\" class=\"wp-block-spacer\"><\/div>\n\n\n\n<h3 class=\"wp-block-heading\"><strong>Dia 19 de abril (sexta-feira)<\/strong><\/h3>\n\n\n\n<p><strong>Hor\u00e1rio:<\/strong> das 14h \u00e0s 18h<\/p>\n\n\n\n<p><strong>Local:<\/strong> Emeb Ivo de Bona (Rua Francisco Roveri, 505 &#8211; Almerinda Chaves) <\/p>\n\n\n\n<p><\/p>\n\n\n\n<div style=\"height:30px\" aria-hidden=\"true\" class=\"wp-block-spacer\"><\/div>\n\n\n\n<h3 class=\"wp-block-heading\"><strong>Dia 20 de abril (s\u00e1bado)<\/strong><\/h3>\n\n\n\n<p><strong>Hor\u00e1rio:<\/strong> das 11h \u00e0s 18h<\/p>\n\n\n\n<p><strong>Local:<\/strong>  Sala Santos-Jundia\u00ed do Espa\u00e7o Expressa &#8211; antigo Complexo Fepasa (Avenida Uni\u00e3o dos Ferrovi\u00e1rios, 1760)<\/p>\n\n\n\n<hr class=\"wp-block-separator has-alpha-channel-opacity\" \/>\n\n\n\n<div style=\"height:100px\" aria-hidden=\"true\" class=\"wp-block-spacer\"><\/div>\n\n\n\n<h2 class=\"wp-block-heading has-background\" style=\"background-color:#c3d124\">Workshops e masterclasses gratuitos<\/h2>\n\n\n\n<h3 class=\"wp-block-heading\">1<strong>7 de abril (quarta-feira)<\/strong><\/h3>\n\n\n\n<p><strong>Mesa de debate &#8211; Produ\u00e7\u00e3o Profissional na \u00c1rea da Dan\u00e7a, com Erika Novachi e Marcela Benvegnu<\/strong><\/p>\n\n\n\n<p><strong>Hor\u00e1rio:<\/strong> 17h30<\/p>\n\n\n\n<p><strong>Local: <\/strong>Sala Josette Feres do Centro das Artes Prefeito Pedro F\u00e1varo (rua Bar\u00e3o de Jundia\u00ed, 1093 &#8211; Centro)<\/p>\n\n\n\n<div style=\"height:30px\" aria-hidden=\"true\" class=\"wp-block-spacer\"><\/div>\n\n\n\n<hr class=\"wp-block-separator has-alpha-channel-opacity\" \/>\n\n\n\n<h3 class=\"wp-block-heading\"><strong>Dia 20 de abril (s\u00e1bado)<\/strong><\/h3>\n\n\n\n<p><strong>Masterclass de Ballet Cl\u00e1ssico &#8211; com a bailarina e core\u00f3grafa Ana Botafogo<\/strong><\/p>\n\n\n\n<p><strong>Hor\u00e1rios:<\/strong> 10h e 13h<\/p>\n\n\n\n<p><strong>Local: <\/strong>Sala Fepasa do Espa\u00e7o Expressa &#8211; antigo Complexo Fepasa (avenida Uni\u00e3o dos Ferrovi\u00e1rios, 1760)<\/p>\n\n\n\n<div style=\"height:30px\" aria-hidden=\"true\" class=\"wp-block-spacer\"><\/div>\n\n\n\n<hr class=\"wp-block-separator has-alpha-channel-opacity\" \/>\n\n\n\n<h3 class=\"wp-block-heading\"><strong>Dia 21 de abril (domingo)<\/strong><\/h3>\n\n\n\n<p><strong>Oficina &#8220;T\u00e9cnicas de ch\u00e3o e a import\u00e2ncia da dan\u00e7a no cen\u00e1rio brasileiro &#8211; Dan\u00e7a Contempor\u00e2nea&#8221;, com Poliane Foga\u00e7a e Yara Ludovico<\/strong><\/p>\n\n\n\n<p><strong>Hor\u00e1rio:<\/strong> 9h<\/p>\n\n\n\n<p><strong>Local: <\/strong>Sala Josette Feres do Centro das Artes Prefeito Pedro F\u00e1varo (rua Bar\u00e3o de Jundia\u00ed, 1093 &#8211; Centro)<\/p>\n\n\n\n<p>Programa\u00e7\u00e3o viabilizada pela Lei de Incentivo \u00e0 Cultura &#8211; Programa de A\u00e7\u00e3o Cultural (ProAC), da Secretaria Estadual de Cultura, Economia e Ind\u00fastria Criativas<\/p>\n\n\n\n<div style=\"height:200px\" aria-hidden=\"true\" class=\"wp-block-spacer\"><\/div>\n\n\n\n<div style=\"height:100px\" aria-hidden=\"true\" class=\"wp-block-spacer\"><\/div>\n","protected":false},"excerpt":{"rendered":"<p>Confira as fotos do 26\u00ba Festival Enredan\u00e7a A 26\u00aa edi\u00e7\u00e3o do Festival Enredan\u00e7a 2024 foi realizada pela Unidade de Gest\u00e3o de Cultura (UGC) entre os dias 05 e 21 de abril. Com n\u00fameros impressionantes, a edi\u00e7\u00e3o contou com a participa\u00e7\u00e3o de mais de 1,1 mil bailarinos \u2013 cerca de 200 a mais que a edi\u00e7\u00e3o [&hellip;]<\/p>\n","protected":false},"author":12,"featured_media":0,"parent":0,"menu_order":0,"comment_status":"closed","ping_status":"closed","template":"","meta":{"footnotes":""},"class_list":["post-12","page","type-page","status-publish","hentry"],"_links":{"self":[{"href":"https:\/\/cultura.jundiai.sp.gov.br\/enredanca\/wp-json\/wp\/v2\/pages\/12","targetHints":{"allow":["GET"]}}],"collection":[{"href":"https:\/\/cultura.jundiai.sp.gov.br\/enredanca\/wp-json\/wp\/v2\/pages"}],"about":[{"href":"https:\/\/cultura.jundiai.sp.gov.br\/enredanca\/wp-json\/wp\/v2\/types\/page"}],"author":[{"embeddable":true,"href":"https:\/\/cultura.jundiai.sp.gov.br\/enredanca\/wp-json\/wp\/v2\/users\/12"}],"replies":[{"embeddable":true,"href":"https:\/\/cultura.jundiai.sp.gov.br\/enredanca\/wp-json\/wp\/v2\/comments?post=12"}],"version-history":[{"count":8,"href":"https:\/\/cultura.jundiai.sp.gov.br\/enredanca\/wp-json\/wp\/v2\/pages\/12\/revisions"}],"predecessor-version":[{"id":85,"href":"https:\/\/cultura.jundiai.sp.gov.br\/enredanca\/wp-json\/wp\/v2\/pages\/12\/revisions\/85"}],"wp:attachment":[{"href":"https:\/\/cultura.jundiai.sp.gov.br\/enredanca\/wp-json\/wp\/v2\/media?parent=12"}],"curies":[{"name":"wp","href":"https:\/\/api.w.org\/{rel}","templated":true}]}}