{"id":177,"date":"2026-05-07T12:01:02","date_gmt":"2026-05-07T15:01:02","guid":{"rendered":"https:\/\/cultura.jundiai.sp.gov.br\/enredanca\/?page_id=177"},"modified":"2026-05-07T12:05:25","modified_gmt":"2026-05-07T15:05:25","slug":"workshops","status":"publish","type":"page","link":"https:\/\/cultura.jundiai.sp.gov.br\/enredanca\/workshops\/","title":{"rendered":"Workshops"},"content":{"rendered":"\n<p>Workshops gratuitos, oferecidos pela Secretaria Municipal de Cultura, como parte da programa\u00e7\u00e3o do 28\u00b0 FESTIVAL ENREDAN\u00c7A 2026.<\/p>\n\n\n\n<p><strong><em><a href=\"https:\/\/docs.google.com\/forms\/d\/e\/1FAIpQLSeVRmQVEiDBeqMLNpzG6K8DV8F6PLD6WJXlkFPC1m0zM9ky_w\/viewform\">INSCRI\u00c7\u00d5ES AQUI (vagas limitadas)<\/a><\/em><\/strong><\/p>\n\n\n\n<p>Ap\u00f3s as vagas serem preenchidas, voc\u00ea poder\u00e1 se inscrever para a lista de espera.<\/p>\n\n\n\n<hr class=\"wp-block-separator has-alpha-channel-opacity\" \/>\n\n\n\n<ul class=\"wp-block-list\">\n<li><strong>Aula de Ballet Cl\u00e1ssico &#8211; CAMILA ROTTA<\/strong><\/li>\n<\/ul>\n\n\n\n<p><strong>P\u00fablico-alvo<\/strong>: Bailarinos intermedi\u00e1rios e avan\u00e7ados (a partir dos 15 anos)<\/p>\n\n\n\n<p><strong>Data<\/strong>: 16\/05\/2026 (s\u00e1bado)<\/p>\n\n\n\n<p><strong>Hor\u00e1rio:<\/strong> 10h \u00e0s 12h<\/p>\n\n\n\n<p><strong>Local: <\/strong>&nbsp;Sala Fepasa do Espa\u00e7o Expressa (avenida Uni\u00e3o dos Ferrovi\u00e1rios, 1760)<\/p>\n\n\n\n<p><strong>Lota\u00e7\u00e3o:<\/strong> 25 vagas<\/p>\n\n\n\n<p><strong><em><a href=\"https:\/\/docs.google.com\/forms\/d\/e\/1FAIpQLSeVRmQVEiDBeqMLNpzG6K8DV8F6PLD6WJXlkFPC1m0zM9ky_w\/viewform\">INSCREVA-SE AQUI<\/a><\/em><\/strong><em> (vagas limitadas com lista de espera em caso de lota\u00e7\u00e3o)<\/em><\/p>\n\n\n\n<hr class=\"wp-block-separator has-alpha-channel-opacity\" \/>\n\n\n\n<ul class=\"wp-block-list\">\n<li><strong>Repert\u00f3rios &#8211; CIA JOVEM DE DAN\u00c7A DE JUNDIA\u00cd<\/strong><\/li>\n<\/ul>\n\n\n\n<p><strong>P\u00fablico-alvo<\/strong>: Bailarinos intermedi\u00e1rios e avan\u00e7ados (a partir dos 15 anos)<\/p>\n\n\n\n<p><strong>Data<\/strong>: 17\/05\/2026 (domingo)<\/p>\n\n\n\n<p><strong>Hor\u00e1rio:<\/strong> 10h \u00e0s 12h (sala dispon\u00edvel a partir das 9h para aquecimento individual)<\/p>\n\n\n\n<p><strong>Local: <\/strong>Sala Fepasa do Espa\u00e7o Expressa (avenida Uni\u00e3o dos Ferrovi\u00e1rios, 1760)<\/p>\n\n\n\n<p><strong>Lota\u00e7\u00e3o:<\/strong> 25 vagas<\/p>\n\n\n\n<p><strong><em><a href=\"https:\/\/docs.google.com\/forms\/d\/e\/1FAIpQLSeVRmQVEiDBeqMLNpzG6K8DV8F6PLD6WJXlkFPC1m0zM9ky_w\/viewform\">INSCREVA-SE AQUI<\/a><\/em><\/strong><em> (vagas limitadas com lista de espera em caso de lota\u00e7\u00e3o)<\/em><\/p>\n\n\n\n<hr class=\"wp-block-separator has-alpha-channel-opacity\" \/>\n\n\n\n<ul class=\"wp-block-list\">\n<li><strong>Masterclass &#8211; VITOR ROSA<\/strong> &#8211; Composi\u00e7\u00f5es do corpo no espa\u00e7o\/tempo <em>(a partir de 15 anos)<\/em><\/li>\n<\/ul>\n\n\n\n<p><strong>Data<\/strong>: 30\/05\/22026 (s\u00e1bado)<\/p>\n\n\n\n<p><strong>Hor\u00e1rio:<\/strong> 9h \u00e0s 12h<\/p>\n\n\n\n<p><strong>Local: <\/strong>Sala Fepasa do Espa\u00e7o Expressa (Av. Uni\u00e3o dos Ferrovi\u00e1rios, 1760)<\/p>\n\n\n\n<p><strong>Lota\u00e7\u00e3o:<\/strong> 40 vagas<\/p>\n\n\n\n<p>Pr\u00e1tica de exerc\u00edcios de conscientiza\u00e7\u00e3o e sensibiliza\u00e7\u00e3o corporal atrelada a t\u00e9cnica de dan\u00e7a contempor\u00e2nea. O estudo do dom\u00ednio das alavancas necess\u00e1rias para mover pelo espa\u00e7o e texturiza\u00e7\u00e3o do movimento com qualidades diversas. Voltado para a improvisa\u00e7\u00e3o com teoria e pr\u00e1tica para an\u00e1lise e execu\u00e7\u00e3o de elementos de composi\u00e7\u00e3o corporal e espacial com olhar para as infinitas possibilidades da dan\u00e7a que se aplicam na versatilidade necess\u00e1ria para bailarinos profissionais de todos os \u00e2mbitos. Para quem almeja tamb\u00e9m o exerc\u00edcio de cria\u00e7\u00e3o em dan\u00e7a, a a\u00e7\u00e3o vai pensar o corpo em sua capacidade de se tornar o elemento de composi\u00e7\u00e3o necess\u00e1rio para a cria\u00e7\u00e3o de imagens, signos e paisagens visuais.<\/p>\n\n\n\n<p><strong><em><a href=\"https:\/\/docs.google.com\/forms\/d\/e\/1FAIpQLSeVRmQVEiDBeqMLNpzG6K8DV8F6PLD6WJXlkFPC1m0zM9ky_w\/viewform\">INSCREVA-SE AQUI<\/a><\/em><\/strong><em> (vagas limitadas com lista de espera em caso de lota\u00e7\u00e3o)<\/em><\/p>\n\n\n\n<hr class=\"wp-block-separator has-alpha-channel-opacity\" \/>\n\n\n\n<ul class=\"wp-block-list\">\n<li><strong>Masterclass &#8211; MALKI PINSAG<\/strong> &#8211; Conceitos de corpo, dan\u00e7a e cria\u00e7\u00e3o <em>(a partir de 15 anos)<\/em><\/li>\n<\/ul>\n\n\n\n<p><strong>Data<\/strong>: 30\/05\/22026 (s\u00e1bado)<\/p>\n\n\n\n<p><strong>Hor\u00e1rio:<\/strong> 14h \u00e0s 17h<\/p>\n\n\n\n<p><strong>Local: <\/strong>Sala Fepasa do Espa\u00e7o Expressa (Av. Uni\u00e3o dos Ferrovi\u00e1rios, 1760)<\/p>\n\n\n\n<p><strong>Lota\u00e7\u00e3o:<\/strong> 40 vagas<\/p>\n\n\n\n<p>Estudo t\u00e9cnico de cria\u00e7\u00e3o c\u00eanica&nbsp; atrav\u00e9s da dan\u00e7a contempor\u00e2nea. Com base na improvisa\u00e7\u00e3o guiada trazendo conceitos de consci\u00eancia corporal, ativa\u00e7\u00e3o do espa\u00e7o e rela\u00e7\u00f5es&nbsp; de comunidade e coopera\u00e7\u00e3o seguidos de sequ\u00eancias pr\u00e9 estabelecidas,&nbsp; buscando dom\u00ednio nas entradas e sa\u00eddas do ch\u00e3o, e a experimenta\u00e7\u00e3o de qualidades diversas tanto nas texturas de movimento, na musicalidade e na apropria\u00e7\u00e3o dessa linguagem tamb\u00e9m como ferramenta para cria\u00e7\u00e3o c\u00eanica partilhando ferramentas de composi\u00e7\u00e3o c\u00eanica, visualiza\u00e7\u00e3o de paisagens, atmosferas sonoras, significados e significantes como Cena.<\/p>\n\n\n\n<p><strong><em><a href=\"https:\/\/docs.google.com\/forms\/d\/e\/1FAIpQLSeVRmQVEiDBeqMLNpzG6K8DV8F6PLD6WJXlkFPC1m0zM9ky_w\/viewform\">INSCREVA-SE AQUI<\/a><\/em><\/strong><em> (vagas limitadas com lista de espera em caso de lota\u00e7\u00e3o)<\/em><\/p>\n","protected":false},"excerpt":{"rendered":"<p>Workshops gratuitos, oferecidos pela Secretaria Municipal de Cultura, como parte da programa\u00e7\u00e3o do 28\u00b0 FESTIVAL ENREDAN\u00c7A 2026. INSCRI\u00c7\u00d5ES AQUI (vagas limitadas) Ap\u00f3s as vagas serem preenchidas, voc\u00ea poder\u00e1 se inscrever para a lista de espera. P\u00fablico-alvo: Bailarinos intermedi\u00e1rios e avan\u00e7ados (a partir dos 15 anos) Data: 16\/05\/2026 (s\u00e1bado) Hor\u00e1rio: 10h \u00e0s 12h Local: &nbsp;Sala Fepasa [&hellip;]<\/p>\n","protected":false},"author":5,"featured_media":0,"parent":0,"menu_order":0,"comment_status":"closed","ping_status":"closed","template":"","meta":{"footnotes":""},"class_list":["post-177","page","type-page","status-publish","hentry"],"_links":{"self":[{"href":"https:\/\/cultura.jundiai.sp.gov.br\/enredanca\/wp-json\/wp\/v2\/pages\/177","targetHints":{"allow":["GET"]}}],"collection":[{"href":"https:\/\/cultura.jundiai.sp.gov.br\/enredanca\/wp-json\/wp\/v2\/pages"}],"about":[{"href":"https:\/\/cultura.jundiai.sp.gov.br\/enredanca\/wp-json\/wp\/v2\/types\/page"}],"author":[{"embeddable":true,"href":"https:\/\/cultura.jundiai.sp.gov.br\/enredanca\/wp-json\/wp\/v2\/users\/5"}],"replies":[{"embeddable":true,"href":"https:\/\/cultura.jundiai.sp.gov.br\/enredanca\/wp-json\/wp\/v2\/comments?post=177"}],"version-history":[{"count":5,"href":"https:\/\/cultura.jundiai.sp.gov.br\/enredanca\/wp-json\/wp\/v2\/pages\/177\/revisions"}],"predecessor-version":[{"id":182,"href":"https:\/\/cultura.jundiai.sp.gov.br\/enredanca\/wp-json\/wp\/v2\/pages\/177\/revisions\/182"}],"wp:attachment":[{"href":"https:\/\/cultura.jundiai.sp.gov.br\/enredanca\/wp-json\/wp\/v2\/media?parent=177"}],"curies":[{"name":"wp","href":"https:\/\/api.w.org\/{rel}","templated":true}]}}