{"id":205,"date":"2026-05-15T12:19:18","date_gmt":"2026-05-15T15:19:18","guid":{"rendered":"https:\/\/cultura.jundiai.sp.gov.br\/enredanca\/?page_id=205"},"modified":"2026-05-16T18:39:17","modified_gmt":"2026-05-16T21:39:17","slug":"jurados","status":"publish","type":"page","link":"https:\/\/cultura.jundiai.sp.gov.br\/enredanca\/jurados\/","title":{"rendered":"Jurados"},"content":{"rendered":"\n<div class=\"wp-block-columns is-layout-flex wp-container-core-columns-is-layout-9d6595d7 wp-block-columns-is-layout-flex\">\n<div class=\"wp-block-column is-layout-flow wp-block-column-is-layout-flow\">\n<hr class=\"wp-block-separator has-alpha-channel-opacity\" \/>\n<\/div>\n<\/div>\n\n\n\n<h3 class=\"wp-block-heading\">Jurados na modalidade &#8220;Sapateado Americano (Tap Dance)&#8221;, dia 15 de maio<\/h3>\n\n\n\n<div class=\"wp-block-columns is-layout-flex wp-container-core-columns-is-layout-9d6595d7 wp-block-columns-is-layout-flex\">\n<div class=\"wp-block-column is-layout-flow wp-block-column-is-layout-flow\">\n<figure class=\"wp-block-image size-full\"><img loading=\"lazy\" decoding=\"async\" width=\"683\" height=\"671\" src=\"https:\/\/cultura.jundiai.sp.gov.br\/enredanca\/wp-content\/uploads\/sites\/7\/2026\/05\/cadac.jpeg\" alt=\"\" class=\"wp-image-215\" \/><\/figure>\n\n\n\n<h2 class=\"wp-block-heading\">Chris Matallo<\/h2>\n\n\n\n<p>Graduada e p\u00f3s-graduada pela UNICAMP e mestre em Artes da Cena pela C\u00e9lia Helena Centro de Artes e Educa\u00e7\u00e3o. Sapateadora, core\u00f3grafa e musicista, atua internacionalmente com projetos de dan\u00e7a e m\u00fasica, al\u00e9m de realizar o Brasil International Tap Festival desde 1999.<\/p>\n<\/div>\n\n\n\n<div class=\"wp-block-column is-layout-flow wp-block-column-is-layout-flow\">\n<figure class=\"wp-block-image size-full\"><img loading=\"lazy\" decoding=\"async\" width=\"426\" height=\"471\" src=\"https:\/\/cultura.jundiai.sp.gov.br\/enredanca\/wp-content\/uploads\/sites\/7\/2026\/05\/sssssssssssssssssssss.jpeg\" alt=\"\" class=\"wp-image-239\" style=\"aspect-ratio:0.9530434782608695\" \/><\/figure>\n\n\n\n<h2 class=\"wp-block-heading\">Juliana Garcia<\/h2>\n\n\n\n<p>Sapateadora, professora e core\u00f3grafa h\u00e1 30 anos. P\u00f3s-graduada em Psicopedagogia, possui experi\u00eancia internacional e atua\u00e7\u00e3o em companhias de sapateado nos Estados Unidos. Atualmente dirige o Studio de Sapateado Juliana Garcia e organiza o festival Spring Tap, em Ribeir\u00e3o Preto.<\/p>\n<\/div>\n\n\n\n<div class=\"wp-block-column is-layout-flow wp-block-column-is-layout-flow\">\n<figure class=\"wp-block-image size-full\"><img loading=\"lazy\" decoding=\"async\" width=\"1200\" height=\"1173\" src=\"https:\/\/cultura.jundiai.sp.gov.br\/enredanca\/wp-content\/uploads\/sites\/7\/2026\/05\/xzcvxcvzxcv-1.jpeg\" alt=\"\" class=\"wp-image-220\" srcset=\"https:\/\/cultura.jundiai.sp.gov.br\/enredanca\/wp-content\/uploads\/sites\/7\/2026\/05\/xzcvxcvzxcv-1.jpeg 1200w, https:\/\/cultura.jundiai.sp.gov.br\/enredanca\/wp-content\/uploads\/sites\/7\/2026\/05\/xzcvxcvzxcv-1-982x960.jpeg 982w, https:\/\/cultura.jundiai.sp.gov.br\/enredanca\/wp-content\/uploads\/sites\/7\/2026\/05\/xzcvxcvzxcv-1-768x751.jpeg 768w\" sizes=\"auto, (max-width: 1200px) 100vw, 1200px\" \/><\/figure>\n\n\n\n<h2 class=\"wp-block-heading\">Marchina<\/h2>\n\n\n\n<p>Professora, core\u00f3grafa e sapateadora, licenciada em Educa\u00e7\u00e3o F\u00edsica pela USP e com p\u00f3s-gradua\u00e7\u00e3o em Dan\u00e7a pelo American Dance Festival. Fundadora da primeira companhia de sapateado americano do Brasil, criou o M\u00e9todo Marchina de ensino de Sapateado Americano e atualmente dirige a Cia Marchina Traditional Tap.<\/p>\n<\/div>\n<\/div>\n\n\n\n<hr class=\"wp-block-separator has-alpha-channel-opacity\" \/>\n\n\n\n<h3 class=\"wp-block-heading\">Jurados na modalidade &#8220;Dan\u00e7as Populares\/Folcl\u00f3ricas e Dan\u00e7as \u00c9tnicas\/Fus\u00f5es&#8221;, dia 16 de maio<\/h3>\n\n\n\n<div class=\"wp-block-columns is-layout-flex wp-container-core-columns-is-layout-9d6595d7 wp-block-columns-is-layout-flex\">\n<div class=\"wp-block-column is-layout-flow wp-block-column-is-layout-flow\">\n<figure class=\"wp-block-image size-full\"><img loading=\"lazy\" decoding=\"async\" width=\"853\" height=\"799\" src=\"https:\/\/cultura.jundiai.sp.gov.br\/enredanca\/wp-content\/uploads\/sites\/7\/2026\/05\/jjjjjjjjjjjjjjjjj.jpeg\" alt=\"\" class=\"wp-image-245\" srcset=\"https:\/\/cultura.jundiai.sp.gov.br\/enredanca\/wp-content\/uploads\/sites\/7\/2026\/05\/jjjjjjjjjjjjjjjjj.jpeg 853w, https:\/\/cultura.jundiai.sp.gov.br\/enredanca\/wp-content\/uploads\/sites\/7\/2026\/05\/jjjjjjjjjjjjjjjjj-768x719.jpeg 768w\" sizes=\"auto, (max-width: 853px) 100vw, 853px\" \/><\/figure>\n\n\n\n<h2 class=\"wp-block-heading\">Elaine Jalilah<\/h2>\n\n\n\n<p>Atua h\u00e1 22 anos na dan\u00e7a, sendo 15 deles como professora e core\u00f3grafa, com destaque nas dan\u00e7as \u00e1rabes e influ\u00eancias afro. Diretora de sua pr\u00f3pria escola em Araraquara (SP), \u00e9 realizadora do FADDA Festival Araraquarense de Dan\u00e7as \u00c1rabes e possui diversos t\u00edtulos em competi\u00e7\u00f5es nacionais.<\/p>\n<\/div>\n\n\n\n<div class=\"wp-block-column is-layout-flow wp-block-column-is-layout-flow\">\n<figure class=\"wp-block-image size-full\"><img loading=\"lazy\" decoding=\"async\" width=\"1200\" height=\"1390\" src=\"https:\/\/cultura.jundiai.sp.gov.br\/enredanca\/wp-content\/uploads\/sites\/7\/2026\/05\/llllllllllllllllll.jpeg\" alt=\"\" class=\"wp-image-246\" style=\"aspect-ratio:0.9530434782608695\" srcset=\"https:\/\/cultura.jundiai.sp.gov.br\/enredanca\/wp-content\/uploads\/sites\/7\/2026\/05\/llllllllllllllllll.jpeg 1200w, https:\/\/cultura.jundiai.sp.gov.br\/enredanca\/wp-content\/uploads\/sites\/7\/2026\/05\/llllllllllllllllll-829x960.jpeg 829w, https:\/\/cultura.jundiai.sp.gov.br\/enredanca\/wp-content\/uploads\/sites\/7\/2026\/05\/llllllllllllllllll-768x890.jpeg 768w\" sizes=\"auto, (max-width: 1200px) 100vw, 1200px\" \/><\/figure>\n\n\n\n<h2 class=\"wp-block-heading\">Deca Madureira<\/h2>\n\n\n\n<p>\u00c9 \u00e9 diretor, core\u00f3grafo, bailarino, m\u00fasico e professor, com trajet\u00f3ria ligada \u00e0s artes populares brasileiras, especialmente \u00e0 cultura nordestina. Fundador da Cia. Bras\u00edlica, desenvolve trabalhos que unem dan\u00e7a, m\u00fasica popular e influ\u00eancias contempor\u00e2neas, al\u00e9m de liderar a Orquestra Multicultural Bras\u00edlica.<\/p>\n<\/div>\n\n\n\n<div class=\"wp-block-column is-layout-flow wp-block-column-is-layout-flow\">\n<figure class=\"wp-block-image size-full\"><img loading=\"lazy\" decoding=\"async\" width=\"1066\" height=\"1064\" src=\"https:\/\/cultura.jundiai.sp.gov.br\/enredanca\/wp-content\/uploads\/sites\/7\/2026\/05\/QUIARA-JOFRE-1.jpeg\" alt=\"\" class=\"wp-image-249\" srcset=\"https:\/\/cultura.jundiai.sp.gov.br\/enredanca\/wp-content\/uploads\/sites\/7\/2026\/05\/QUIARA-JOFRE-1.jpeg 1066w, https:\/\/cultura.jundiai.sp.gov.br\/enredanca\/wp-content\/uploads\/sites\/7\/2026\/05\/QUIARA-JOFRE-1-962x960.jpeg 962w, https:\/\/cultura.jundiai.sp.gov.br\/enredanca\/wp-content\/uploads\/sites\/7\/2026\/05\/QUIARA-JOFRE-1-100x100.jpeg 100w, https:\/\/cultura.jundiai.sp.gov.br\/enredanca\/wp-content\/uploads\/sites\/7\/2026\/05\/QUIARA-JOFRE-1-768x767.jpeg 768w\" sizes=\"auto, (max-width: 1066px) 100vw, 1066px\" \/><\/figure>\n\n\n\n<h2 class=\"wp-block-heading\">Marchina<\/h2>\n\n\n\n<p>Artista da cena, arte-educadora, pedagoga e p\u00f3s-graduada em Metodologia do Ensino da M\u00fasica e Dan\u00e7a Educacional. Atua como professora, core\u00f3grafa e pesquisadora das culturas populares brasileiras e dan\u00e7as afro-brasileiras, integrando importantes companhias e projetos art\u00edsticos ligados \u00e0 dan\u00e7a, teatro e cultura popular.<\/p>\n<\/div>\n<\/div>\n\n\n\n<div class=\"wp-block-columns is-layout-flex wp-container-core-columns-is-layout-9d6595d7 wp-block-columns-is-layout-flex\"><\/div>\n","protected":false},"excerpt":{"rendered":"<p>Jurados na modalidade &#8220;Sapateado Americano (Tap Dance)&#8221;, dia 15 de maio Chris Matallo Graduada e p\u00f3s-graduada pela UNICAMP e mestre em Artes da Cena pela C\u00e9lia Helena Centro de Artes e Educa\u00e7\u00e3o. Sapateadora, core\u00f3grafa e musicista, atua internacionalmente com projetos de dan\u00e7a e m\u00fasica, al\u00e9m de realizar o Brasil International Tap Festival desde 1999. Juliana [&hellip;]<\/p>\n","protected":false},"author":5,"featured_media":0,"parent":0,"menu_order":0,"comment_status":"closed","ping_status":"closed","template":"","meta":{"footnotes":""},"class_list":["post-205","page","type-page","status-publish","hentry"],"_links":{"self":[{"href":"https:\/\/cultura.jundiai.sp.gov.br\/enredanca\/wp-json\/wp\/v2\/pages\/205","targetHints":{"allow":["GET"]}}],"collection":[{"href":"https:\/\/cultura.jundiai.sp.gov.br\/enredanca\/wp-json\/wp\/v2\/pages"}],"about":[{"href":"https:\/\/cultura.jundiai.sp.gov.br\/enredanca\/wp-json\/wp\/v2\/types\/page"}],"author":[{"embeddable":true,"href":"https:\/\/cultura.jundiai.sp.gov.br\/enredanca\/wp-json\/wp\/v2\/users\/5"}],"replies":[{"embeddable":true,"href":"https:\/\/cultura.jundiai.sp.gov.br\/enredanca\/wp-json\/wp\/v2\/comments?post=205"}],"version-history":[{"count":15,"href":"https:\/\/cultura.jundiai.sp.gov.br\/enredanca\/wp-json\/wp\/v2\/pages\/205\/revisions"}],"predecessor-version":[{"id":250,"href":"https:\/\/cultura.jundiai.sp.gov.br\/enredanca\/wp-json\/wp\/v2\/pages\/205\/revisions\/250"}],"wp:attachment":[{"href":"https:\/\/cultura.jundiai.sp.gov.br\/enredanca\/wp-json\/wp\/v2\/media?parent=205"}],"curies":[{"name":"wp","href":"https:\/\/api.w.org\/{rel}","templated":true}]}}