{"id":23,"date":"2024-04-26T11:24:00","date_gmt":"2024-04-26T14:24:00","guid":{"rendered":"https:\/\/cultura.jundiai.sp.gov.br\/enredanca\/?page_id=23"},"modified":"2025-09-25T10:50:42","modified_gmt":"2025-09-25T13:50:42","slug":"edital-e-documentos","status":"publish","type":"page","link":"https:\/\/cultura.jundiai.sp.gov.br\/enredanca\/enredanca-2025\/edital-e-documentos\/","title":{"rendered":"Edital e documentos"},"content":{"rendered":"\n<p><strong>27\u00ba FESTIVAL ENREDAN\u00c7A<br>Per\u00edodo de inscri\u00e7\u00f5es:<\/strong>\u00a0de 20 de junho a 08 de agosto de 2025<br><a href=\"https:\/\/cultura.jundiai.sp.gov.br\/wp-content\/uploads\/2025\/06\/Edital-27o-ENREDANCA-2025.pdf\" target=\"_blank\" rel=\"noreferrer noopener\"><\/a><a href=\"https:\/\/cultura.jundiai.sp.gov.br\/wp-content\/uploads\/2025\/07\/Edital-Retificado-27o-ENREDANCA-2025.pdf\" target=\"_blank\" rel=\"noreferrer noopener\">Edital n\u00ba 07\/2025<\/a> <strong>&#8211; RETIFICADO<\/strong><br><a href=\"https:\/\/cultura.jundiai.sp.gov.br\/wp-content\/uploads\/2025\/06\/extrato_enredanca_2025-3.pdf\" target=\"_blank\" rel=\"noreferrer noopener\">Extrato da Imprensa Oficial<\/a> <br><a href=\"https:\/\/docs.google.com\/forms\/d\/e\/1FAIpQLSfA1s_TDim7Ic8tE6mb9IB0sSI_GsffX8zyNCCB_jBFOPGXWg\/closedform\" target=\"_blank\" rel=\"noreferrer noopener\">Formul\u00e1rio de inscri\u00e7\u00e3o de bailarino(a)<\/a><br><a href=\"https:\/\/docs.google.com\/forms\/d\/e\/1FAIpQLSdtRmWipJ4WPr3nKr9XsnZKfBPTjSkWU7PAXFN0MM0kwzhIBw\/closedform\" target=\"_blank\" rel=\"noreferrer noopener\">Formul\u00e1rio de inscri\u00e7\u00e3o de coreografia<\/a><br><strong>Anexo 1 \u2013\u00a0<\/strong><a href=\"https:\/\/cultura.jundiai.sp.gov.br\/wp-content\/uploads\/2025\/06\/Anexo-I-Recibo-de-Premiacao-Cultural-Enredanca-2025.docx.pdf\" target=\"_blank\" rel=\"noreferrer noopener\">Recibo de pagamento de premia\u00e7\u00e3o<\/a><br><strong>Anexo 2 &#8211;<\/strong> <a href=\"https:\/\/cultura.jundiai.sp.gov.br\/wp-content\/uploads\/2025\/06\/Anexo-II-Declaracao-de-Representacao-ENREDANCA-2025.pdf\" target=\"_blank\" rel=\"noreferrer noopener\">Declara\u00e7\u00e3o de representa\u00e7\u00e3o de grupo ou coletivo<\/a><br><strong><a href=\"https:\/\/cultura.jundiai.sp.gov.br\/wp-content\/uploads\/2025\/07\/Retificacao-Edital-Enredanca.pdf\" target=\"_blank\" rel=\"noreferrer noopener\">Retifica\u00e7\u00e3o do edital<\/a><br><\/strong>Resultados de habilita\u00e7\u00e3o (<a href=\"https:\/\/cultura.jundiai.sp.gov.br\/enredanca\/wp-content\/uploads\/sites\/7\/2025\/09\/Fase-de-Habilitados-Imprensa-15.08-1.pdf\">15\/08<\/a> e <a href=\"https:\/\/cultura.jundiai.sp.gov.br\/enredanca\/wp-content\/uploads\/sites\/7\/2025\/09\/Fase-de-Habilitacao-dos-Recursos-Imprensa-22.08-1.pdf\">22\/08<\/a>)<br><a href=\"https:\/\/cultura.jundiai.sp.gov.br\/wp-content\/uploads\/2025\/09\/Publicacao_Premiacao-Enredanca-2025.pdf\" target=\"_blank\" rel=\"noreferrer noopener\">Extrato de premia\u00e7\u00e3o<\/a><strong> &#8211; NOVO<\/strong><br><a href=\"https:\/\/cultura.jundiai.sp.gov.br\/wp-content\/uploads\/2025\/09\/Premios-Especiais-21_09-GALA-ENREDANCA.pdf\" target=\"_blank\" rel=\"noreferrer noopener\">Premia\u00e7\u00e3o especial do festival<\/a><strong> &#8211; NOVO<\/strong><\/p>\n\n\n\n<div style=\"height:100px\" aria-hidden=\"true\" class=\"wp-block-spacer\"><\/div>\n\n\n\n<hr class=\"wp-block-separator has-alpha-channel-opacity\" \/>\n\n\n\n<p><strong>Edi\u00e7\u00f5es anteriores: <\/strong><\/p>\n\n\n\n<p><strong>26\u00aa ENREDAN\u00c7A 2024 &#8211; INSCRI\u00c7\u00d5ES PARA BAILARINOS E COREOGRAFIAS<br><\/strong>Per\u00edodo de inscri\u00e7\u00e3o: <strong>de 29 de janeiro a 19 de mar\u00e7o de 2024<\/strong><br><a href=\"https:\/\/cultura.jundiai.sp.gov.br\/wp-content\/uploads\/2024\/01\/Edital-26o-ENREDANCA-2024.pdf\" target=\"_blank\" rel=\"noreferrer noopener\"><strong>Edital n\u00ba 01\/2024<\/strong><\/a><br><a href=\"https:\/\/docs.google.com\/forms\/d\/e\/1FAIpQLSdrwJF6DxPVYWZozhPEH0H-crxJhV0Vh7MOFcBbs8zT5ux0Pw\/closedform\" target=\"_blank\" rel=\"noreferrer noopener\"><strong>Formul\u00e1rio de inscri\u00e7\u00e3o para bailarinos<\/strong><\/a><br><a href=\"https:\/\/docs.google.com\/forms\/d\/e\/1FAIpQLSdpsQ0NbjFbpjOznIvOJFoEawJv7Rbm5siOKGpH3Hf0LkkqGw\/closedform\" target=\"_blank\" rel=\"noreferrer noopener\"><strong>Formul\u00e1rio de inscri\u00e7\u00e3o para coreografias<\/strong><\/a><br>Anexo 1 &#8211;<strong> <a href=\"https:\/\/cultura.jundiai.sp.gov.br\/wp-content\/uploads\/2024\/01\/Anexo-I-Cessao-de-Imagem-Enredanca-2024.pdf\" target=\"_blank\" rel=\"noreferrer noopener\">Termo de Autoriza\u00e7\u00e3o de cess\u00e3o de direitos autorais, de imagem e participa\u00e7\u00e3o<\/a><\/strong><br>Anexo 2 &#8211;<strong> <a href=\"https:\/\/cultura.jundiai.sp.gov.br\/wp-content\/uploads\/2024\/01\/Anexo-II-Ficha-de-dados-para-pagamento-de-premios-Enredanca-2024.pdf\" target=\"_blank\" rel=\"noreferrer noopener\">Ficha de dados para libera\u00e7\u00e3o de pr\u00eamios<\/a><br><\/strong>Anexo 3 &#8211;<strong> <a href=\"https:\/\/cultura.jundiai.sp.gov.br\/wp-content\/uploads\/2024\/01\/Anexo-III-Recibo-de-pagamento-de-premiacao-Enredanca-2024.pdf\" target=\"_blank\" rel=\"noreferrer noopener\">Recibo de pagamento de premia\u00e7\u00e3o<\/a><\/strong><br><strong><a href=\"https:\/\/cultura.jundiai.sp.gov.br\/wp-content\/uploads\/2024\/01\/Publicacao-Portaria-CAC-e-CAC-Patrocinio.pdf\" target=\"_blank\" rel=\"noreferrer noopener\">Portaria n\u00ba 02\/2024 &#8211; Comiss\u00e3o Organizadora<\/a> <br><a href=\"https:\/\/cultura.jundiai.sp.gov.br\/wp-content\/uploads\/2024\/01\/Publicacao-Portaria-CAC-e-CAC-Patrocinio.pdf\" target=\"_blank\" rel=\"noreferrer noopener\">Portaria n\u00ba 03\/2024 &#8211; Comiss\u00e3o de Sele\u00e7\u00e3o<\/a><\/strong> <br><a href=\"https:\/\/cultura.jundiai.sp.gov.br\/wp-content\/uploads\/2024\/02\/Publicacao_Edital_Patrocinio_enredanca.pdf\" target=\"_blank\" rel=\"noreferrer noopener\"><strong>Edital de Patroc\u00ednio<\/strong><\/a> <br><strong><a href=\"https:\/\/cultura.jundiai.sp.gov.br\/wp-content\/uploads\/2024\/03\/Publicacao_habilitados-e-inab.-ENREDANCA.pdf\" target=\"_blank\" rel=\"noreferrer noopener\">Extrato de julgamento de habilita\u00e7\u00e3o e inabilita\u00e7\u00e3o<\/a>&nbsp;<\/strong><br><strong><a href=\"https:\/\/cultura.jundiai.sp.gov.br\/wp-content\/uploads\/2024\/04\/Publicacao_habilitados_ENREDANCA.pdf\">Lista de habilitados p\u00f3s recurso<\/a> <\/strong><br><a href=\"https:\/\/cultura.jundiai.sp.gov.br\/wp-content\/uploads\/2024\/04\/Extrato-de-Resultado-das-Premiacoes.pdf\">Extrato do resultado das premia\u00e7\u00f5es<\/a><\/p>\n","protected":false},"excerpt":{"rendered":"<p>27\u00ba FESTIVAL ENREDAN\u00c7APer\u00edodo de inscri\u00e7\u00f5es:\u00a0de 20 de junho a 08 de agosto de 2025Edital n\u00ba 07\/2025 &#8211; RETIFICADOExtrato da Imprensa Oficial Formul\u00e1rio de inscri\u00e7\u00e3o de bailarino(a)Formul\u00e1rio de inscri\u00e7\u00e3o de coreografiaAnexo 1 \u2013\u00a0Recibo de pagamento de premia\u00e7\u00e3oAnexo 2 &#8211; Declara\u00e7\u00e3o de representa\u00e7\u00e3o de grupo ou coletivoRetifica\u00e7\u00e3o do editalResultados de habilita\u00e7\u00e3o (15\/08 e 22\/08)Extrato de premia\u00e7\u00e3o &#8211; [&hellip;]<\/p>\n","protected":false},"author":12,"featured_media":0,"parent":68,"menu_order":0,"comment_status":"closed","ping_status":"closed","template":"","meta":{"footnotes":""},"class_list":["post-23","page","type-page","status-publish","hentry"],"_links":{"self":[{"href":"https:\/\/cultura.jundiai.sp.gov.br\/enredanca\/wp-json\/wp\/v2\/pages\/23","targetHints":{"allow":["GET"]}}],"collection":[{"href":"https:\/\/cultura.jundiai.sp.gov.br\/enredanca\/wp-json\/wp\/v2\/pages"}],"about":[{"href":"https:\/\/cultura.jundiai.sp.gov.br\/enredanca\/wp-json\/wp\/v2\/types\/page"}],"author":[{"embeddable":true,"href":"https:\/\/cultura.jundiai.sp.gov.br\/enredanca\/wp-json\/wp\/v2\/users\/12"}],"replies":[{"embeddable":true,"href":"https:\/\/cultura.jundiai.sp.gov.br\/enredanca\/wp-json\/wp\/v2\/comments?post=23"}],"version-history":[{"count":10,"href":"https:\/\/cultura.jundiai.sp.gov.br\/enredanca\/wp-json\/wp\/v2\/pages\/23\/revisions"}],"predecessor-version":[{"id":160,"href":"https:\/\/cultura.jundiai.sp.gov.br\/enredanca\/wp-json\/wp\/v2\/pages\/23\/revisions\/160"}],"up":[{"embeddable":true,"href":"https:\/\/cultura.jundiai.sp.gov.br\/enredanca\/wp-json\/wp\/v2\/pages\/68"}],"wp:attachment":[{"href":"https:\/\/cultura.jundiai.sp.gov.br\/enredanca\/wp-json\/wp\/v2\/media?parent=23"}],"curies":[{"name":"wp","href":"https:\/\/api.w.org\/{rel}","templated":true}]}}