{"id":27,"date":"2024-04-22T09:53:00","date_gmt":"2024-04-22T12:53:00","guid":{"rendered":"https:\/\/cultura.jundiai.sp.gov.br\/enredanca\/?page_id=27"},"modified":"2024-09-26T12:58:49","modified_gmt":"2024-09-26T15:58:49","slug":"flashmob","status":"publish","type":"page","link":"https:\/\/cultura.jundiai.sp.gov.br\/enredanca\/edicao-2024\/flashmob\/","title":{"rendered":"Flashmob"},"content":{"rendered":"\n<p>O flashmob oficial do 26\u00ba Festival Enredan\u00e7a foi ao som de &#8220;Dance The Night&#8221;, da cantora Dua Lipa. Confira abaixo e aprenda a coreografia especial, montada por Jo\u00e3o Lucas Alves, Lucas Vicente e Mychael Nascimento, bailarinos da Cia. Jovem de Dan\u00e7a &#8211; corpo art\u00edstico municipal ligado \u00e0 Unidade de Gest\u00e3o de Cultura da Prefeitura de Jundia\u00ed. <\/p>\n\n\n\n<figure class=\"wp-block-embed is-type-video is-provider-youtube wp-block-embed-youtube wp-embed-aspect-16-9 wp-has-aspect-ratio\"><div class=\"wp-block-embed__wrapper\">\n<iframe loading=\"lazy\" title=\"Coreografia para o flashmob do 26\u00ba Festival Enredan\u00e7a - Cia. Jovem de Dan\u00e7a\" width=\"500\" height=\"281\" src=\"https:\/\/www.youtube.com\/embed\/h7xaOh6uX2Y?feature=oembed\" frameborder=\"0\" allow=\"accelerometer; autoplay; clipboard-write; encrypted-media; gyroscope; picture-in-picture; web-share\" referrerpolicy=\"strict-origin-when-cross-origin\" allowfullscreen><\/iframe>\n<\/div><\/figure>\n","protected":false},"excerpt":{"rendered":"<p>O flashmob oficial do 26\u00ba Festival Enredan\u00e7a foi ao som de &#8220;Dance The Night&#8221;, da cantora Dua Lipa. Confira abaixo e aprenda a coreografia especial, montada por Jo\u00e3o Lucas Alves, Lucas Vicente e Mychael Nascimento, bailarinos da Cia. Jovem de Dan\u00e7a &#8211; corpo art\u00edstico municipal ligado \u00e0 Unidade de Gest\u00e3o de Cultura da Prefeitura de [&hellip;]<\/p>\n","protected":false},"author":12,"featured_media":0,"parent":12,"menu_order":0,"comment_status":"closed","ping_status":"closed","template":"","meta":{"footnotes":""},"class_list":["post-27","page","type-page","status-publish","hentry"],"_links":{"self":[{"href":"https:\/\/cultura.jundiai.sp.gov.br\/enredanca\/wp-json\/wp\/v2\/pages\/27","targetHints":{"allow":["GET"]}}],"collection":[{"href":"https:\/\/cultura.jundiai.sp.gov.br\/enredanca\/wp-json\/wp\/v2\/pages"}],"about":[{"href":"https:\/\/cultura.jundiai.sp.gov.br\/enredanca\/wp-json\/wp\/v2\/types\/page"}],"author":[{"embeddable":true,"href":"https:\/\/cultura.jundiai.sp.gov.br\/enredanca\/wp-json\/wp\/v2\/users\/12"}],"replies":[{"embeddable":true,"href":"https:\/\/cultura.jundiai.sp.gov.br\/enredanca\/wp-json\/wp\/v2\/comments?post=27"}],"version-history":[{"count":1,"href":"https:\/\/cultura.jundiai.sp.gov.br\/enredanca\/wp-json\/wp\/v2\/pages\/27\/revisions"}],"predecessor-version":[{"id":28,"href":"https:\/\/cultura.jundiai.sp.gov.br\/enredanca\/wp-json\/wp\/v2\/pages\/27\/revisions\/28"}],"up":[{"embeddable":true,"href":"https:\/\/cultura.jundiai.sp.gov.br\/enredanca\/wp-json\/wp\/v2\/pages\/12"}],"wp:attachment":[{"href":"https:\/\/cultura.jundiai.sp.gov.br\/enredanca\/wp-json\/wp\/v2\/media?parent=27"}],"curies":[{"name":"wp","href":"https:\/\/api.w.org\/{rel}","templated":true}]}}