{"id":37,"date":"2024-03-26T16:55:00","date_gmt":"2024-03-26T19:55:00","guid":{"rendered":"https:\/\/cultura.jundiai.sp.gov.br\/enredanca\/?page_id=37"},"modified":"2024-09-26T13:04:23","modified_gmt":"2024-09-26T16:04:23","slug":"premiacoes","status":"publish","type":"page","link":"https:\/\/cultura.jundiai.sp.gov.br\/enredanca\/edicao-2024\/premiacoes\/","title":{"rendered":"Premia\u00e7\u00f5es"},"content":{"rendered":"\n<ul class=\"wp-block-list\">\n<li><a rel=\"noreferrer noopener\" href=\"https:\/\/cultura.jundiai.sp.gov.br\/wp-content\/uploads\/2022\/04\/Premiacao-16_04-ENREDANCA.pdf\" target=\"_blank\"><strong>16 DE ABRIL (S\u00c1BADO)<\/strong><\/a>;<\/li>\n\n\n\n<li><a rel=\"noreferrer noopener\" href=\"https:\/\/cultura.jundiai.sp.gov.br\/wp-content\/uploads\/2022\/04\/Premiacao-17_04-ENREDANCA-1.pdf\" target=\"_blank\"><strong>17 DE ABRIL (DOMINGO)<\/strong><\/a>;<\/li>\n\n\n\n<li><a rel=\"noreferrer noopener\" href=\"https:\/\/cultura.jundiai.sp.gov.br\/wp-content\/uploads\/2022\/04\/Premiacao-20_04-ENREDANCA-.pdf\" target=\"_blank\"><strong>20 DE ABRIL (QUARTA-FEIRA)<\/strong><\/a>;<\/li>\n\n\n\n<li><strong><a rel=\"noreferrer noopener\" href=\"https:\/\/cultura.jundiai.sp.gov.br\/wp-content\/uploads\/2022\/04\/Premiacao-21_04-ENREDANCA.pdf\" target=\"_blank\">21 DE ABRIL (QUINTA-FEIRA)<\/a><\/strong>;<\/li>\n\n\n\n<li><strong><a rel=\"noreferrer noopener\" href=\"https:\/\/cultura.jundiai.sp.gov.br\/wp-content\/uploads\/2022\/04\/Premiacao-22_04-ENREDANCA-2.pdf\" target=\"_blank\">22 DE ABRIL (SEXTA-FEIRA)<\/a><\/strong>;<\/li>\n\n\n\n<li><strong><a rel=\"noreferrer noopener\" href=\"https:\/\/cultura.jundiai.sp.gov.br\/wp-content\/uploads\/2022\/04\/Premiac%CC%A7a%CC%83o-23_04-ENREDANC%CC%A7A.pdf\" target=\"_blank\">23 DE ABRIL (S\u00c1BADO)<\/a><\/strong>;<\/li>\n\n\n\n<li><strong><a rel=\"noreferrer noopener\" href=\"https:\/\/cultura.jundiai.sp.gov.br\/wp-content\/uploads\/2022\/04\/Premiacoes-24%C2%B0-ENREDANCA.pdf\" target=\"_blank\">24 DE ABRIL (DOMINGO) &#8211; NOITE DE GALA<\/a><\/strong>.<\/li>\n<\/ul>\n\n\n\n<p><\/p>\n\n\n\n<h2 class=\"wp-block-heading\">Mostra Competitiva &#8211; Premia\u00e7\u00f5es por noite<\/h2>\n\n\n\n<h3 class=\"wp-block-heading\"><a href=\"https:\/\/cultura.jundiai.sp.gov.br\/wp-content\/uploads\/2023\/04\/Premiac%CC%A7a%CC%83o-15_04-ENREDANC%CC%A7A-.pdf\" target=\"_blank\" rel=\"noreferrer noopener\">15 DE ABRIL (S\u00c1BADO) \u2013 INFANTIL E JAZZ JUVENIL I<\/a><\/h3>\n\n\n\n<h3 class=\"wp-block-heading\"><a href=\"https:\/\/cultura.jundiai.sp.gov.br\/wp-content\/uploads\/2023\/04\/Premiac%CC%A7a%CC%83o-16_04-ENREDANC%CC%A7A.pdf\" target=\"_blank\" rel=\"noreferrer noopener\">16 DE ABRIL (DOMINGO) \u2013 DAN\u00c7A DE SAL\u00c3O, DAN\u00c7A ESPORTIVA E DAN\u00c7AS URBANAS<\/a><\/h3>\n\n\n\n<h3 class=\"wp-block-heading\"><a href=\"https:\/\/cultura.jundiai.sp.gov.br\/wp-content\/uploads\/2023\/04\/Premiac%CC%A7a%CC%83o-1804-ENREDANC%CC%A7A.pdf\" target=\"_blank\" rel=\"noreferrer noopener\">18 DE ABRIL (TER\u00c7A-FEIRA) \u2013 JAZZ (JUVENIL II)<\/a><\/h3>\n\n\n\n<h3 class=\"wp-block-heading\"><a href=\"https:\/\/cultura.jundiai.sp.gov.br\/wp-content\/uploads\/2023\/04\/Premiac%CC%A7a%CC%83o-1904-ENREDANC%CC%A7A.pdf\" target=\"_blank\" rel=\"noreferrer noopener\">19 DE ABRIL (QUARTA-FEIRA) \u2013 JAZZ (ADULTO E 40+)<\/a><\/h3>\n\n\n\n<h3 class=\"wp-block-heading\"><a rel=\"noreferrer noopener\" href=\"https:\/\/cultura.jundiai.sp.gov.br\/wp-content\/uploads\/2023\/04\/Premiac%CC%A7a%CC%83o-2004-ENREDANC%CC%A7A-.pdf\" target=\"_blank\">20 DE ABRIL (QUINTA-FEIRA) \u2013 SAPATEADO, FLAMENCO, DAN\u00c7A DO VENTRE E DAN\u00c7AS POPULARES EM GERAL<\/a><\/h3>\n\n\n\n<p><\/p>\n","protected":false},"excerpt":{"rendered":"<p>Mostra Competitiva &#8211; Premia\u00e7\u00f5es por noite 15 DE ABRIL (S\u00c1BADO) \u2013 INFANTIL E JAZZ JUVENIL I 16 DE ABRIL (DOMINGO) \u2013 DAN\u00c7A DE SAL\u00c3O, DAN\u00c7A ESPORTIVA E DAN\u00c7AS URBANAS 18 DE ABRIL (TER\u00c7A-FEIRA) \u2013 JAZZ (JUVENIL II) 19 DE ABRIL (QUARTA-FEIRA) \u2013 JAZZ (ADULTO E 40+) 20 DE ABRIL (QUINTA-FEIRA) \u2013 SAPATEADO, FLAMENCO, DAN\u00c7A DO [&hellip;]<\/p>\n","protected":false},"author":12,"featured_media":0,"parent":12,"menu_order":0,"comment_status":"closed","ping_status":"closed","template":"","meta":{"footnotes":""},"class_list":["post-37","page","type-page","status-publish","hentry"],"_links":{"self":[{"href":"https:\/\/cultura.jundiai.sp.gov.br\/enredanca\/wp-json\/wp\/v2\/pages\/37","targetHints":{"allow":["GET"]}}],"collection":[{"href":"https:\/\/cultura.jundiai.sp.gov.br\/enredanca\/wp-json\/wp\/v2\/pages"}],"about":[{"href":"https:\/\/cultura.jundiai.sp.gov.br\/enredanca\/wp-json\/wp\/v2\/types\/page"}],"author":[{"embeddable":true,"href":"https:\/\/cultura.jundiai.sp.gov.br\/enredanca\/wp-json\/wp\/v2\/users\/12"}],"replies":[{"embeddable":true,"href":"https:\/\/cultura.jundiai.sp.gov.br\/enredanca\/wp-json\/wp\/v2\/comments?post=37"}],"version-history":[{"count":1,"href":"https:\/\/cultura.jundiai.sp.gov.br\/enredanca\/wp-json\/wp\/v2\/pages\/37\/revisions"}],"predecessor-version":[{"id":38,"href":"https:\/\/cultura.jundiai.sp.gov.br\/enredanca\/wp-json\/wp\/v2\/pages\/37\/revisions\/38"}],"up":[{"embeddable":true,"href":"https:\/\/cultura.jundiai.sp.gov.br\/enredanca\/wp-json\/wp\/v2\/pages\/12"}],"wp:attachment":[{"href":"https:\/\/cultura.jundiai.sp.gov.br\/enredanca\/wp-json\/wp\/v2\/media?parent=37"}],"curies":[{"name":"wp","href":"https:\/\/api.w.org\/{rel}","templated":true}]}}