{"id":39,"date":"2024-04-26T12:16:00","date_gmt":"2024-04-26T15:16:00","guid":{"rendered":"https:\/\/cultura.jundiai.sp.gov.br\/enredanca\/?page_id=39"},"modified":"2024-09-26T13:05:09","modified_gmt":"2024-09-26T16:05:09","slug":"premiacoes-e-notas","status":"publish","type":"page","link":"https:\/\/cultura.jundiai.sp.gov.br\/enredanca\/edicao-2024\/premiacoes-e-notas\/","title":{"rendered":"Premia\u00e7\u00f5es e Notas"},"content":{"rendered":"\n<h2 class=\"wp-block-heading\">PREMIA\u00c7\u00d5ES ESPECIAIS DO FESTIVAL<\/h2>\n\n\n\n<div style=\"height:20px\" aria-hidden=\"true\" class=\"wp-block-spacer\"><\/div>\n\n\n\n<ul class=\"wp-block-list\">\n<li>Melhor Conjunto \u2013 Categoria Infantil\/Juvenil I: <strong>\u201cCurso de F\u00e9rias\u201d (Ioazinho)<\/strong><\/li>\n<\/ul>\n\n\n\n<ul class=\"wp-block-list\">\n<li>Melhor Conjunto \u2013 Categoria Juvenil II\/Adulto\/40+: <strong>\u201cPanela velha \u00e9 que faz cultura boa\u201d (Est\u00fadio DCA)<\/strong><\/li>\n<\/ul>\n\n\n\n<ul class=\"wp-block-list\">\n<li>Melhor Coreografia \u2013 Categoria Infantil \/ Juvenil I: <strong>\u201cA coisa t\u00e1 boa\u201d (Premiere N\u00facleo Infantojuvenil)<\/strong><\/li>\n<\/ul>\n\n\n\n<ul class=\"wp-block-list\">\n<li>Melhor Coreografia \u2013 Categoria Juvenil II \/ Adulto \/ 40+: <strong>\u201cInterligadas\u201d (Beatriz Vieira Studio de Dan\u00e7a)<\/strong><\/li>\n<\/ul>\n\n\n\n<ul class=\"wp-block-list\">\n<li>Bailarina Revela\u00e7\u00e3o \u2013 Categoria Infantil\/Juvenil I: <strong>Alice Tura (Ioazinho)<\/strong><\/li>\n<\/ul>\n\n\n\n<ul class=\"wp-block-list\">\n<li>Bailarino Revela\u00e7\u00e3o \u2013 Categoria Infantil\/Juvenil I: <strong>Pedro Henrique Barbosa Silva (Premiere N\u00facleo Infantojuvenil)<\/strong><\/li>\n<\/ul>\n\n\n\n<ul class=\"wp-block-list\">\n<li>Melhor Bailarina \u2013 Categoria Juvenil II \/ Adulto \/ 40+: <strong>Verena Barbin (Corpo Livre)<\/strong><\/li>\n<\/ul>\n\n\n\n<ul class=\"wp-block-list\">\n<li>Melhor Bailarino \u2013 Categoria Juvenil II \/ Adulto \/ 40+: <strong>Felipe Costa (Corpo Livre)<\/strong><\/li>\n<\/ul>\n\n\n\n<p class=\"has-text-align-left\"><a href=\"https:\/\/cultura.jundiai.sp.gov.br\/wp-content\/uploads\/2024\/04\/Extrato-de-Resultado-das-Premiacoes.pdf\" target=\"_blank\" rel=\"noreferrer noopener\">Confira o Extrato do resultado das premia\u00e7\u00f5es<\/a> <\/p>\n\n\n\n<div style=\"height:30px\" aria-hidden=\"true\" class=\"wp-block-spacer\"><\/div>\n\n\n\n<h2 class=\"wp-block-heading\">MOSTRA COMPETITIVA \u2013 PREMIA\u00c7\u00d5ES POR NOITE<\/h2>\n\n\n\n<div style=\"height:20px\" aria-hidden=\"true\" class=\"wp-block-spacer\"><\/div>\n\n\n\n<ul class=\"wp-block-list\">\n<li>12 de abril (sexta-feira) &#8211;<strong> <\/strong>Conjuntos Infantil e Jazz Juvenil I<br><a href=\"https:\/\/cultura.jundiai.sp.gov.br\/wp-content\/uploads\/2024\/04\/Notas-12042024.pdf\" target=\"_blank\" rel=\"noreferrer noopener\"><strong>Notas<\/strong><\/a><br><a href=\"https:\/\/cultura.jundiai.sp.gov.br\/wp-content\/uploads\/2024\/04\/Premiacao-12_04-ENREDANCA.pdf\" target=\"_blank\" rel=\"noreferrer noopener\"><strong>Premiados<\/strong><\/a><\/li>\n<\/ul>\n\n\n\n<ul class=\"wp-block-list\">\n<li>13 de abril (s\u00e1bado) &#8211; Solos, Duos e Trios Infantil e Jazz Juvenil I<br><strong><a href=\"https:\/\/cultura.jundiai.sp.gov.br\/wp-content\/uploads\/2024\/04\/Notas-13042024.pdf\" target=\"_blank\" rel=\"noreferrer noopener\">Notas<\/a><\/strong><br><a href=\"https:\/\/cultura.jundiai.sp.gov.br\/wp-content\/uploads\/2024\/04\/Premiacao-13.04-ENREDANCA.pdf\" target=\"_blank\" rel=\"noreferrer noopener\"><strong>Premiados<\/strong><\/a><\/li>\n<\/ul>\n\n\n\n<ul class=\"wp-block-list\">\n<li>14 de abril (domingo) &#8211; Dan\u00e7a de Sal\u00e3o, Dan\u00e7a Esportiva e Dan\u00e7as Urbanas<br><strong><a href=\"https:\/\/cultura.jundiai.sp.gov.br\/wp-content\/uploads\/2024\/04\/Notas-14042024.pdf\" target=\"_blank\" rel=\"noreferrer noopener\">Notas<\/a><\/strong><br><a href=\"https:\/\/cultura.jundiai.sp.gov.br\/wp-content\/uploads\/2024\/04\/Premiac\u0327a\u0303o-1404-ENREDANC\u0327A-1.pdf\" target=\"_blank\" rel=\"noreferrer noopener\"><strong>Premiados<\/strong><\/a><\/li>\n<\/ul>\n\n\n\n<ul class=\"wp-block-list\">\n<li>15 de abril (segunda-feira) &#8211; Dan\u00e7as Populares, Dan\u00e7as Folcl\u00f3ricas e Sapateado Americano<br><strong><a href=\"https:\/\/cultura.jundiai.sp.gov.br\/wp-content\/uploads\/2024\/04\/Notas-15042024.pdf\" target=\"_blank\" rel=\"noreferrer noopener\">Notas<\/a><\/strong><br><a href=\"https:\/\/cultura.jundiai.sp.gov.br\/wp-content\/uploads\/2024\/04\/Premiac\u0327a\u0303o-1504-ENREDANC\u0327A.pdf\" target=\"_blank\" rel=\"noreferrer noopener\"><strong>Premiados<\/strong><\/a><\/li>\n<\/ul>\n\n\n\n<ul class=\"wp-block-list\">\n<li>16 de abril (ter\u00e7a-feira) &#8211; Jazz Juvenil II<br><strong><a href=\"https:\/\/cultura.jundiai.sp.gov.br\/wp-content\/uploads\/2024\/04\/Ata-do-dia-16042024.pdf\" target=\"_blank\" rel=\"noreferrer noopener\">Ata<\/a><\/strong><br><strong><a href=\"https:\/\/cultura.jundiai.sp.gov.br\/wp-content\/uploads\/2024\/04\/Notas-16042024.pdf\" target=\"_blank\" rel=\"noreferrer noopener\">Notas<\/a><\/strong><br><a href=\"https:\/\/cultura.jundiai.sp.gov.br\/wp-content\/uploads\/2024\/04\/Premiacao-26o-ENREDANCA-16.04.pdf\" target=\"_blank\" rel=\"noreferrer noopener\"><strong>Premiados<\/strong><\/a><\/li>\n<\/ul>\n\n\n\n<ul class=\"wp-block-list\">\n<li>17 de abril (quarta-feira) &#8211; Jazz Adulto e Jazz 40+<br><strong><a href=\"https:\/\/cultura.jundiai.sp.gov.br\/wp-content\/uploads\/2024\/04\/Notas-17042024.pdf\" target=\"_blank\" rel=\"noreferrer noopener\">Notas<\/a> <\/strong><br><a href=\"https:\/\/cultura.jundiai.sp.gov.br\/wp-content\/uploads\/2024\/04\/Premiac\u0327a\u0303o-1704-ENREDANC\u0327A.pdf\" target=\"_blank\" rel=\"noreferrer noopener\"><strong>Premiados<\/strong><\/a><\/li>\n<\/ul>\n\n\n\n<ul class=\"wp-block-list\">\n<li>18 de abril (quinta-feira) &#8211; Contempor\u00e2neo Juvenil I e II e Contempor\u00e2neo Adulto<br><strong><a href=\"https:\/\/cultura.jundiai.sp.gov.br\/wp-content\/uploads\/2024\/04\/Notas-18042024.pdf\" target=\"_blank\" rel=\"noreferrer noopener\">Notas<\/a><\/strong><br><strong><a href=\"https:\/\/cultura.jundiai.sp.gov.br\/wp-content\/uploads\/2024\/04\/Premiacao-26o-ENREDANCA-18.04_tarde.pdf\" target=\"_blank\" rel=\"noreferrer noopener\">Premiados &#8211; Juvenil I e II<\/a> e <a href=\"https:\/\/cultura.jundiai.sp.gov.br\/wp-content\/uploads\/2024\/04\/Premiacao-26o-ENREDANCA-18.04_noite.pdf\" target=\"_blank\" rel=\"noreferrer noopener\">Premiados &#8211; Adulto<\/a><\/strong><\/li>\n<\/ul>\n\n\n\n<ul class=\"wp-block-list\">\n<li>19 de abril (sexta-feira) &#8211; Cl\u00e1ssico Livre e Neocl\u00e1ssico<br><strong><a href=\"https:\/\/cultura.jundiai.sp.gov.br\/wp-content\/uploads\/2024\/04\/Notas-19042024.pdf\" target=\"_blank\" rel=\"noreferrer noopener\">Notas<\/a><\/strong><br><strong><a href=\"https:\/\/cultura.jundiai.sp.gov.br\/wp-content\/uploads\/2024\/04\/Premiacao-26o-ENREDANCA-19.04.pdf\" target=\"_blank\" rel=\"noreferrer noopener\">Premiados<\/a><\/strong><\/li>\n<\/ul>\n\n\n\n<ul class=\"wp-block-list\">\n<li>20 de abril (s\u00e1bado) &#8211; Cl\u00e1ssico de Repert\u00f3rio<br><a href=\"https:\/\/cultura.jundiai.sp.gov.br\/wp-content\/uploads\/2024\/04\/Notas-20042024.pdf\" target=\"_blank\" rel=\"noreferrer noopener\"><strong>Notas<\/strong><\/a><br><a href=\"https:\/\/cultura.jundiai.sp.gov.br\/wp-content\/uploads\/2024\/04\/Premiacao-26o-ENREDANCA-20_04.pdf\" target=\"_blank\" rel=\"noreferrer noopener\"><strong>Premiados<\/strong><\/a><\/li>\n<\/ul>\n\n\n\n<ul class=\"wp-block-list\">\n<li><strong><a href=\"https:\/\/cultura.jundiai.sp.gov.br\/wp-content\/uploads\/2024\/04\/Todas-as-Notas-Assinadas-do-Enredanca-2024.pdf\" target=\"_blank\" rel=\"noreferrer noopener\">Todas as Notas do Festival<\/a><\/strong><\/li>\n<\/ul>\n\n\n\n<p><\/p>\n","protected":false},"excerpt":{"rendered":"<p>PREMIA\u00c7\u00d5ES ESPECIAIS DO FESTIVAL Confira o Extrato do resultado das premia\u00e7\u00f5es MOSTRA COMPETITIVA \u2013 PREMIA\u00c7\u00d5ES POR NOITE<\/p>\n","protected":false},"author":12,"featured_media":0,"parent":12,"menu_order":0,"comment_status":"closed","ping_status":"closed","template":"","meta":{"footnotes":""},"class_list":["post-39","page","type-page","status-publish","hentry"],"_links":{"self":[{"href":"https:\/\/cultura.jundiai.sp.gov.br\/enredanca\/wp-json\/wp\/v2\/pages\/39","targetHints":{"allow":["GET"]}}],"collection":[{"href":"https:\/\/cultura.jundiai.sp.gov.br\/enredanca\/wp-json\/wp\/v2\/pages"}],"about":[{"href":"https:\/\/cultura.jundiai.sp.gov.br\/enredanca\/wp-json\/wp\/v2\/types\/page"}],"author":[{"embeddable":true,"href":"https:\/\/cultura.jundiai.sp.gov.br\/enredanca\/wp-json\/wp\/v2\/users\/12"}],"replies":[{"embeddable":true,"href":"https:\/\/cultura.jundiai.sp.gov.br\/enredanca\/wp-json\/wp\/v2\/comments?post=39"}],"version-history":[{"count":1,"href":"https:\/\/cultura.jundiai.sp.gov.br\/enredanca\/wp-json\/wp\/v2\/pages\/39\/revisions"}],"predecessor-version":[{"id":40,"href":"https:\/\/cultura.jundiai.sp.gov.br\/enredanca\/wp-json\/wp\/v2\/pages\/39\/revisions\/40"}],"up":[{"embeddable":true,"href":"https:\/\/cultura.jundiai.sp.gov.br\/enredanca\/wp-json\/wp\/v2\/pages\/12"}],"wp:attachment":[{"href":"https:\/\/cultura.jundiai.sp.gov.br\/enredanca\/wp-json\/wp\/v2\/media?parent=39"}],"curies":[{"name":"wp","href":"https:\/\/api.w.org\/{rel}","templated":true}]}}