{"id":68,"date":"2025-06-18T15:57:54","date_gmt":"2025-06-18T18:57:54","guid":{"rendered":"https:\/\/cultura.jundiai.sp.gov.br\/enredanca\/?page_id=68"},"modified":"2025-09-02T16:51:03","modified_gmt":"2025-09-02T19:51:03","slug":"enredanca-2025","status":"publish","type":"page","link":"https:\/\/cultura.jundiai.sp.gov.br\/enredanca\/","title":{"rendered":"27\u00aa Enredan\u00e7a 2025"},"content":{"rendered":"\n<p>Em mais uma realiza\u00e7\u00e3o da Secretaria Municipal de Cultura (SMCULT), o tradicional festival Enredan\u00e7a de Jundia\u00ed chega este ano \u00e0 sua edi\u00e7\u00e3o de n\u00famero 27, com inscri\u00e7\u00f5es abertas e gratuitas at\u00e9 o dia 08 de agosto para as coreografias e de bailarinos e grupos de dan\u00e7a de todo o Brasil.<\/p>\n\n\n\n<p>Al\u00e9m da valoriza\u00e7\u00e3o e do incentivo \u00e0 Dan\u00e7a no Munic\u00edpio, o Enredan\u00e7a visa promover o interc\u00e2mbio entre os estudantes, bailarinos, professores, core\u00f3grafos e grupos, elevando o n\u00edvel t\u00e9cnico desta linguagem art\u00edstica em Jundia\u00ed e apresentar para os participantes externos a qualidade t\u00e9cnica do que tem sido produzido no Munic\u00edpio.<\/p>\n\n\n\n<p>As categorias da edi\u00e7\u00e3o deste ano do Enredan\u00e7a ser\u00e3o: Infantil (de seis a nove anos), Juvenil 1 e 2 (respectivamente, para as faixas dos dez aos 12 e dos 13 aos 16 anos), Adulto (dos 17 aos 39 anos) e a categoria 40+; nas divis\u00f5es solos, duos, trios e conjuntos (com quatro ou mais integrantes).<\/p>\n\n\n\n<p><strong>FA\u00c7A A INSCRI\u00c7\u00c3O PARA&nbsp;<a href=\"https:\/\/docs.google.com\/forms\/d\/e\/1FAIpQLSfA1s_TDim7Ic8tE6mb9IB0sSI_GsffX8zyNCCB_jBFOPGXWg\/viewform\" target=\"_blank\" rel=\"noreferrer noopener\">BAILARINO(A)<\/a>&nbsp;E PARA&nbsp;<a href=\"https:\/\/docs.google.com\/forms\/d\/e\/1FAIpQLSdtRmWipJ4WPr3nKr9XsnZKfBPTjSkWU7PAXFN0MM0kwzhIBw\/viewform\" target=\"_blank\" rel=\"noreferrer noopener\">COREOGRAFIA<\/a><\/strong><\/p>\n\n\n\n<p>J\u00e1 as modalidades previstas s\u00e3o: Cl\u00e1ssicos de Repert\u00f3rio (Varia\u00e7\u00e3o e Pas de Deux, Gran Pas de Deux e de Trois, e Conjunto de repert\u00f3rio), Cl\u00e1ssico Livre\/ Neocl\u00e1ssico, Contempor\u00e2neo, Dan\u00e7a Esportiva, Dan\u00e7a de Sal\u00e3o, Dan\u00e7as Populares e Folcl\u00f3ricas, Dan\u00e7a Urbana, Jazz, Estilo Livre e Sapateado Americano.<\/p>\n\n\n\n<p>As apresenta\u00e7\u00f5es da Mostra Competitiva ser\u00e3o realizadas no centen\u00e1rio Teatro Polytheama, entre os dias 02 e 21 de setembro, sendo o \u00faltimo dia reservado \u00e0 Noite de Gala do festival. Ser\u00e3o premiadas as tr\u00eas primeiras coreografias dentro de suas categorias, modalidade, g\u00eanero e quantidade de integrantes, conforme os seguintes crit\u00e9rios: excel\u00eancia t\u00e9cnica da produ\u00e7\u00e3o, execu\u00e7\u00e3o da coreografia e concep\u00e7\u00e3o da coreografia. As premia\u00e7\u00f5es podem chegar a at\u00e9 R$ 2 mil, para os melhores bailarinos e bailarinas revela\u00e7\u00e3o (Infantil e Juvenil 1), melhor bailarino e bailarina (Juvenil 2, Adulto e 40+), melhores conjuntos e melhores coreografias (Infantil e Juvenil 1, e Juvenil 2, Adulto e 40+), totalizando at\u00e9 R$ 12 mil em premia\u00e7\u00e3o cultural.<\/p>\n\n\n\n<p>J\u00e1 a Mostra Paralela tamb\u00e9m ser\u00e1 realizada no mesmo per\u00edodo, em palcos diversos do Munic\u00edpio, como a Sala Gl\u00f3ria Rocha do Centro das Artes Prefeito Pedro F\u00e1varo.<\/p>\n\n\n\n<p>Mais informa\u00e7\u00f5es podem ser obtidas no&nbsp;<a href=\"https:\/\/cultura.jundiai.sp.gov.br\/wp-content\/uploads\/2025\/06\/Edital-27o-ENREDANCA-2025.pdf\" target=\"_blank\" rel=\"noreferrer noopener\">edital n\u00ba 07\/2025<\/a>, pelo e-mail&nbsp;<a href=\"mailto:enredanca@jundiai.sp.gov.br\" target=\"_blank\" rel=\"noreferrer noopener\">enredanca@jundiai.sp.gov.br<\/a>&nbsp;ou pelo telefone (11) 4589-6800.<\/p>\n\n\n\n<hr class=\"wp-block-separator has-css-opacity\" \/>\n\n\n\n<h2 class=\"wp-block-heading\"><\/h2>\n\n\n\n<h2 class=\"wp-block-heading\">Mostra Competitiva <\/h2>\n\n\n\n<p><a href=\"https:\/\/docs.google.com\/spreadsheets\/d\/1E9M2zQTVxmKNncBbvmO_77joDqQRocuB6ox4y01zoHY\/edit?pli=1&amp;gid=1932120232#gid=1932120232\"><strong>Confira os detalhes da programa\u00e7\u00e3o da Mostra Competitiva<\/strong><\/a><\/p>\n\n\n\n<div style=\"height:30px\" aria-hidden=\"true\" class=\"wp-block-spacer\"><\/div>\n\n\n\n<hr class=\"wp-block-separator has-css-opacity\" \/>\n\n\n\n<h2 class=\"wp-block-heading\">Mostra Paralela <\/h2>\n\n\n\n<p><strong><a href=\"https:\/\/docs.google.com\/spreadsheets\/d\/1eF915Rj58RPeZqXuYj13yCcVWCJlhW8ltwhONR9YVl4\/edit\">Confira os detalhes da programa\u00e7\u00e3o da Mostra Paralela<\/a><\/strong><\/p>\n\n\n\n<h2 class=\"wp-block-heading\"><\/h2>\n\n\n\n<hr class=\"wp-block-separator has-alpha-channel-opacity\" \/>\n\n\n\n<p><strong><strong>Realiza\u00e7\u00e3o:<\/strong> <\/strong>Secretaria Municipal de Cultura (SMCULT) da Prefeitura de Jundia\u00ed<\/p>\n","protected":false},"excerpt":{"rendered":"<p>Em mais uma realiza\u00e7\u00e3o da Secretaria Municipal de Cultura (SMCULT), o tradicional festival Enredan\u00e7a de Jundia\u00ed chega este ano \u00e0 sua edi\u00e7\u00e3o de n\u00famero 27, com inscri\u00e7\u00f5es abertas e gratuitas at\u00e9 o dia 08 de agosto para as coreografias e de bailarinos e grupos de dan\u00e7a de todo o Brasil. Al\u00e9m da valoriza\u00e7\u00e3o e do [&hellip;]<\/p>\n","protected":false},"author":12,"featured_media":89,"parent":0,"menu_order":0,"comment_status":"closed","ping_status":"closed","template":"","meta":{"footnotes":""},"class_list":["post-68","page","type-page","status-publish","has-post-thumbnail","hentry"],"_links":{"self":[{"href":"https:\/\/cultura.jundiai.sp.gov.br\/enredanca\/wp-json\/wp\/v2\/pages\/68","targetHints":{"allow":["GET"]}}],"collection":[{"href":"https:\/\/cultura.jundiai.sp.gov.br\/enredanca\/wp-json\/wp\/v2\/pages"}],"about":[{"href":"https:\/\/cultura.jundiai.sp.gov.br\/enredanca\/wp-json\/wp\/v2\/types\/page"}],"author":[{"embeddable":true,"href":"https:\/\/cultura.jundiai.sp.gov.br\/enredanca\/wp-json\/wp\/v2\/users\/12"}],"replies":[{"embeddable":true,"href":"https:\/\/cultura.jundiai.sp.gov.br\/enredanca\/wp-json\/wp\/v2\/comments?post=68"}],"version-history":[{"count":11,"href":"https:\/\/cultura.jundiai.sp.gov.br\/enredanca\/wp-json\/wp\/v2\/pages\/68\/revisions"}],"predecessor-version":[{"id":138,"href":"https:\/\/cultura.jundiai.sp.gov.br\/enredanca\/wp-json\/wp\/v2\/pages\/68\/revisions\/138"}],"wp:featuredmedia":[{"embeddable":true,"href":"https:\/\/cultura.jundiai.sp.gov.br\/enredanca\/wp-json\/wp\/v2\/media\/89"}],"wp:attachment":[{"href":"https:\/\/cultura.jundiai.sp.gov.br\/enredanca\/wp-json\/wp\/v2\/media?parent=68"}],"curies":[{"name":"wp","href":"https:\/\/api.w.org\/{rel}","templated":true}]}}