{"id":18,"date":"2024-07-16T15:44:39","date_gmt":"2024-07-16T18:44:39","guid":{"rendered":"https:\/\/cultura.jundiai.sp.gov.br\/festeju\/?page_id=18"},"modified":"2026-02-26T14:42:52","modified_gmt":"2026-02-26T17:42:52","slug":"edital-e-documentos","status":"publish","type":"page","link":"https:\/\/cultura.jundiai.sp.gov.br\/festeju\/edicao-2025\/edital-e-documentos\/","title":{"rendered":"Edital e documentos"},"content":{"rendered":"\n<p class=\"has-medium-font-size\"><strong>10\u00ba FESTIVAL DE TEATRO DE JUNDIA\u00cd (FESTEJU) 2026<\/strong><br><strong>Per\u00edodo de inscri\u00e7\u00f5es:<br><\/strong>De 08 de dezembro de 2025 a 09 de janeiro de 2026<br><a href=\"https:\/\/docs.google.com\/forms\/d\/e\/1FAIpQLSc3vKgTlWZMp5_P7KYiCppByc4sO1gzu_XKT-rHCH_hpZz5Lg\/viewform\" data-type=\"link\" data-id=\"https:\/\/docs.google.com\/forms\/d\/e\/1FAIpQLSc3vKgTlWZMp5_P7KYiCppByc4sO1gzu_XKT-rHCH_hpZz5Lg\/viewform\">Formul\u00e1rio de inscri\u00e7\u00e3o<\/a><br><a href=\"https:\/\/cultura.jundiai.sp.gov.br\/wp-content\/uploads\/2025\/12\/FESTEJU-Edital-18.2025.pdf\" data-type=\"link\" data-id=\"https:\/\/cultura.jundiai.sp.gov.br\/wp-content\/uploads\/2025\/12\/FESTEJU-Edital-18.2025.pdf\">Edital<\/a><br><a href=\"https:\/\/cultura.jundiai.sp.gov.br\/wp-content\/uploads\/2025\/12\/FESTEJU-Extrato-de-edital-imprensa-oficial.pdf\" data-type=\"link\" data-id=\"https:\/\/cultura.jundiai.sp.gov.br\/wp-content\/uploads\/2025\/12\/FESTEJU-Extrato-de-edital-imprensa-oficial.pdf\">Extrato de Edital (Vers\u00e3o imprensa oficial)<\/a><br><a href=\"https:\/\/cultura.jundiai.sp.gov.br\/wp-content\/uploads\/2026\/01\/Extrato-de-Julgamento-Etapa-de-Selecao-10o-FESTEJU.pdf\">Extrato de Julgamento &#8211; Etapa de Sele\u00e7\u00e3o<\/a><br><a href=\"https:\/\/cultura.jundiai.sp.gov.br\/wp-content\/uploads\/2026\/01\/Publicac\u0327a\u0303o_Selecionados_Festeju.pdf\">Selecionados<\/a><br><a href=\"https:\/\/cultura.jundiai.sp.gov.br\/wp-content\/uploads\/2026\/02\/Despacho-Decisorio-10o-FESTEJU-200226.pdf\">Despacho decis\u00f3rio<\/a><br>Anexo 01 &#8211; <a href=\"https:\/\/cultura.jundiai.sp.gov.br\/wp-content\/uploads\/2025\/12\/FESTEJU-Anexo-I-Termo-de-Premiacao-Cultural.pdf\" data-type=\"link\" data-id=\"https:\/\/cultura.jundiai.sp.gov.br\/wp-content\/uploads\/2025\/12\/FESTEJU-Anexo-I-Termo-de-Premiacao-Cultural.pdf\">Termo de premia\u00e7\u00e3o cultural<\/a> <br>Anexo 02 &#8211; <a href=\"https:\/\/cultura.jundiai.sp.gov.br\/wp-content\/uploads\/2025\/12\/FESTEJU-Anexo-II-Rider-Tecnico-dos-Espacos.pdf\" data-type=\"link\" data-id=\"https:\/\/cultura.jundiai.sp.gov.br\/wp-content\/uploads\/2025\/12\/FESTEJU-Anexo-II-Rider-Tecnico-dos-Espacos.pdf\">Rider t\u00e9cnico<\/a><\/p>\n\n\n\n<p><\/p>\n\n\n\n<hr class=\"wp-block-separator has-alpha-channel-opacity\" \/>\n\n\n\n<p class=\"has-medium-font-size\"><strong>9\u00ba FESTIVAL DE TEATRO DE JUNDIA\u00cd (FESTEJU) 2025<\/strong><br><strong>Per\u00edodo de inscri\u00e7\u00f5es:<\/strong> de 16 de junho a 03 de julho de 2025 <br><a href=\"https:\/\/docs.google.com\/forms\/d\/e\/1FAIpQLSeRksW_4-OWzQNGFjEQRIPdUWwXRnGb2dkUa2c3N10H6Mp5aQ\/closedform\" target=\"_blank\" rel=\"noreferrer noopener\">Formul\u00e1rio de inscri\u00e7\u00e3o<\/a> <br><a href=\"https:\/\/cultura.jundiai.sp.gov.br\/wp-content\/uploads\/2025\/06\/Edital-9o-FESTEJU-2025.pdf\" target=\"_blank\" rel=\"noreferrer noopener\">Extrato de edital<\/a> <br><a href=\"https:\/\/cultura.jundiai.sp.gov.br\/wp-content\/uploads\/2025\/06\/Edital_05_2025_9_-Festival_de_Teatro_de_Jundiai_FESTEJU.pdf\" target=\"_blank\" rel=\"noreferrer noopener\">Edital n\u00ba 05\/2025<\/a><br><strong>Anexo 1 &#8211; <\/strong><a href=\"https:\/\/cultura.jundiai.sp.gov.br\/wp-content\/uploads\/2025\/06\/Anexo-I-Termo-de-Premiacao-Cultural-9o-FESTEJU.pdf\" target=\"_blank\" rel=\"noreferrer noopener\">Termo de premia\u00e7\u00e3o cultural<\/a> <br><strong>Anexo 2 &#8211; <\/strong><a href=\"https:\/\/cultura.jundiai.sp.gov.br\/wp-content\/uploads\/2025\/06\/Anexo-II-Rider-Tecnico-dos-Espacos.pdf\" target=\"_blank\" rel=\"noreferrer noopener\">Rider t\u00e9cnico dos espa\u00e7os<\/a><br><strong><a href=\"https:\/\/cultura.jundiai.sp.gov.br\/wp-content\/uploads\/2025\/07\/Publicacao_novo-cronograma_Festeju_16-06-2025.pdf\" target=\"_blank\" rel=\"noreferrer noopener\">Publica\u00e7\u00e3o novo cronograma<\/a> <\/strong><br><strong><a href=\"https:\/\/cultura.jundiai.sp.gov.br\/wp-content\/uploads\/2025\/07\/IO-Extrato-de-Julgamento-Etapa-de-Selecao-Cena-Amadora-9o-FESTEJU.pdf\" target=\"_blank\" rel=\"noreferrer noopener\">Selecionados Cena Amadora<\/a> <\/strong><br><strong><a href=\"https:\/\/cultura.jundiai.sp.gov.br\/wp-content\/uploads\/2025\/07\/Extrato-de-Julgamento-Etapa-de-Selecao-Cena-Profissional.pdf\" target=\"_blank\" rel=\"noreferrer noopener\">Extrato de julgamento Etapa de Sele\u00e7\u00e3o <\/a>&#8211; NOVO <\/strong><\/p>\n\n\n\n<p><\/p>\n\n\n\n<hr class=\"wp-block-separator has-alpha-channel-opacity\" \/>\n\n\n\n<p class=\"has-medium-font-size\"><strong>8\u00ba FESTIVAL DE TEATRO DE JUNDIA\u00cd (FESTEJU) 2024<\/strong><br><strong>Per\u00edodo de inscri\u00e7\u00e3o:\u00a0<\/strong>de 03 de junho a 23 de julho de 2024<br><a href=\"https:\/\/cultura.jundiai.sp.gov.br\/wp-content\/uploads\/2024\/05\/Edital-FESTEJU-2024.pdf\" data-type=\"link\" data-id=\"https:\/\/cultura.jundiai.sp.gov.br\/wp-content\/uploads\/2024\/05\/Edital-FESTEJU-2024.pdf\">Edital n\u00ba 06\/2024<br><\/a><a href=\"https:\/\/forms.gle\/6gx53mkVhgE1iBzs8\" data-type=\"link\" data-id=\"https:\/\/forms.gle\/6gx53mkVhgE1iBzs8\">Formul\u00e1rio para inscri\u00e7\u00e3o dos integrantes\u00a0<\/a><br><a href=\"https:\/\/forms.gle\/dvAbaVJPuykyeErc7\" data-type=\"link\" data-id=\"https:\/\/forms.gle\/dvAbaVJPuykyeErc7\">Formul\u00e1rio para inscri\u00e7\u00e3o dos espet\u00e1culos<\/a>\u00a0<br><strong>Anexo 1 &#8211; <\/strong><a href=\"https:\/\/cultura.jundiai.sp.gov.br\/wp-content\/uploads\/2024\/05\/Anexo-I-Cessao-de-direitos-FESTEJU-2024.pdf\" data-type=\"link\" data-id=\"https:\/\/cultura.jundiai.sp.gov.br\/wp-content\/uploads\/2024\/05\/Anexo-I-Cessao-de-direitos-FESTEJU-2024.pdf\">Autoriza\u00e7\u00e3o de cess\u00e3o de direitos autorais, de imagem e participa\u00e7\u00e3o<\/a><br><strong>Anexo 2 &#8211; <\/strong><a href=\"https:\/\/cultura.jundiai.sp.gov.br\/wp-content\/uploads\/2024\/05\/Anexo-II-Declaracao-de-uso-de-obras-de-terceiros-FESTEJU-2024.pdf\" data-type=\"link\" data-id=\"https:\/\/cultura.jundiai.sp.gov.br\/wp-content\/uploads\/2024\/05\/Anexo-II-Declaracao-de-uso-de-obras-de-terceiros-FESTEJU-2024.pdf\">Declara\u00e7\u00e3o de uso de obras de terceiros<\/a><br><a href=\"https:\/\/cultura.jundiai.sp.gov.br\/wp-content\/uploads\/2024\/06\/publicacao_cac_festeju-15.pdf\" target=\"_blank\" rel=\"noreferrer noopener\">Publica\u00e7\u00e3o Comiss\u00e3o de Avalia\u00e7\u00e3o de Cadastro (CAC)<\/a> <br><a href=\"https:\/\/cultura.jundiai.sp.gov.br\/wp-content\/uploads\/2024\/08\/Habilitados-FESTEJU-2024.pdf\" target=\"_blank\" rel=\"noreferrer noopener\">Extrato de julgamento de habilita\u00e7\u00e3o e inabilita\u00e7\u00e3o<\/a> <br><a href=\"https:\/\/cultura.jundiai.sp.gov.br\/wp-content\/uploads\/2024\/08\/Despacho-decisorio-Habilitados-09.08.pdf\" target=\"_blank\" rel=\"noreferrer noopener\">Despacho decis\u00f3rio &#8211; Lista de habilitados e inabilitados<\/a><br><a href=\"https:\/\/cultura.jundiai.sp.gov.br\/wp-content\/uploads\/2024\/08\/Publicacao-selecionados_Festeju.pdf\" target=\"_blank\" rel=\"noreferrer noopener\">Lista de selecionados<\/a> <br><a href=\"https:\/\/cultura.jundiai.sp.gov.br\/wp-content\/uploads\/2024\/08\/resultado_final_apos_prazo_de_recurso_FESTEJU.pdf\" target=\"_blank\" rel=\"noreferrer noopener\">Resultado final ap\u00f3s prazo de recurso<\/a><br><strong><a href=\"https:\/\/cultura.jundiai.sp.gov.br\/wp-content\/uploads\/2024\/09\/Publicacao-Premiados-FESTEJU.pdf\" target=\"_blank\" rel=\"noreferrer noopener\">Publica\u00e7\u00e3o Premiados Cena Profissional<\/a> &#8211; NOVO<\/strong><\/p>\n\n\n\n<p><\/p>\n\n\n\n<hr class=\"wp-block-separator has-alpha-channel-opacity\" \/>\n\n\n\n<p class=\"has-medium-font-size\"><strong>7\u00ba FESTIVAL DE TEATRO DE JUNDIA\u00cd (FESTEJU) 2023<br>Per\u00edodo de inscri\u00e7\u00e3o:&nbsp;<\/strong>06 de mar\u00e7o a 25 de abril de 2023<br><a href=\"https:\/\/cultura.jundiai.sp.gov.br\/wp-content\/uploads\/2023\/03\/Edital-FESTEJU_2023.docx.pdf\" target=\"_blank\" rel=\"noreferrer noopener\">Edital de concurso n\u00ba 05\/2023<\/a><br><a href=\"https:\/\/cultura.jundiai.sp.gov.br\/wp-content\/uploads\/2023\/03\/Publicacao-extrato-imprensa.pdf\" target=\"_blank\" rel=\"noreferrer noopener\">Extrato da Imprensa Oficial<\/a><br><a href=\"https:\/\/docs.google.com\/forms\/d\/e\/1FAIpQLSfjZe-es0pmeYkrfbqjrbsJSIoBagWYUfkqe5EBxmZcHZiR2w\/closedform\" target=\"_blank\" rel=\"noreferrer noopener\">Formul\u00e1rio para inscri\u00e7\u00e3o dos integrantes<\/a><br><a href=\"https:\/\/docs.google.com\/forms\/d\/e\/1FAIpQLSelQw0fE5tVLR3At8TJjqhGlsqpkMVcnUcZL_3fHNUbnDTEAg\/closedform\" target=\"_blank\" rel=\"noreferrer noopener\">Formul\u00e1rio para inscri\u00e7\u00e3o dos espet\u00e1culos<\/a><br><strong>Anexo 1 \u2013<\/strong>&nbsp;<a href=\"https:\/\/cultura.jundiai.sp.gov.br\/wp-content\/uploads\/2023\/03\/Anexo-I-Cessao-de-direitos-autorais-imagem-e-participacao.xlsx-Planilha1.pdf\" target=\"_blank\" rel=\"noreferrer noopener\">Autoriza\u00e7\u00e3o de cess\u00e3o de direitos autorais, de imagem e participa\u00e7\u00e3o<\/a><br><strong>Anexo 2 \u2013<\/strong>&nbsp;<a href=\"https:\/\/cultura.jundiai.sp.gov.br\/wp-content\/uploads\/2023\/03\/Anexo-II-Ficha-de-dados-para-liberacao-de-premios.docx-1.pdf\" target=\"_blank\" rel=\"noreferrer noopener\">Ficha de dados para libera\u00e7\u00e3o de pr\u00eamios<\/a><br><strong>Anexo 3 \u2013&nbsp;<\/strong><a href=\"https:\/\/cultura.jundiai.sp.gov.br\/wp-content\/uploads\/2023\/03\/Anexo-III-Recibo-de-pagamento-de-premiacao.docx.pdf\" target=\"_blank\" rel=\"noreferrer noopener\">Recibo de pagamento de premia\u00e7\u00e3o<\/a><br><strong>Anexo 4 \u2013&nbsp;<\/strong><a href=\"https:\/\/cultura.jundiai.sp.gov.br\/wp-content\/uploads\/2023\/03\/Anexo-IV-Autorizacao-de-uso-de-obras-de-Terceiros.xlsx-Planilha1.pdf\" target=\"_blank\" rel=\"noreferrer noopener\">Declara\u00e7\u00e3o de uso de obras de terceiros<\/a><br><a href=\"https:\/\/cultura.jundiai.sp.gov.br\/wp-content\/uploads\/2023\/03\/portaria_06_festeju_comissao_de_avaliacao_de_cadastro.pdf\" target=\"_blank\" rel=\"noreferrer noopener\">Designa\u00e7\u00e3o de Comiss\u00e3o de Avalia\u00e7\u00e3o de Cadastro (CAC)<\/a> <br><a href=\"https:\/\/cultura.jundiai.sp.gov.br\/wp-content\/uploads\/2023\/03\/Publicacao-Rerratificacao-Festeju.pdf\" target=\"_blank\" rel=\"noreferrer noopener\">Publica\u00e7\u00e3o Rerratifica\u00e7\u00e3o<\/a> <br><a href=\"https:\/\/cultura.jundiai.sp.gov.br\/wp-content\/uploads\/2023\/05\/Habilitados-e-inabilitados_Festeju_publicacao.pdf\" target=\"_blank\" rel=\"noreferrer noopener\">Extrato de julgamento de habilita\u00e7\u00e3o e inabilita\u00e7\u00e3o<\/a> <br><a href=\"https:\/\/cultura.jundiai.sp.gov.br\/wp-content\/uploads\/2023\/05\/Novo-cronograma-FESTEJU-e-CURTAS.pdf\" target=\"_blank\" rel=\"noreferrer noopener\">Novo cronograma<\/a> <br><strong><a href=\"https:\/\/cultura.jundiai.sp.gov.br\/wp-content\/uploads\/2023\/05\/Resultado-Recursos-Festeju-2023.pdf\" target=\"_blank\" rel=\"noreferrer noopener\">Resultado recursos<\/a><\/strong> <br><a href=\"https:\/\/cultura.jundiai.sp.gov.br\/wp-content\/uploads\/2023\/05\/Publicacao_FESTEJU_novo-cronograma.pdf\" target=\"_blank\" rel=\"noreferrer noopener\">Novo cronograma<\/a><br><a href=\"https:\/\/cultura.jundiai.sp.gov.br\/wp-content\/uploads\/2023\/05\/Festeju_Selecionados_profissionais.pdf\" target=\"_blank\" rel=\"noreferrer noopener\">Espet\u00e1culos selecionados Cena Profissional<\/a> <br><a href=\"https:\/\/cultura.jundiai.sp.gov.br\/wp-content\/uploads\/2023\/06\/Premiacao-7o-FESTEJU-Cena-Amadora.pdf\" target=\"_blank\" rel=\"noreferrer noopener\">Espet\u00e1culos premiados &#8211; edi\u00e7\u00e3o 2023<\/a><\/p>\n\n\n\n<p class=\"has-medium-font-size\"><\/p>\n","protected":false},"excerpt":{"rendered":"<p>10\u00ba FESTIVAL DE TEATRO DE JUNDIA\u00cd (FESTEJU) 2026Per\u00edodo de inscri\u00e7\u00f5es:De 08 de dezembro de 2025 a 09 de janeiro de 2026Formul\u00e1rio de inscri\u00e7\u00e3oEditalExtrato de Edital (Vers\u00e3o imprensa oficial)Extrato de Julgamento &#8211; Etapa de Sele\u00e7\u00e3oSelecionadosDespacho decis\u00f3rioAnexo 01 &#8211; Termo de premia\u00e7\u00e3o cultural Anexo 02 &#8211; Rider t\u00e9cnico 9\u00ba FESTIVAL DE TEATRO DE JUNDIA\u00cd (FESTEJU) 2025Per\u00edodo de [&hellip;]<\/p>\n","protected":false},"author":12,"featured_media":0,"parent":301,"menu_order":0,"comment_status":"closed","ping_status":"closed","template":"","meta":{"footnotes":""},"class_list":["post-18","page","type-page","status-publish","hentry"],"_links":{"self":[{"href":"https:\/\/cultura.jundiai.sp.gov.br\/festeju\/wp-json\/wp\/v2\/pages\/18","targetHints":{"allow":["GET"]}}],"collection":[{"href":"https:\/\/cultura.jundiai.sp.gov.br\/festeju\/wp-json\/wp\/v2\/pages"}],"about":[{"href":"https:\/\/cultura.jundiai.sp.gov.br\/festeju\/wp-json\/wp\/v2\/types\/page"}],"author":[{"embeddable":true,"href":"https:\/\/cultura.jundiai.sp.gov.br\/festeju\/wp-json\/wp\/v2\/users\/12"}],"replies":[{"embeddable":true,"href":"https:\/\/cultura.jundiai.sp.gov.br\/festeju\/wp-json\/wp\/v2\/comments?post=18"}],"version-history":[{"count":17,"href":"https:\/\/cultura.jundiai.sp.gov.br\/festeju\/wp-json\/wp\/v2\/pages\/18\/revisions"}],"predecessor-version":[{"id":450,"href":"https:\/\/cultura.jundiai.sp.gov.br\/festeju\/wp-json\/wp\/v2\/pages\/18\/revisions\/450"}],"up":[{"embeddable":true,"href":"https:\/\/cultura.jundiai.sp.gov.br\/festeju\/wp-json\/wp\/v2\/pages\/301"}],"wp:attachment":[{"href":"https:\/\/cultura.jundiai.sp.gov.br\/festeju\/wp-json\/wp\/v2\/media?parent=18"}],"curies":[{"name":"wp","href":"https:\/\/api.w.org\/{rel}","templated":true}]}}