{"id":20,"date":"2024-07-16T15:45:02","date_gmt":"2024-07-16T18:45:02","guid":{"rendered":"https:\/\/cultura.jundiai.sp.gov.br\/festeju\/?page_id=20"},"modified":"2026-03-05T13:38:58","modified_gmt":"2026-03-05T16:38:58","slug":"jurados","status":"publish","type":"page","link":"https:\/\/cultura.jundiai.sp.gov.br\/festeju\/edicao-2025\/jurados\/","title":{"rendered":"Jurados"},"content":{"rendered":"\n<h2 class=\"wp-block-heading\">Juradas da sele\u00e7\u00e3o on-line dos espet\u00e1culos do FESTEJU<\/h2>\n\n\n\n<div class=\"wp-block-columns is-layout-flex wp-container-core-columns-is-layout-9d6595d7 wp-block-columns-is-layout-flex\">\n<div class=\"wp-block-column is-layout-flow wp-block-column-is-layout-flow\">\n<figure class=\"wp-block-image size-full\"><img loading=\"lazy\" decoding=\"async\" width=\"1516\" height=\"1516\" src=\"https:\/\/cultura.jundiai.sp.gov.br\/festeju\/wp-content\/uploads\/sites\/5\/2026\/02\/Foto-Dani-Biancardi.jpg\" alt=\"\" class=\"wp-image-426\" srcset=\"https:\/\/cultura.jundiai.sp.gov.br\/festeju\/wp-content\/uploads\/sites\/5\/2026\/02\/Foto-Dani-Biancardi.jpg 1516w, https:\/\/cultura.jundiai.sp.gov.br\/festeju\/wp-content\/uploads\/sites\/5\/2026\/02\/Foto-Dani-Biancardi-960x960.jpg 960w, https:\/\/cultura.jundiai.sp.gov.br\/festeju\/wp-content\/uploads\/sites\/5\/2026\/02\/Foto-Dani-Biancardi-100x100.jpg 100w, https:\/\/cultura.jundiai.sp.gov.br\/festeju\/wp-content\/uploads\/sites\/5\/2026\/02\/Foto-Dani-Biancardi-768x768.jpg 768w\" sizes=\"auto, (max-width: 1516px) 100vw, 1516px\" \/><\/figure>\n\n\n\n<h2 class=\"wp-block-heading\">Dani Biancardi<\/h2>\n\n\n\n<p>Atriz, diretora, palha\u00e7a, artista visual e coordenadora de projetos culturais, dedica-se \u00e0 pesquisa do teatro c\u00f4mico e gestual h\u00e1 mais de 20 anos. Formada pelo Centro de Artes C\u00e9lia Helena, \u00c9cole Internacionale de Th\u00e8\u00e2tre Jacques&nbsp; Lecoq (Paris), Kiklos Teatro Scuola Internazionale (It\u00e1lia) e \u00c9cole du Cirque Les Noctambules. Primeira artista brasileira convidada para a expedi\u00e7\u00e3o da \u00c1frica do Sul e Lesotho pelo Projeto Palha\u00e7os Sem Fronteiras (EUA\/Irlanda). Vencedora do Pr\u00eamio Claudia\/Editora Abril-2011 por suas a\u00e7\u00f5es s\u00f3cio-culturais. Ao lado de Ang\u00e9lica M\u00fcller fundou o Tortas Trincheiras, uma frente de projetos dedicados \u00e0 comicidade f\u00edsica e \u00e0 tem\u00e1tica LGBTQIAPN+.&nbsp; \u00c9 orientadora teatral do Centro de Artes C\u00e9lia Helena. Integrou o elenco da segunda temporada da s\u00e9rie &#8220;Manh\u00e3s de Setembro&#8221; e dos longas \u201cLevante\u201d e \u201cAntes do Fim\u201d.<\/p>\n<\/div>\n\n\n\n<div class=\"wp-block-column is-layout-flow wp-block-column-is-layout-flow\">\n<figure class=\"wp-block-image size-full\"><img loading=\"lazy\" decoding=\"async\" width=\"960\" height=\"960\" src=\"https:\/\/cultura.jundiai.sp.gov.br\/festeju\/wp-content\/uploads\/sites\/5\/2026\/02\/Foto-Lili-Molina-edited.jpeg\" alt=\"\" class=\"wp-image-429\" srcset=\"https:\/\/cultura.jundiai.sp.gov.br\/festeju\/wp-content\/uploads\/sites\/5\/2026\/02\/Foto-Lili-Molina-edited.jpeg 960w, https:\/\/cultura.jundiai.sp.gov.br\/festeju\/wp-content\/uploads\/sites\/5\/2026\/02\/Foto-Lili-Molina-edited-100x100.jpeg 100w, https:\/\/cultura.jundiai.sp.gov.br\/festeju\/wp-content\/uploads\/sites\/5\/2026\/02\/Foto-Lili-Molina-edited-768x768.jpeg 768w\" sizes=\"auto, (max-width: 960px) 100vw, 960px\" \/><\/figure>\n\n\n\n<h2 class=\"wp-block-heading\">Lili Molina<\/h2>\n\n\n\n<p>Paulistana, formada em jornalismo pela Faculdade de Comunica\u00e7\u00e3o Social C\u00e1sper L\u00edbero, atuou em produ\u00e7\u00e3o audiovisual e em marketing. Est\u00e1 no mercado cultural e musical h\u00e1 25 anos, produzindo artistas e projetos culturais por todo pa\u00eds.<\/p>\n<\/div>\n\n\n\n<div class=\"wp-block-column is-layout-flow wp-block-column-is-layout-flow\">\n<figure class=\"wp-block-image size-full\"><img loading=\"lazy\" decoding=\"async\" width=\"1280\" height=\"1280\" src=\"https:\/\/cultura.jundiai.sp.gov.br\/festeju\/wp-content\/uploads\/sites\/5\/2026\/02\/Foto-Mari-Dias-edited.jpg\" alt=\"\" class=\"wp-image-431\" srcset=\"https:\/\/cultura.jundiai.sp.gov.br\/festeju\/wp-content\/uploads\/sites\/5\/2026\/02\/Foto-Mari-Dias-edited.jpg 1280w, https:\/\/cultura.jundiai.sp.gov.br\/festeju\/wp-content\/uploads\/sites\/5\/2026\/02\/Foto-Mari-Dias-edited-960x960.jpg 960w, https:\/\/cultura.jundiai.sp.gov.br\/festeju\/wp-content\/uploads\/sites\/5\/2026\/02\/Foto-Mari-Dias-edited-100x100.jpg 100w, https:\/\/cultura.jundiai.sp.gov.br\/festeju\/wp-content\/uploads\/sites\/5\/2026\/02\/Foto-Mari-Dias-edited-768x768.jpg 768w\" sizes=\"auto, (max-width: 1280px) 100vw, 1280px\" \/><\/figure>\n\n\n\n<h2 class=\"wp-block-heading\">Mari Dias<\/h2>\n\n\n\n<p>Bacharel em Artes C\u00eanicas pela UNICAMP e p\u00f3s graduada em Gest\u00e3o de Projetos Culturais no CELACC \u2013 USP.&nbsp; Atriz e produtora na Cia de Teatro Acidental, trabalha com diversos coletivos de teatro, dan\u00e7a e m\u00fasica. Auxilia na produ\u00e7\u00e3o do bloco de carnaval Bloquete (Vinhedo &#8211; SP). \u00c9 parecerista e avaliadora de projetos culturais e integrante do FLIGSP \u2013 F\u00f3rum de Culturas do Litoral, Interior e Grande S\u00e3o Paulo, que luta por pol\u00edticas p\u00fablicas para a cultura por toda a extens\u00e3o do Estado.<\/p>\n<\/div>\n<\/div>\n\n\n\n<h2 class=\"wp-block-heading\">Jurados presenciais dos espet\u00e1culos da Cena Amadora<\/h2>\n\n\n\n<div class=\"wp-block-columns is-layout-flex wp-container-core-columns-is-layout-9d6595d7 wp-block-columns-is-layout-flex\">\n<div class=\"wp-block-column is-layout-flow wp-block-column-is-layout-flow\">\n<figure class=\"wp-block-image size-full\"><img loading=\"lazy\" decoding=\"async\" width=\"1280\" height=\"1280\" src=\"https:\/\/cultura.jundiai.sp.gov.br\/festeju\/wp-content\/uploads\/sites\/5\/2026\/02\/Foto-Leticia-Nogueira-edited.jpg\" alt=\"\" class=\"wp-image-433\" srcset=\"https:\/\/cultura.jundiai.sp.gov.br\/festeju\/wp-content\/uploads\/sites\/5\/2026\/02\/Foto-Leticia-Nogueira-edited.jpg 1280w, https:\/\/cultura.jundiai.sp.gov.br\/festeju\/wp-content\/uploads\/sites\/5\/2026\/02\/Foto-Leticia-Nogueira-edited-960x960.jpg 960w, https:\/\/cultura.jundiai.sp.gov.br\/festeju\/wp-content\/uploads\/sites\/5\/2026\/02\/Foto-Leticia-Nogueira-edited-100x100.jpg 100w, https:\/\/cultura.jundiai.sp.gov.br\/festeju\/wp-content\/uploads\/sites\/5\/2026\/02\/Foto-Leticia-Nogueira-edited-768x768.jpg 768w\" sizes=\"auto, (max-width: 1280px) 100vw, 1280px\" \/><\/figure>\n\n\n\n<h2 class=\"wp-block-heading\">Let\u00edcia Nogueira<\/h2>\n\n\n\n<p>Atriz, fot\u00f3grafa e diretora de arte, com forma\u00e7\u00e3o t\u00e9cnica em Teatro pela Etec de Artes de S\u00e3o Paulo. Iniciou seus estudos teatrais em oficinas da cidade de Jundia\u00ed\/SP. J\u00e1 atuou em diversas pe\u00e7as de teatro, musicais e curtas-metragens. \u00c9 s\u00f3cia e diretora c\u00eanica do Projeto Triarte de Teatro Musical. Participou de cursos e processos c\u00eanicos com \u00c9sio Magalh\u00e3es, Renato Ferracini, Tiche Viana, Paulo Grossi, Carla Candiotto, entre outros. J\u00e1 estudou canto belting contempor\u00e2neo e na dan\u00e7a estuda jazz, contempor\u00e2neo e ballet. Integra a Cia. de Teatro de Jundia\u00ed desde 2024, atualmente sob dire\u00e7\u00e3o de Ellen Navarro.<\/p>\n<\/div>\n\n\n\n<div class=\"wp-block-column is-layout-flow wp-block-column-is-layout-flow\">\n<figure class=\"wp-block-image size-full\"><img loading=\"lazy\" decoding=\"async\" width=\"1440\" height=\"1440\" src=\"https:\/\/cultura.jundiai.sp.gov.br\/festeju\/wp-content\/uploads\/sites\/5\/2026\/02\/Foto-Rick-edited.jpg\" alt=\"\" class=\"wp-image-435\" srcset=\"https:\/\/cultura.jundiai.sp.gov.br\/festeju\/wp-content\/uploads\/sites\/5\/2026\/02\/Foto-Rick-edited.jpg 1440w, https:\/\/cultura.jundiai.sp.gov.br\/festeju\/wp-content\/uploads\/sites\/5\/2026\/02\/Foto-Rick-edited-960x960.jpg 960w, https:\/\/cultura.jundiai.sp.gov.br\/festeju\/wp-content\/uploads\/sites\/5\/2026\/02\/Foto-Rick-edited-100x100.jpg 100w, https:\/\/cultura.jundiai.sp.gov.br\/festeju\/wp-content\/uploads\/sites\/5\/2026\/02\/Foto-Rick-edited-768x768.jpg 768w\" sizes=\"auto, (max-width: 1440px) 100vw, 1440px\" \/><\/figure>\n\n\n\n<h2 class=\"wp-block-heading\">Rick Cayres<\/h2>\n\n\n\n<p>Maurilio de Cayres, tamb\u00e9m conhecido como Rick Cayres, come\u00e7ou sua carreira no Circo-Teatro atuando em dramas na regi\u00e3o de Ribeir\u00e3o Preto. Morando em Jundia\u00ed, trabalhou com nomes como Altair Lima, Renato Arag\u00e3o, Mazaropi, Jos\u00e9 de Abreu, Rodolfo Meyer, Leandro Hassum, entre outros. Participou de diversos festivais:&nbsp; Internacional de Rio Preto,&nbsp; Internacional de Sert\u00e3ozinho, Litoral em Cena, Virada Cultural e o Festival Paulista de Circo em 2025. Al\u00e9m disso, faz parte do projeto Cultura na Estrada (2025), promovido pela Secretaria do Estado de S\u00e3o Paulo. Participou tamb\u00e9m de oficinas com profissionais renomados como: Rodolfo Meyer, Ronaldo Ciambroni e Nelson Baskerville.<\/p>\n<\/div>\n\n\n\n<div class=\"wp-block-column is-layout-flow wp-block-column-is-layout-flow\">\n<figure class=\"wp-block-image size-full\"><img loading=\"lazy\" decoding=\"async\" width=\"1196\" height=\"1196\" src=\"https:\/\/cultura.jundiai.sp.gov.br\/festeju\/wp-content\/uploads\/sites\/5\/2026\/02\/Foto-Victoria-Pequeno-edited.jpeg\" alt=\"\" class=\"wp-image-437\" srcset=\"https:\/\/cultura.jundiai.sp.gov.br\/festeju\/wp-content\/uploads\/sites\/5\/2026\/02\/Foto-Victoria-Pequeno-edited.jpeg 1196w, https:\/\/cultura.jundiai.sp.gov.br\/festeju\/wp-content\/uploads\/sites\/5\/2026\/02\/Foto-Victoria-Pequeno-edited-960x960.jpeg 960w, https:\/\/cultura.jundiai.sp.gov.br\/festeju\/wp-content\/uploads\/sites\/5\/2026\/02\/Foto-Victoria-Pequeno-edited-100x100.jpeg 100w, https:\/\/cultura.jundiai.sp.gov.br\/festeju\/wp-content\/uploads\/sites\/5\/2026\/02\/Foto-Victoria-Pequeno-edited-768x768.jpeg 768w\" sizes=\"auto, (max-width: 1196px) 100vw, 1196px\" \/><\/figure>\n\n\n\n<h2 class=\"wp-block-heading\">Victoria Pequeno<\/h2>\n\n\n\n<p>Palha\u00e7a e produtora, \u00e9 formada em humor pela SP Escola de Teatro. Integrou em 2022 a Cia de Teatro de Jundia\u00ed e atualmente participa dos grupos N\u00facleo Preto de Artes Afrodiasp\u00f3ricas, Coletivo Xoxo e Produtora do Interior, onde desenvolve colabora\u00e7\u00f5es circenses e teatrais. \u00c9 dramaturga e palha\u00e7a no espet\u00e1culo &#8220;Mazelas querem casar&#8221; contemplado pela PNAB 2024, al\u00e9m de contribuir criativamente com grupos da regi\u00e3o como Japi Produ\u00e7\u00f5es, Cena 4, Cia Tramp, Coletivo Contactus e Cia Press\u00e3o Baixa.<\/p>\n<\/div>\n<\/div>\n\n\n\n<h2 class=\"wp-block-heading\">Mediador presencial dos espet\u00e1culos: <\/h2>\n\n\n\n<div class=\"wp-block-columns is-layout-flex wp-container-core-columns-is-layout-9d6595d7 wp-block-columns-is-layout-flex\">\n<div class=\"wp-block-column is-layout-flow wp-block-column-is-layout-flow\">\n<figure class=\"wp-block-image size-full\"><img loading=\"lazy\" decoding=\"async\" width=\"468\" height=\"468\" src=\"https:\/\/cultura.jundiai.sp.gov.br\/festeju\/wp-content\/uploads\/sites\/5\/2026\/02\/Foto-Claudio-edited.jpeg\" alt=\"\" class=\"wp-image-439\" srcset=\"https:\/\/cultura.jundiai.sp.gov.br\/festeju\/wp-content\/uploads\/sites\/5\/2026\/02\/Foto-Claudio-edited.jpeg 468w, https:\/\/cultura.jundiai.sp.gov.br\/festeju\/wp-content\/uploads\/sites\/5\/2026\/02\/Foto-Claudio-edited-100x100.jpeg 100w\" sizes=\"auto, (max-width: 468px) 100vw, 468px\" \/><\/figure>\n\n\n\n<h2 class=\"wp-block-heading\">Cl\u00e1udio de Albuquerque<\/h2>\n\n\n\n<p>Iniciou sua carreira art\u00edstica em rodas de hist\u00f3rias e com a for\u00e7a das Artes Brincantes do Nordeste Brasileiro. Com trabalhos relevantes em diversas \u00e1reas art\u00edsticas em trabalhos nacionais e internacionais, foi fundador do Ateli\u00ea Casar\u00e3o, espa\u00e7o art\u00edstico e cultural desde 2005 e atualmente circula por toda Am\u00e9rica Latina com o &#8220;Projecto 48ciclos &#8211; um Corpo S\u00f3, Casa de Muitas Ruas\u201d. Integrante do Colectivo Latino-Americano \u00c2mbar e vencedor de pr\u00eamios no Brasil e Am\u00e9rica Latina.<\/p>\n<\/div>\n\n\n\n<div class=\"wp-block-column is-layout-flow wp-block-column-is-layout-flow\"><\/div>\n\n\n\n<div class=\"wp-block-column is-layout-flow wp-block-column-is-layout-flow\"><\/div>\n<\/div>\n","protected":false},"excerpt":{"rendered":"<p>Juradas da sele\u00e7\u00e3o on-line dos espet\u00e1culos do FESTEJU Dani Biancardi Atriz, diretora, palha\u00e7a, artista visual e coordenadora de projetos culturais, dedica-se \u00e0 pesquisa do teatro c\u00f4mico e gestual h\u00e1 mais de 20 anos. Formada pelo Centro de Artes C\u00e9lia Helena, \u00c9cole Internacionale de Th\u00e8\u00e2tre Jacques&nbsp; Lecoq (Paris), Kiklos Teatro Scuola Internazionale (It\u00e1lia) e \u00c9cole du [&hellip;]<\/p>\n","protected":false},"author":12,"featured_media":0,"parent":301,"menu_order":0,"comment_status":"closed","ping_status":"closed","template":"","meta":{"footnotes":""},"class_list":["post-20","page","type-page","status-publish","hentry"],"_links":{"self":[{"href":"https:\/\/cultura.jundiai.sp.gov.br\/festeju\/wp-json\/wp\/v2\/pages\/20","targetHints":{"allow":["GET"]}}],"collection":[{"href":"https:\/\/cultura.jundiai.sp.gov.br\/festeju\/wp-json\/wp\/v2\/pages"}],"about":[{"href":"https:\/\/cultura.jundiai.sp.gov.br\/festeju\/wp-json\/wp\/v2\/types\/page"}],"author":[{"embeddable":true,"href":"https:\/\/cultura.jundiai.sp.gov.br\/festeju\/wp-json\/wp\/v2\/users\/12"}],"replies":[{"embeddable":true,"href":"https:\/\/cultura.jundiai.sp.gov.br\/festeju\/wp-json\/wp\/v2\/comments?post=20"}],"version-history":[{"count":23,"href":"https:\/\/cultura.jundiai.sp.gov.br\/festeju\/wp-json\/wp\/v2\/pages\/20\/revisions"}],"predecessor-version":[{"id":526,"href":"https:\/\/cultura.jundiai.sp.gov.br\/festeju\/wp-json\/wp\/v2\/pages\/20\/revisions\/526"}],"up":[{"embeddable":true,"href":"https:\/\/cultura.jundiai.sp.gov.br\/festeju\/wp-json\/wp\/v2\/pages\/301"}],"wp:attachment":[{"href":"https:\/\/cultura.jundiai.sp.gov.br\/festeju\/wp-json\/wp\/v2\/media?parent=20"}],"curies":[{"name":"wp","href":"https:\/\/api.w.org\/{rel}","templated":true}]}}