{"id":301,"date":"2025-06-16T17:41:28","date_gmt":"2025-06-16T20:41:28","guid":{"rendered":"https:\/\/cultura.jundiai.sp.gov.br\/festeju\/?page_id=301"},"modified":"2026-03-05T01:08:49","modified_gmt":"2026-03-05T04:08:49","slug":"edicao-2025","status":"publish","type":"page","link":"https:\/\/cultura.jundiai.sp.gov.br\/festeju\/","title":{"rendered":"10\u00ba FESTEJU 2026"},"content":{"rendered":"\n<p>O FESTEJU \u2013 Festival de Teatro de Jundia\u00ed celebra sua 10\u00aa edi\u00e7\u00e3o como um marco para a cultura da cidade. Realizado pela Secretaria Municipal de Cultura, o 10\u00ba FESTEJU 2026 acontece entre os dias 12 a 29 de mar\u00e7o, com espet\u00e1culos no Centro das Artes Prefeito Pedro F\u00e1varo. Nesta edi\u00e7\u00e3o, o festival recebeu mais de 200 inscri\u00e7\u00f5es entre artistas, grupos estudantis e companhias teatrais de diversas regi\u00f5es do pa\u00eds, fortalecendo o teatro amador e profissional e ampliando o acesso gratuito \u00e0 arte para a popula\u00e7\u00e3o.<\/p>\n\n\n\n<p>A programa\u00e7\u00e3o contempla as cenas <a href=\"https:\/\/cultura.jundiai.sp.gov.br\/festeju\/cena-estudantil\/\" data-type=\"page\" data-id=\"455\">Estudantil<\/a>, <a href=\"https:\/\/cultura.jundiai.sp.gov.br\/festeju\/cena-amadora\/\" data-type=\"page\" data-id=\"14\">Amadora<\/a> e <a href=\"https:\/\/cultura.jundiai.sp.gov.br\/festeju\/cena-profissional\/\" data-type=\"page\" data-id=\"16\">Profissional<\/a>, com apresenta\u00e7\u00f5es distribu\u00eddas pelas salas do Centro das Artes. A intera\u00e7\u00e3o marca o festival deste ano, com a Cia. de Teatro de Jundia\u00ed apresentando cenas nos intervalos das sess\u00f5es. E ainda, ao fim de cada espet\u00e1culo, o p\u00fablico participar\u00e1 de um bate-papo mediado com os artistas, fortalecendo o di\u00e1logo e a troca de experi\u00eancias. J\u00e1 na Cena Profissional, todas as apresenta\u00e7\u00f5es contar\u00e3o com tradu\u00e7\u00e3o simult\u00e2nea em Libras, ampliando o acesso e inclus\u00e3o.<\/p>\n\n\n\n<p>Tamb\u00e9m nesta edi\u00e7\u00e3o, a Cia. de Teatro de Jundia\u00ed ir\u00e1 ministrar uma <a href=\"https:\/\/cultura.jundiai.sp.gov.br\/festeju\/oficina-cia-de-teatro-de-jundiai\/\" data-type=\"page\" data-id=\"519\">oficina teatral <\/a>voltada \u00e0 atores iniciantes, estudantes e artistas amadores. A atividade prioriza o desenvolvimento de habilidades interpretativas e t\u00e9cnicas b\u00e1sicas de cria\u00e7\u00e3o c\u00eanica, contribuindo para a forma\u00e7\u00e3o art\u00edstica e o fortalecimento da cena cultural local.<\/p>\n\n\n\n<p>Os ingressos do 10\u00ba FESTEJU 2026 s\u00e3o gratuitos e ficar\u00e3o dispon\u00edveis duas horas antes de cada sess\u00e3o nas bilheterias e totens do Teatro Polytheama, Centro das Artes e on-line pelo site da Sympla.<\/p>\n\n\n\n<hr class=\"wp-block-separator has-alpha-channel-opacity\" \/>\n\n\n\n<p><strong>Confira os detalhes da programa\u00e7\u00e3o: <\/strong><\/p>\n\n\n\n<p><\/p>\n\n\n\n<h2 class=\"wp-block-heading\">Cena Profissional <\/h2>\n\n\n\n<p><strong>Confira os detalhes clicando <a href=\"https:\/\/cultura.jundiai.sp.gov.br\/festeju\/cena-profissional\/\">aqui <\/a><\/strong><\/p>\n\n\n\n<div style=\"height:30px\" aria-hidden=\"true\" class=\"wp-block-spacer\"><\/div>\n\n\n\n<hr class=\"wp-block-separator has-css-opacity\" \/>\n\n\n\n<h2 class=\"wp-block-heading\">Cena Amadora<\/h2>\n\n\n\n<p><strong>Confira os detalhes clicando <a href=\"https:\/\/cultura.jundiai.sp.gov.br\/festeju\/cena-amadora\/\">aqui<\/a><\/strong><\/p>\n\n\n\n<div style=\"height:30px\" aria-hidden=\"true\" class=\"wp-block-spacer\"><\/div>\n\n\n\n<hr class=\"wp-block-separator has-alpha-channel-opacity\" \/>\n\n\n\n<h2 class=\"wp-block-heading\">Cena Estudantil<\/h2>\n\n\n\n<p><strong><strong>Confira os detalhes clicando <a href=\"https:\/\/cultura.jundiai.sp.gov.br\/festeju\/cena-estudantil\/\">aqui<\/a><\/strong><\/strong><\/p>\n\n\n\n<div style=\"height:30px\" aria-hidden=\"true\" class=\"wp-block-spacer\"><\/div>\n\n\n\n<hr class=\"wp-block-separator has-alpha-channel-opacity\" \/>\n\n\n\n<p><strong>Realiza\u00e7\u00e3o:<\/strong> Secretaria Municipal de Cultura da Prefeitura de Jundia\u00ed<\/p>\n\n\n\n<p><\/p>\n","protected":false},"excerpt":{"rendered":"<p>O FESTEJU \u2013 Festival de Teatro de Jundia\u00ed celebra sua 10\u00aa edi\u00e7\u00e3o como um marco para a cultura da cidade. Realizado pela Secretaria Municipal de Cultura, o 10\u00ba FESTEJU 2026 acontece entre os dias 12 a 29 de mar\u00e7o, com espet\u00e1culos no Centro das Artes Prefeito Pedro F\u00e1varo. Nesta edi\u00e7\u00e3o, o festival recebeu mais de [&hellip;]<\/p>\n","protected":false},"author":12,"featured_media":451,"parent":0,"menu_order":0,"comment_status":"closed","ping_status":"closed","template":"","meta":{"footnotes":""},"class_list":["post-301","page","type-page","status-publish","has-post-thumbnail","hentry"],"_links":{"self":[{"href":"https:\/\/cultura.jundiai.sp.gov.br\/festeju\/wp-json\/wp\/v2\/pages\/301","targetHints":{"allow":["GET"]}}],"collection":[{"href":"https:\/\/cultura.jundiai.sp.gov.br\/festeju\/wp-json\/wp\/v2\/pages"}],"about":[{"href":"https:\/\/cultura.jundiai.sp.gov.br\/festeju\/wp-json\/wp\/v2\/types\/page"}],"author":[{"embeddable":true,"href":"https:\/\/cultura.jundiai.sp.gov.br\/festeju\/wp-json\/wp\/v2\/users\/12"}],"replies":[{"embeddable":true,"href":"https:\/\/cultura.jundiai.sp.gov.br\/festeju\/wp-json\/wp\/v2\/comments?post=301"}],"version-history":[{"count":14,"href":"https:\/\/cultura.jundiai.sp.gov.br\/festeju\/wp-json\/wp\/v2\/pages\/301\/revisions"}],"predecessor-version":[{"id":523,"href":"https:\/\/cultura.jundiai.sp.gov.br\/festeju\/wp-json\/wp\/v2\/pages\/301\/revisions\/523"}],"wp:featuredmedia":[{"embeddable":true,"href":"https:\/\/cultura.jundiai.sp.gov.br\/festeju\/wp-json\/wp\/v2\/media\/451"}],"wp:attachment":[{"href":"https:\/\/cultura.jundiai.sp.gov.br\/festeju\/wp-json\/wp\/v2\/media?parent=301"}],"curies":[{"name":"wp","href":"https:\/\/api.w.org\/{rel}","templated":true}]}}