{"id":519,"date":"2026-03-05T01:05:36","date_gmt":"2026-03-05T04:05:36","guid":{"rendered":"https:\/\/cultura.jundiai.sp.gov.br\/festeju\/?page_id=519"},"modified":"2026-03-05T01:05:36","modified_gmt":"2026-03-05T04:05:36","slug":"oficina-cia-de-teatro-de-jundiai","status":"publish","type":"page","link":"https:\/\/cultura.jundiai.sp.gov.br\/festeju\/oficina-cia-de-teatro-de-jundiai\/","title":{"rendered":"Oficina Cia. de Teatro de Jundia\u00ed"},"content":{"rendered":"\n<p><strong>Oficina Teatral de Forma\u00e7\u00e3o<br><\/strong>Al\u00e9m de diversas apresenta\u00e7\u00f5es teatrais durante o per\u00edodo do FESTEJU, a Cia. de Teatro de Jundia\u00ed<strong> <\/strong>realizar\u00e1 uma oficina teatral voltada para atores iniciantes, estudantes e artistas amadores, com foco no desenvolvimento de t\u00e9cnicas b\u00e1sicas de interpreta\u00e7\u00e3o, express\u00e3o corporal e cria\u00e7\u00e3o c\u00eanica, contribuindo para a forma\u00e7\u00e3o e o fortalecimento da cena cultural local.<\/p>\n\n\n\n<ul class=\"wp-block-list\">\n<li><strong>Local:<\/strong> Espa\u00e7o Expressa<\/li>\n\n\n\n<li><strong>Datas:<\/strong> 17, 18 e 19 de mar\u00e7o de 2026<\/li>\n\n\n\n<li><strong>Hor\u00e1rio:<\/strong> das 9h30 \u00e0s 12h30<\/li>\n\n\n\n<li><strong>P\u00fablico:<\/strong> Maiores de 18 anos<\/li>\n<\/ul>\n\n\n\n<h3 class=\"wp-block-heading\"><a href=\"https:\/\/docs.google.com\/forms\/d\/e\/1FAIpQLSfUHFJqEsDQJieG3vzErKLoAJ_aIWKnPggtwLswFyYojOOJXQ\/viewform\">Inscreva-se clicando aqui<\/a><\/h3>\n","protected":false},"excerpt":{"rendered":"<p>Oficina Teatral de Forma\u00e7\u00e3oAl\u00e9m de diversas apresenta\u00e7\u00f5es teatrais durante o per\u00edodo do FESTEJU, a Cia. de Teatro de Jundia\u00ed realizar\u00e1 uma oficina teatral voltada para atores iniciantes, estudantes e artistas amadores, com foco no desenvolvimento de t\u00e9cnicas b\u00e1sicas de interpreta\u00e7\u00e3o, express\u00e3o corporal e cria\u00e7\u00e3o c\u00eanica, contribuindo para a forma\u00e7\u00e3o e o fortalecimento da cena cultural [&hellip;]<\/p>\n","protected":false},"author":5,"featured_media":0,"parent":0,"menu_order":0,"comment_status":"closed","ping_status":"closed","template":"","meta":{"footnotes":""},"class_list":["post-519","page","type-page","status-publish","hentry"],"_links":{"self":[{"href":"https:\/\/cultura.jundiai.sp.gov.br\/festeju\/wp-json\/wp\/v2\/pages\/519","targetHints":{"allow":["GET"]}}],"collection":[{"href":"https:\/\/cultura.jundiai.sp.gov.br\/festeju\/wp-json\/wp\/v2\/pages"}],"about":[{"href":"https:\/\/cultura.jundiai.sp.gov.br\/festeju\/wp-json\/wp\/v2\/types\/page"}],"author":[{"embeddable":true,"href":"https:\/\/cultura.jundiai.sp.gov.br\/festeju\/wp-json\/wp\/v2\/users\/5"}],"replies":[{"embeddable":true,"href":"https:\/\/cultura.jundiai.sp.gov.br\/festeju\/wp-json\/wp\/v2\/comments?post=519"}],"version-history":[{"count":1,"href":"https:\/\/cultura.jundiai.sp.gov.br\/festeju\/wp-json\/wp\/v2\/pages\/519\/revisions"}],"predecessor-version":[{"id":520,"href":"https:\/\/cultura.jundiai.sp.gov.br\/festeju\/wp-json\/wp\/v2\/pages\/519\/revisions\/520"}],"wp:attachment":[{"href":"https:\/\/cultura.jundiai.sp.gov.br\/festeju\/wp-json\/wp\/v2\/media?parent=519"}],"curies":[{"name":"wp","href":"https:\/\/api.w.org\/{rel}","templated":true}]}}