{"id":25,"date":"2024-02-29T16:29:00","date_gmt":"2024-02-29T19:29:00","guid":{"rendered":"https:\/\/cultura.jundiai.sp.gov.br\/festivaldecurtas\/?page_id=25"},"modified":"2025-07-17T08:10:20","modified_gmt":"2025-07-17T11:10:20","slug":"mostra-paralela","status":"publish","type":"page","link":"https:\/\/cultura.jundiai.sp.gov.br\/festivaldecurtas\/mostra-paralela\/","title":{"rendered":"Mostra Paralela"},"content":{"rendered":"\n<p><\/p>\n\n\n\n<h3 class=\"wp-block-heading has-text-align-center has-white-color has-text-color has-background has-link-color wp-elements-531704bd59b50409fca43051eebc9c52\" style=\"background-color:#ee2b73\">18 de julho (sexta-feira)<\/h3>\n\n\n\n<p><strong>Hor\u00e1rio:<\/strong> 19h<br><strong>Local:<\/strong> Sala S\u00e3o Paulo-Minas de Cinema do Espa\u00e7o Expressa (avenida Uni\u00e3o dos Ferrovi\u00e1rios, 1760 &#8211; antigo Complexo Fepasa)<br><strong>Dura\u00e7\u00e3o da sess\u00e3o:<\/strong> 53 minutos <\/p>\n\n\n\n<div class=\"wp-block-columns is-layout-flex wp-container-core-columns-is-layout-9d6595d7 wp-block-columns-is-layout-flex\">\n<div class=\"wp-block-column is-layout-flow wp-block-column-is-layout-flow\">\n<h3 class=\"wp-block-heading\">25 Anos de JundComics<\/h3>\n\n\n\n<p><strong>Dire\u00e7\u00e3o: <\/strong>Sander Antonelli Junior<br><strong>G\u00eanero:<\/strong> Document\u00e1rio<br><strong>Classifica\u00e7\u00e3o indicativa: <\/strong>Livre<br><strong>Dura\u00e7\u00e3o:<\/strong> 10min43s<\/p>\n\n\n\n<p><strong>Sinopse:<\/strong> O JundComics existe h\u00e1 25 anos em Jundia\u00ed. Desde sua primeira edi\u00e7\u00e3o, foi com muita luta e ajuda de amigos. Um evento que j\u00e1 trouxe nomes importantes da cultura para a cidade.<\/p>\n<\/div>\n\n\n\n<div class=\"wp-block-column is-layout-flow wp-block-column-is-layout-flow\">\n<h3 class=\"wp-block-heading\">A Senhora<\/h3>\n\n\n\n<p><strong>Dire\u00e7\u00e3o: <\/strong>G\u00e1briel Oliveira<br><strong>G\u00eanero:<\/strong> Fic\u00e7\u00e3o<br><strong>Classifica\u00e7\u00e3o indicativa:<\/strong> Livre<br><strong>Dura\u00e7\u00e3o: <\/strong>12min42s<\/p>\n\n\n\n<p><strong>Sinopse: <\/strong>Ant\u00f4nia, com mais de 80 anos, vive em um lar para idosos. O reencontro com a bisneta a leva a reviver sua trajet\u00f3ria marcada por interna\u00e7\u00e3o em hospital psiqui\u00e1trico e supera\u00e7\u00e3o.<\/p>\n<\/div>\n\n\n\n<div class=\"wp-block-column is-layout-flow wp-block-column-is-layout-flow\">\n<h3 class=\"wp-block-heading\">Limbo<\/h3>\n\n\n\n<p><strong>Dire\u00e7\u00e3o:<\/strong> Eduardo Barbieri<br><strong>G\u00eanero:<\/strong> Fic\u00e7\u00e3o<br><strong>Classifica\u00e7\u00e3o indicativa: <\/strong>Livre<br><strong>Dura\u00e7\u00e3o:<\/strong> 11min43s<\/p>\n\n\n\n<p><strong>Sinopse:<\/strong> B\u00e1rbara vive em abuso e sofrimento at\u00e9 descobrir os espa\u00e7os liminares \u2014 uma realidade entre o real e o imagin\u00e1rio que pode libert\u00e1-la ou aprision\u00e1-la ainda mais.<\/p>\n<\/div>\n<\/div>\n\n\n\n<div style=\"height:50px\" aria-hidden=\"true\" class=\"wp-block-spacer\"><\/div>\n\n\n\n<p><\/p>\n\n\n\n<h3 class=\"wp-block-heading has-text-align-center has-white-color has-text-color has-background has-link-color wp-elements-24497056cdf2270baa676d238b267f75\" style=\"background-color:#ee2b73\">19 de julho (s\u00e1bado) <\/h3>\n\n\n\n<p><strong>Hor\u00e1rio:<\/strong> 19h<br><strong>Local:<\/strong> Sala S\u00e3o Paulo-Minas de Cinema do Espa\u00e7o Expressa (avenida Uni\u00e3o dos Ferrovi\u00e1rios, 1760 &#8211; antigo Complexo Fepasa)<br><strong>Dura\u00e7\u00e3o da sess\u00e3o:<\/strong> 50 minutos<\/p>\n\n\n\n<div class=\"wp-block-columns is-layout-flex wp-container-core-columns-is-layout-9d6595d7 wp-block-columns-is-layout-flex\">\n<div class=\"wp-block-column is-layout-flow wp-block-column-is-layout-flow\">\n<h3 class=\"wp-block-heading\">Guinchar dos Porcos<\/h3>\n\n\n\n<p><strong>Dire\u00e7\u00e3o: <\/strong>Gean Cong\u00ea<br><strong>G\u00eanero: <\/strong>Fic\u00e7\u00e3o<br><strong>Classifica\u00e7\u00e3o indicativa: <\/strong>16 anos<br><strong>Dura\u00e7\u00e3o: <\/strong>20min48s<\/p>\n\n\n\n<p><strong>Sinopse:<\/strong> Um senhor aposentado \u00e9 surpreendido por um assassino, mas prop\u00f5e algo inusitado: sa\u00edrem juntos para comprar uma cal\u00e7a para seu enterro.<\/p>\n<\/div>\n\n\n\n<div class=\"wp-block-column is-layout-flow wp-block-column-is-layout-flow\">\n<h3 class=\"wp-block-heading\">Antonico e Sua M\u00e3e<\/h3>\n\n\n\n<p><strong>Dire\u00e7\u00e3o:<\/strong> Michel Manzato<br><strong>G\u00eanero:<\/strong> Fic\u00e7\u00e3o<br><strong>Classifica\u00e7\u00e3o indicativa: <\/strong>Livre<br><strong>Dura\u00e7\u00e3o:<\/strong> 15min00s<\/p>\n\n\n\n<p><strong>Sinopse:<\/strong> Antonico sonha com liberdade, mas enfrenta a press\u00e3o de sua m\u00e3e e os preconceitos sociais. At\u00e9 onde ele ir\u00e1 por sua felicidade?<\/p>\n<\/div>\n\n\n\n<div class=\"wp-block-column is-layout-flow wp-block-column-is-layout-flow\">\n<h3 class=\"wp-block-heading\">Homines<\/h3>\n\n\n\n<p><strong>Dire\u00e7\u00e3o:<\/strong> Roberto Felipozzi<br><strong>G\u00eanero:<\/strong> Fic\u00e7\u00e3o<br><strong>Classifica\u00e7\u00e3o indicativa:<\/strong> Livre<br><strong>Dura\u00e7\u00e3o:<\/strong> 15min01s<\/p>\n\n\n\n<p><strong>Sinopse:<\/strong> Em 1969, Armstrong e Aldrin pisam na Lua. Mas esta \u00e9 a verdadeira hist\u00f3ria dos bastidores dessa conquista espacial.<\/p>\n<\/div>\n<\/div>\n\n\n\n<div style=\"height:50px\" aria-hidden=\"true\" class=\"wp-block-spacer\"><\/div>\n\n\n\n<p><\/p>\n\n\n\n<h3 class=\"wp-block-heading has-text-align-center has-white-color has-text-color has-background has-link-color wp-elements-3232e4d4107e808e6b957a7c8dae55f5\" style=\"background-color:#ee2b73\"><\/h3>\n\n\n\n<p><\/p>\n\n\n\n<div style=\"height:100px\" aria-hidden=\"true\" class=\"wp-block-spacer\"><\/div>\n","protected":false},"excerpt":{"rendered":"<p>18 de julho (sexta-feira) Hor\u00e1rio: 19hLocal: Sala S\u00e3o Paulo-Minas de Cinema do Espa\u00e7o Expressa (avenida Uni\u00e3o dos Ferrovi\u00e1rios, 1760 &#8211; antigo Complexo Fepasa)Dura\u00e7\u00e3o da sess\u00e3o: 53 minutos 25 Anos de JundComics Dire\u00e7\u00e3o: Sander Antonelli JuniorG\u00eanero: Document\u00e1rioClassifica\u00e7\u00e3o indicativa: LivreDura\u00e7\u00e3o: 10min43s Sinopse: O JundComics existe h\u00e1 25 anos em Jundia\u00ed. Desde sua primeira edi\u00e7\u00e3o, foi com muita [&hellip;]<\/p>\n","protected":false},"author":12,"featured_media":0,"parent":0,"menu_order":0,"comment_status":"closed","ping_status":"closed","template":"","meta":{"footnotes":""},"class_list":["post-25","page","type-page","status-publish","hentry"],"_links":{"self":[{"href":"https:\/\/cultura.jundiai.sp.gov.br\/festivaldecurtas\/wp-json\/wp\/v2\/pages\/25","targetHints":{"allow":["GET"]}}],"collection":[{"href":"https:\/\/cultura.jundiai.sp.gov.br\/festivaldecurtas\/wp-json\/wp\/v2\/pages"}],"about":[{"href":"https:\/\/cultura.jundiai.sp.gov.br\/festivaldecurtas\/wp-json\/wp\/v2\/types\/page"}],"author":[{"embeddable":true,"href":"https:\/\/cultura.jundiai.sp.gov.br\/festivaldecurtas\/wp-json\/wp\/v2\/users\/12"}],"replies":[{"embeddable":true,"href":"https:\/\/cultura.jundiai.sp.gov.br\/festivaldecurtas\/wp-json\/wp\/v2\/comments?post=25"}],"version-history":[{"count":14,"href":"https:\/\/cultura.jundiai.sp.gov.br\/festivaldecurtas\/wp-json\/wp\/v2\/pages\/25\/revisions"}],"predecessor-version":[{"id":176,"href":"https:\/\/cultura.jundiai.sp.gov.br\/festivaldecurtas\/wp-json\/wp\/v2\/pages\/25\/revisions\/176"}],"wp:attachment":[{"href":"https:\/\/cultura.jundiai.sp.gov.br\/festivaldecurtas\/wp-json\/wp\/v2\/media?parent=25"}],"curies":[{"name":"wp","href":"https:\/\/api.w.org\/{rel}","templated":true}]}}