{"id":70,"date":"2025-07-15T10:45:22","date_gmt":"2025-07-15T13:45:22","guid":{"rendered":"https:\/\/cultura.jundiai.sp.gov.br\/festivaldecurtas\/?page_id=70"},"modified":"2025-07-15T15:23:22","modified_gmt":"2025-07-15T18:23:22","slug":"masterclasses-e-palestras","status":"publish","type":"page","link":"https:\/\/cultura.jundiai.sp.gov.br\/festivaldecurtas\/masterclasses-e-palestras\/","title":{"rendered":"Masterclasses e palestras"},"content":{"rendered":"\n<p>Para esta edi\u00e7\u00e3o do Festival de Curtas-Metragens de Jundia\u00ed, a Unidade de Gest\u00e3o de Cultura (UGC) firmou uma parceria com o CULTSP PRO, programa de qualifica\u00e7\u00e3o profissional, inova\u00e7\u00e3o e sustentabilidade da Secretaria da Cultura, Economia e Ind\u00fastria Criativas do Governo do Estado de S\u00e3o Paulo. A programa\u00e7\u00e3o gratuita trar\u00e1 para o festival uma s\u00e9rie de masterclasses e palestras, marcados para os dois domingos do festival, na Sala S\u00e3o Paulo-Minas de Cinema do Espa\u00e7o Expressa. <\/p>\n\n\n\n<p><strong>Participa\u00e7\u00e3o: <\/strong>por ordem de chegada, sem necessidade de inscri\u00e7\u00e3o pr\u00e9via<\/p>\n\n\n\n<p><strong>Vagas:<\/strong> a Sala S\u00e3o Paulo-Minas conta com 90 lugares<\/p>\n\n\n\n<p><strong>Faixa et\u00e1ria:<\/strong>&nbsp;maiores de 16 anos<\/p>\n\n\n\n<p><strong>P\u00fablico-alvo:<\/strong>&nbsp;produtores de cinema, profissionais do audiovisual, produtores culturais, cineastas e demais interessados nas tem\u00e1ticas das atividades<\/p>\n\n\n\n<p><strong>Confira os detalhes da programa\u00e7\u00e3o:<\/strong><\/p>\n\n\n\n<h3 class=\"wp-block-heading has-text-align-center has-white-color has-text-color has-background has-link-color wp-elements-a2bf3b401af54dc1ce1dbfa7b3f3ccba\" style=\"background-color:#ee2b73\">20 de julho (domingo) <\/h3>\n\n\n\n<h3 class=\"wp-block-heading\">Masterclass 1 &#8211; A arte do som direto para filmes e s\u00e9ries<\/h3>\n\n\n\n<p><strong>Hor\u00e1rio: <\/strong>das 10h \u00e0s 12h<br><strong>Palestrante:<\/strong> Maria Clara Cervantes<\/p>\n\n\n\n<div style=\"height:50px\" aria-hidden=\"true\" class=\"wp-block-spacer\"><\/div>\n\n\n\n<h3 class=\"wp-block-heading\">Palestra 1 &#8211; Cinema do interior e suas particularidades<\/h3>\n\n\n\n<p><strong>Hor\u00e1rio: <\/strong>das 14h \u00e0s 15h30<br><strong>Palestrante:<\/strong> Bruna Epiphanio<\/p>\n\n\n\n<div style=\"height:50px\" aria-hidden=\"true\" class=\"wp-block-spacer\"><\/div>\n\n\n\n<h3 class=\"wp-block-heading\"> Palestra 2 &#8211; Caixa de ferramentas do roteirista: estruturas narrativas<\/h3>\n\n\n\n<p><strong>Hor\u00e1rio: <\/strong>das 15h30 \u00e0s 17h<br><strong>Palestrante:<\/strong> Matheus Colen<\/p>\n\n\n\n<div style=\"height:100px\" aria-hidden=\"true\" class=\"wp-block-spacer\"><\/div>\n\n\n\n<h3 class=\"wp-block-heading has-text-align-center has-white-color has-text-color has-background has-link-color wp-elements-20096aba16b01652a798aeacc11ccbc0\" style=\"background-color:#ee2b73\">27 de julho (domingo)<\/h3>\n\n\n\n<h3 class=\"wp-block-heading\">Masterclass 2 &#8211; Estrat\u00e9gias de produ\u00e7\u00e3o audiovisual do interior paulista para o streaming<\/h3>\n\n\n\n<p><strong>Hor\u00e1rio: <\/strong>das 10h \u00e0s 12h<br><strong>Palestrante:<\/strong> Diego da Costa<\/p>\n\n\n\n<div style=\"height:50px\" aria-hidden=\"true\" class=\"wp-block-spacer\"><\/div>\n\n\n\n<h3 class=\"wp-block-heading\">Palestra 3 &#8211; Estrat\u00e9gias de produ\u00e7\u00e3o executiva na realiza\u00e7\u00e3o de projetos audiovisuais<\/h3>\n\n\n\n<p><strong>Hor\u00e1rio: <\/strong>das 15h30 \u00e0s 17h<br><strong>Palestrante:<\/strong> Vanessa Montenegro<\/p>\n\n\n\n<div style=\"height:50px\" aria-hidden=\"true\" class=\"wp-block-spacer\"><\/div>\n\n\n\n<h3 class=\"wp-block-heading\">Palestra 4 &#8211; A import\u00e2ncia estrat\u00e9gica do color grading na finaliza\u00e7\u00e3o de curtas<\/h3>\n\n\n\n<p><strong>Hor\u00e1rio: <\/strong>das 17h \u00e0s 18h30 <br><strong>Palestrante:<\/strong> Lohan Duarte<br><\/p>\n\n\n\n<hr class=\"wp-block-separator has-alpha-channel-opacity\" \/>\n\n\n\n<h3 class=\"wp-block-heading has-text-align-center has-background\" style=\"background-color:#ee2b73\"><a href=\"https:\/\/cultura.jundiai.sp.gov.br\/festivaldecurtas\/biografias\/\">Confira aqui as biografias dos mediadores e palestrantes desta edi\u00e7\u00e3o<\/a><\/h3>\n","protected":false},"excerpt":{"rendered":"<p>Para esta edi\u00e7\u00e3o do Festival de Curtas-Metragens de Jundia\u00ed, a Unidade de Gest\u00e3o de Cultura (UGC) firmou uma parceria com o CULTSP PRO, programa de qualifica\u00e7\u00e3o profissional, inova\u00e7\u00e3o e sustentabilidade da Secretaria da Cultura, Economia e Ind\u00fastria Criativas do Governo do Estado de S\u00e3o Paulo. A programa\u00e7\u00e3o gratuita trar\u00e1 para o festival uma s\u00e9rie de [&hellip;]<\/p>\n","protected":false},"author":12,"featured_media":0,"parent":0,"menu_order":0,"comment_status":"closed","ping_status":"closed","template":"","meta":{"footnotes":""},"class_list":["post-70","page","type-page","status-publish","hentry"],"_links":{"self":[{"href":"https:\/\/cultura.jundiai.sp.gov.br\/festivaldecurtas\/wp-json\/wp\/v2\/pages\/70","targetHints":{"allow":["GET"]}}],"collection":[{"href":"https:\/\/cultura.jundiai.sp.gov.br\/festivaldecurtas\/wp-json\/wp\/v2\/pages"}],"about":[{"href":"https:\/\/cultura.jundiai.sp.gov.br\/festivaldecurtas\/wp-json\/wp\/v2\/types\/page"}],"author":[{"embeddable":true,"href":"https:\/\/cultura.jundiai.sp.gov.br\/festivaldecurtas\/wp-json\/wp\/v2\/users\/12"}],"replies":[{"embeddable":true,"href":"https:\/\/cultura.jundiai.sp.gov.br\/festivaldecurtas\/wp-json\/wp\/v2\/comments?post=70"}],"version-history":[{"count":9,"href":"https:\/\/cultura.jundiai.sp.gov.br\/festivaldecurtas\/wp-json\/wp\/v2\/pages\/70\/revisions"}],"predecessor-version":[{"id":172,"href":"https:\/\/cultura.jundiai.sp.gov.br\/festivaldecurtas\/wp-json\/wp\/v2\/pages\/70\/revisions\/172"}],"wp:attachment":[{"href":"https:\/\/cultura.jundiai.sp.gov.br\/festivaldecurtas\/wp-json\/wp\/v2\/media?parent=70"}],"curies":[{"name":"wp","href":"https:\/\/api.w.org\/{rel}","templated":true}]}}