{"id":9,"date":"2024-03-01T12:25:00","date_gmt":"2024-03-01T15:25:00","guid":{"rendered":"https:\/\/cultura.jundiai.sp.gov.br\/festivaldecurtas\/?page_id=9"},"modified":"2025-07-29T09:03:47","modified_gmt":"2025-07-29T12:03:47","slug":"edicao-2024","status":"publish","type":"page","link":"https:\/\/cultura.jundiai.sp.gov.br\/festivaldecurtas\/","title":{"rendered":"5\u00ba Festival de Curtas-Metragens de Jundia\u00ed 2025"},"content":{"rendered":"\n<p>Numa realiza\u00e7\u00e3o da<strong> Unidade de Gest\u00e3o de Cultura (UGC) <\/strong>da Prefeitura de Jundia\u00ed, em parceria com o Conselho Municipal de Pol\u00edtica Cultural (CMPC), o 5\u00ba Festival de Curtas-Metragens foi realizado entre os dias 18 e 27 de julho, na Sala S\u00e3o Paulo-Minas de Cinema do Espa\u00e7o Expressa<\/p>\n\n\n\n<p>Dividida nas categorias Document\u00e1rio, Experimental e Fic\u00e7\u00e3o, programa\u00e7\u00e3o contou, nos dias 18 e 19 de julho, com as exibi\u00e7\u00f5es da Mostra Paralela. J\u00e1 nos dias 22, 23, 25, 26 e 27 de julho, foram realizadas as exibi\u00e7\u00f5es dos 24 curtas-metragens com maiores pontua\u00e7\u00f5es selecionados. Os tr\u00eas campe\u00f5es tamb\u00e9m receberam o novo trof\u00e9u do festival, que homenageia a Ponte Torta, num desenho do artista Lucas Moreira, da c\u00e2mara setorial do Audiovisual do CMPC.<\/p>\n\n\n\n<p>O primeiro colocado foi \u201cDone Irene\u201d, dirigido por Gustavo Campos. J\u00e1 o segundo lugar foi para o filme \u201cVermelho Urucum, Preto Jenipapo\u201d, da produtora ZS Filmes. E o terceiro colocado foi \u201cCogito Ergo Sum\u201d, dirigido por Sai.<\/p>\n\n\n\n<p>O 3\u00aa, 2\u00ba e 1\u00ba lugares da Mostra Competitiva receberam premia\u00e7\u00f5es de R$ 1mil, R$ 1,5mil e R$ 2 mil, respectivamente, e receber\u00e3o ainda um trof\u00e9u. Tamb\u00e9m foram premiados com R$ 500 cada os colocados entre a 4\u00aa e 24\u00aa coloca\u00e7\u00e3o, totalizando, assim, R$ 15 mil de premia\u00e7\u00e3o no festival. <\/p>\n\n\n\n<p>Para esta edi\u00e7\u00e3o do Festival, a UGC firmou uma parceria com o CULTSP PRO, programa de qualifica\u00e7\u00e3o profissional, inova\u00e7\u00e3o e sustentabilidade da Secretaria da Cultura, Economia e Ind\u00fastria Criativas do Governo do Estado de S\u00e3o Paulo, para a realiza\u00e7\u00e3o de masterclasses e palestras nos dois domingos do festival.<\/p>\n\n\n\n<div style=\"height:50px\" aria-hidden=\"true\" class=\"wp-block-spacer\"><\/div>\n\n\n\n<h2 class=\"wp-block-heading has-text-align-center has-white-color has-text-color has-background has-link-color wp-elements-7be4c189e86128e61b472e54e38bcc5b\" style=\"background-color:#ee2b73\">Confira os detalhes da programa\u00e7\u00e3o:<\/h2>\n\n\n\n<h2 class=\"wp-block-heading\"><strong>Mostra Paralela<\/strong><\/h2>\n\n\n\n<p><a href=\"https:\/\/cultura.jundiai.sp.gov.br\/festivaldecurtas\/edicao-2024\/mostra-paralela\/\">Confira os detalhes<\/a><\/p>\n\n\n\n<hr class=\"wp-block-separator has-css-opacity\" \/>\n\n\n\n<h2 class=\"wp-block-heading\"><strong>Mostra Competitiva <\/strong><\/h2>\n\n\n\n<p><a href=\"https:\/\/cultura.jundiai.sp.gov.br\/festivaldecurtas\/edicao-2024\/mostra-competitiva\/\">Confira os detalhes<\/a> <\/p>\n\n\n\n<hr class=\"wp-block-separator has-alpha-channel-opacity\" \/>\n\n\n\n<h2 class=\"wp-block-heading\"><strong>Masterclasses e Palestras<\/strong><\/h2>\n\n\n\n<p><a href=\"https:\/\/cultura.jundiai.sp.gov.br\/festivaldecurtas\/masterclasses-e-palestras\/\">Confira os detalhes<\/a><strong> <\/strong><\/p>\n","protected":false},"excerpt":{"rendered":"<p>Numa realiza\u00e7\u00e3o da Unidade de Gest\u00e3o de Cultura (UGC) da Prefeitura de Jundia\u00ed, em parceria com o Conselho Municipal de Pol\u00edtica Cultural (CMPC), o 5\u00ba Festival de Curtas-Metragens foi realizado entre os dias 18 e 27 de julho, na Sala S\u00e3o Paulo-Minas de Cinema do Espa\u00e7o Expressa Dividida nas categorias Document\u00e1rio, Experimental e Fic\u00e7\u00e3o, programa\u00e7\u00e3o [&hellip;]<\/p>\n","protected":false},"author":12,"featured_media":52,"parent":0,"menu_order":0,"comment_status":"closed","ping_status":"closed","template":"","meta":{"footnotes":""},"class_list":["post-9","page","type-page","status-publish","has-post-thumbnail","hentry"],"_links":{"self":[{"href":"https:\/\/cultura.jundiai.sp.gov.br\/festivaldecurtas\/wp-json\/wp\/v2\/pages\/9","targetHints":{"allow":["GET"]}}],"collection":[{"href":"https:\/\/cultura.jundiai.sp.gov.br\/festivaldecurtas\/wp-json\/wp\/v2\/pages"}],"about":[{"href":"https:\/\/cultura.jundiai.sp.gov.br\/festivaldecurtas\/wp-json\/wp\/v2\/types\/page"}],"author":[{"embeddable":true,"href":"https:\/\/cultura.jundiai.sp.gov.br\/festivaldecurtas\/wp-json\/wp\/v2\/users\/12"}],"replies":[{"embeddable":true,"href":"https:\/\/cultura.jundiai.sp.gov.br\/festivaldecurtas\/wp-json\/wp\/v2\/comments?post=9"}],"version-history":[{"count":26,"href":"https:\/\/cultura.jundiai.sp.gov.br\/festivaldecurtas\/wp-json\/wp\/v2\/pages\/9\/revisions"}],"predecessor-version":[{"id":188,"href":"https:\/\/cultura.jundiai.sp.gov.br\/festivaldecurtas\/wp-json\/wp\/v2\/pages\/9\/revisions\/188"}],"wp:featuredmedia":[{"embeddable":true,"href":"https:\/\/cultura.jundiai.sp.gov.br\/festivaldecurtas\/wp-json\/wp\/v2\/media\/52"}],"wp:attachment":[{"href":"https:\/\/cultura.jundiai.sp.gov.br\/festivaldecurtas\/wp-json\/wp\/v2\/media?parent=9"}],"curies":[{"name":"wp","href":"https:\/\/api.w.org\/{rel}","templated":true}]}}