{"id":12,"date":"2024-07-05T14:21:00","date_gmt":"2024-07-05T17:21:00","guid":{"rendered":"https:\/\/cultura.jundiai.sp.gov.br\/festivaldemusica\/?page_id=12"},"modified":"2025-10-28T08:31:07","modified_gmt":"2025-10-28T11:31:07","slug":"edicao-2025","status":"publish","type":"page","link":"https:\/\/cultura.jundiai.sp.gov.br\/festivaldemusica\/","title":{"rendered":"4\u00ba Festival de M\u00fasica 2025"},"content":{"rendered":"\n<p>A Secretaria Municipal de Cultura (SMCULT) da Prefeitura realizou, entre os dias 23 e 26 de outubro, a 4\u00aa edi\u00e7\u00e3o do Festival de M\u00fasica de Jundia\u00ed. Com as participa\u00e7\u00f5es de 27 inscritos selecionados, entre composi\u00e7\u00f5es musicais, m\u00fasicos profissionais e cantores amadores e profissionais, as apresenta\u00e7\u00f5es foram realizadas na Sala Gl\u00f3ria Rocha do Centro das Artes, que fica na rua Bar\u00e3o de Jundia\u00ed, 1.093 \u2013 Centro, em tr\u00eas m\u00f3dulos, totalizando mais de R$ 30 mil em premia\u00e7\u00f5es.<\/p>\n\n\n\n<p><strong>Confira abaixo a programa\u00e7\u00e3o realizada nesta edi\u00e7\u00e3o: <\/strong><\/p>\n\n\n\n<h2 class=\"wp-block-heading has-text-align-center has-black-color has-text-color has-background has-link-color wp-elements-01d1ef9af3318651c48f70184dd5f3df\" style=\"background-color:#fad100\">Apresenta\u00e7\u00f5es<\/h2>\n\n\n\n<h3 class=\"wp-block-heading has-text-align-center has-black-color has-text-color has-background has-link-color wp-elements-d80fdea8167be9d5fc05617e75586d7d\" style=\"background-color:#fad100\">23 de outubro (quinta-feira) <\/h3>\n\n\n\n<div class=\"wp-block-columns is-layout-flex wp-container-core-columns-is-layout-9d6595d7 wp-block-columns-is-layout-flex\">\n<div class=\"wp-block-column is-layout-flow wp-block-column-is-layout-flow\">\n<h3 class=\"wp-block-heading\">Apresenta\u00e7\u00e3o convidada: Show de viol\u00e3o e violino com as turmas do Projeto Guri &#8211; N\u00facleo Jundia\u00ed<\/h3>\n\n\n\n<p><strong>Hor\u00e1rio:<\/strong> 15h<br><strong>Local: <\/strong>Sala Gl\u00f3ria Rocha<br><strong><strong><strong>Entrada gratuita &#8211; a distribui\u00e7\u00e3o dos ingressos inicia-se uma hora antes do in\u00edcio do espet\u00e1culo, somente na bilheteria do Centro das Artes <\/strong><\/strong><\/strong><\/p>\n\n\n\n<div style=\"height:50px\" aria-hidden=\"true\" class=\"wp-block-spacer\"><\/div>\n\n\n\n<h3 class=\"wp-block-heading\">Show de abertura, com Diego Figueiredo<\/h3>\n\n\n\n<p><strong>Hor\u00e1rio:<\/strong> 19h<br><strong>Local: <\/strong>Sala Gl\u00f3ria Rocha<br><strong><strong><strong>Entrada gratuita &#8211; a distribui\u00e7\u00e3o dos ingressos inicia-se uma hora antes do in\u00edcio do espet\u00e1culo, somente na bilheteria do Centro das Artes <\/strong><\/strong><\/strong><\/p>\n\n\n\n<p><strong>Sinopse:<\/strong> Indicado ao Grammy e aclamado internacionalmente, o violonista Diego Figueiredo retorna ao Brasil e faz no Festival de M\u00fasica de Jundia\u00ed o show de lan\u00e7amento de \u201cViol\u00e3o Caipira\u201d, \u00e1lbum que conta com a participa\u00e7\u00e3o de S\u00e9rgio Reis, Almir Sater e Renato Teixeira.<\/p>\n\n\n\n<p>Com uma carreira internacional consolidada e 30 \u00e1lbuns lan\u00e7ados, Diego Figueiredo j\u00e1 se apresentou em mais de 70 pa\u00edses, sendo reconhecido por sua t\u00e9cnica impec\u00e1vel, musicalidade expressiva e carisma nos palcos. Considerado um dos grandes nomes do viol\u00e3o no cen\u00e1rio mundial, o m\u00fasico acaba de chegar dos EUA, onde tocou em festivais de jazz em Los Angeles e Colorado. \u201cViol\u00e3o Caipira\u201d \u00e9 uma homenagem sens\u00edvel e sofisticada \u00e0s tradi\u00e7\u00f5es do interior do Brasil, que contou com a participa\u00e7\u00e3o de grandes \u00edcones da m\u00fasica sertaneja de raiz.<\/p>\n\n\n\n<p>O lan\u00e7amento do \u00e1lbum \u201cViol\u00e3o Caipira\u201d \u00e9 realizado com apoio da Pol\u00edtica Nacional Aldir Blanc de Fomento \u00e0 Cultura (PNAB), do Programa de A\u00e7\u00e3o Cultural (ProAC) da Secretaria da Cultura, Economia e Ind\u00fastria Criativas do Governo do Estado de S\u00e3o Paulo e do Minist\u00e9rio da Cultura &#8211; Governo Federal.<\/p>\n<\/div>\n\n\n\n<div class=\"wp-block-column is-vertically-aligned-center is-layout-flow wp-block-column-is-layout-flow\"><div class=\"wp-block-image\">\n<figure class=\"aligncenter size-full\"><img loading=\"lazy\" decoding=\"async\" width=\"600\" height=\"600\" src=\"https:\/\/cultura.jundiai.sp.gov.br\/festivaldemusica\/wp-content\/uploads\/sites\/11\/2025\/10\/Diego_Figueiredo_1.png\" alt=\"\" class=\"wp-image-230\" srcset=\"https:\/\/cultura.jundiai.sp.gov.br\/festivaldemusica\/wp-content\/uploads\/sites\/11\/2025\/10\/Diego_Figueiredo_1.png 600w, https:\/\/cultura.jundiai.sp.gov.br\/festivaldemusica\/wp-content\/uploads\/sites\/11\/2025\/10\/Diego_Figueiredo_1-100x100.png 100w\" sizes=\"auto, (max-width: 600px) 100vw, 600px\" \/><\/figure>\n<\/div><\/div>\n<\/div>\n\n\n\n<h3 class=\"wp-block-heading\"><\/h3>\n\n\n\n<div style=\"height:50px\" aria-hidden=\"true\" class=\"wp-block-spacer\"><\/div>\n\n\n\n<h3 class=\"wp-block-heading has-text-align-center has-black-color has-text-color has-background has-link-color wp-elements-cbecb6d75ab3c6a38dcd31c6c6fadf25\" style=\"background-color:#fad100\">24 de outubro (sexta-feira)<\/h3>\n\n\n\n<p><strong><strong>Hor\u00e1rio:<\/strong> <\/strong>19h30<strong><br><strong>Local:<\/strong><\/strong> Sala Gl\u00f3ria Rocha<strong><br><strong><strong><strong>Entrada gratuita &#8211; a distribui\u00e7\u00e3o dos ingressos inicia-se uma hora antes do in\u00edcio do espet\u00e1culo, somente na bilheteria do Centro das Artes <\/strong><\/strong><\/strong><\/strong><\/p>\n\n\n\n<div class=\"wp-block-columns is-layout-flex wp-container-core-columns-is-layout-9d6595d7 wp-block-columns-is-layout-flex\">\n<div class=\"wp-block-column is-layout-flow wp-block-column-is-layout-flow\">\n<p>Int\u00e9rprete: Gabriel Nascimento<br>M\u00fasica: Fly Me To The Moon<br>Autores: Count Basie e Frank Sinatra<\/p>\n\n\n\n<p>Int\u00e9rprete: L\u00e9o Doravanti<br>M\u00fasica: Somewhere Only We Know<br>Autor: Keane<\/p>\n\n\n\n<p>Int\u00e9rprete: D\u00e2maris Salom\u00e9<br>M\u00fasica: Bem que se quis<br>Autora: Marisa Monte<\/p>\n<\/div>\n\n\n\n<div class=\"wp-block-column is-layout-flow wp-block-column-is-layout-flow\">\n<p>Int\u00e9rprete: Digois<br>M\u00fasica: Como nossos pais<br>Autor: Belchior<\/p>\n\n\n\n<p>Compositor: Shirley Esp\u00edndola<br>M\u00fasica: Se v\u00ea ao longe<br>Autores: Shirley Esp\u00edndola e Sapiranga<\/p>\n<\/div>\n\n\n\n<div class=\"wp-block-column is-layout-flow wp-block-column-is-layout-flow\">\n<p>Compositor: Wesley C\u00e1ssio<br>M\u00fasica: Mentira Amor<br>Autor: Wesley C\u00e1ssio<\/p>\n\n\n\n<p>Int\u00e9rprete: Murilo Zart<br>M\u00fasica: Set Fire To The Rain<br>Autora: Adele<\/p>\n<\/div>\n<\/div>\n\n\n\n<div style=\"height:50px\" aria-hidden=\"true\" class=\"wp-block-spacer\"><\/div>\n\n\n\n<h3 class=\"wp-block-heading has-text-align-center has-black-color has-text-color has-background has-link-color wp-elements-6df28592a6cc41dacc99e37edb377eff\" style=\"background-color:#fad100\">25 de outubro (s\u00e1bado)<\/h3>\n\n\n\n<p><strong><strong>Hor\u00e1rio:<\/strong> <\/strong>19h<strong><br><strong>Local:<\/strong><\/strong> Sala Gl\u00f3ria Rocha<strong><br><strong>Entrada gratuita &#8211; a distribui\u00e7\u00e3o dos ingressos inicia-se uma hora antes do in\u00edcio do espet\u00e1culo, somente na bilheteria do Centro das Artes <\/strong><\/strong><\/p>\n\n\n\n<div class=\"wp-block-columns is-layout-flex wp-container-core-columns-is-layout-9d6595d7 wp-block-columns-is-layout-flex\">\n<div class=\"wp-block-column is-layout-flow wp-block-column-is-layout-flow\">\n<p>Grupo: Sombraluz<br>M\u00fasica: Culpa<br>Autor: Sombraluz<\/p>\n\n\n\n<p>Int\u00e9rprete: Jhampierry<br>M\u00fasica: Espero que sim<br>Autor: Jhampierry<\/p>\n\n\n\n<p>Int\u00e9rprete: Carol Moniz<br>M\u00fasica: Se voc\u00ea quiser saber<br>Autora: Carol Moniz<\/p>\n<\/div>\n\n\n\n<div class=\"wp-block-column is-layout-flow wp-block-column-is-layout-flow\">\n<p>Banda: Overdrive Luna<br>M\u00fasica: Carcosa<br>Autores: Mad Mexx e Jos\u00e9 Marcura<\/p>\n\n\n\n<p>Grupo: Alpiste<br>M\u00fasica: E a\u00ed ent\u00e3o?<br>Autores: Maria Silvia de Moraes Victor e Humberto de Alc\u00e2ntara Pereira<\/p>\n\n\n\n<p>Int\u00e9rprete: Masp<br>M\u00fasica: Introdu\u00e7\u00e3o ao Manifesto<br>Autor: Masp<\/p>\n<\/div>\n\n\n\n<div class=\"wp-block-column is-layout-flow wp-block-column-is-layout-flow\">\n<p>Banda: Rumore<br>M\u00fasica: Tran\u00e7a<br>Autores: Lucas Negri Fernandes, Giancarlo Adriani Pastre Ramos e Pedro Zomignani<\/p>\n\n\n\n<p>Int\u00e9rprete: Juliana Eva<br>M\u00fasica: Casulo Borboleta<br>Autora: Juliana Eva<\/p>\n\n\n\n<p>Int\u00e9rprete: Matheus Audan<br>M\u00fasica: Al\u00e9m do story<br>Autor: Matheus Audan<\/p>\n<\/div>\n<\/div>\n\n\n\n<div style=\"height:50px\" aria-hidden=\"true\" class=\"wp-block-spacer\"><\/div>\n\n\n\n<h3 class=\"wp-block-heading has-text-align-center has-black-color has-text-color has-background has-link-color wp-elements-3dc3f9dfaea85ba1e3764e01abb1df79\" style=\"background-color:#fad100\">26 de outubro (domingo)<\/h3>\n\n\n\n<p><strong><strong>Hor\u00e1rio:<\/strong> <\/strong>16h<strong><br><strong>Local:<\/strong><\/strong> Sala Gl\u00f3ria Rocha<strong><br><strong><strong><strong>Entrada gratuita &#8211; a distribui\u00e7\u00e3o dos ingressos inicia-se uma hora antes do in\u00edcio do espet\u00e1culo, somente na bilheteria do Centro das Artes <\/strong><\/strong><\/strong><\/strong><\/p>\n\n\n\n<div class=\"wp-block-columns is-layout-flex wp-container-core-columns-is-layout-9d6595d7 wp-block-columns-is-layout-flex\">\n<div class=\"wp-block-column is-layout-flow wp-block-column-is-layout-flow\">\n<p>Grupo: Yuri Apsy<br>M\u00fasica: Your Eyes<br>Autor: Yuri Apsy<\/p>\n\n\n\n<p>Int\u00e9rprete: Isa Lima<br>M\u00fasica: Museu das Novas Musas<br>Autores: Mart\u00edneck e Narciso Jr<\/p>\n\n\n\n<p>Grupo: Duestesia<br>M\u00fasica: Vendavais<br>Autores: Gabriella Santana Naso de Oliveira, Leonardo Augusto Marchi e Adriano Brandini de Sousa<\/p>\n<\/div>\n\n\n\n<div class=\"wp-block-column is-layout-flow wp-block-column-is-layout-flow\">\n<p>Int\u00e9rprete: Fran\u00e7a<br>M\u00fasica: Cia Carris de Ferro<br>Autor: Fran\u00e7a<\/p>\n\n\n\n<p>Int\u00e9rprete: Gabz<br>M\u00fasica: Try Again<br>Autores: D.ear &amp; Jaehyun (arranjo So Soo Bin)<\/p>\n<\/div>\n\n\n\n<div class=\"wp-block-column is-layout-flow wp-block-column-is-layout-flow\">\n<p>Int\u00e9rprete: Manu<br>M\u00fasica: Circo<br>Autora: Venere Vai Venus<\/p>\n\n\n\n<p>Int\u00e9rprete: Tom Arch\u00e2ngelo<br>M\u00fasica: Veludo Marrom<br>Autora: Liniker<\/p>\n<\/div>\n<\/div>\n\n\n\n<div style=\"height:50px\" aria-hidden=\"true\" class=\"wp-block-spacer\"><\/div>\n\n\n\n<div class=\"wp-block-columns is-layout-flex wp-container-core-columns-is-layout-9d6595d7 wp-block-columns-is-layout-flex\">\n<div class=\"wp-block-column is-layout-flow wp-block-column-is-layout-flow\">\n<h3 class=\"wp-block-heading\">Show de encerramento &#8220;Choronas 30 anos &#8211; Elas na Roda&#8221;<\/h3>\n\n\n\n<p><strong>Hor\u00e1rio:<\/strong> 19h<br><strong>Local: <\/strong>Sala Gl\u00f3ria Rocha<br><strong><strong><strong>Entrada gratuita &#8211; a distribui\u00e7\u00e3o dos ingressos inicia-se uma hora antes do in\u00edcio do espet\u00e1culo, somente na bilheteria do Centro das Artes <\/strong><\/strong><\/strong><\/p>\n\n\n\n<p><strong>Sinopse: <\/strong>Formado por Ana Claudia C\u00e9sar (cavaco), Paola Picherzky (viol\u00e3o 7 cordas), Miriam C\u00e1pua (percuss\u00e3o) e Cibele Palopoli (flauta transversal), o grupo Choronas celebra 30 anos de trajet\u00f3ria com o projeto \u201cChoronas 30 Anos &#8211; Elas na Roda\u201d. O show da turn\u00ea percorre oito munic\u00edpios do interior paulista e, em Jundia\u00ed, encerra a 4\u00aa edi\u00e7\u00e3o do Festival de M\u00fasica.<\/p>\n\n\n\n<p>Reconhecidas como pioneiras na forma\u00e7\u00e3o de um grupo de choro exclusivamente feminino, as Choronas consolidaram-se como refer\u00eancia na m\u00fasica instrumental brasileira, com trajet\u00f3ria marcada por excel\u00eancia musical, inova\u00e7\u00e3o e compromisso com a representatividade de g\u00eanero, rompendo com a tradi\u00e7\u00e3o hist\u00f3rica das rodas de choro, predominantemente masculinas.<\/p>\n\n\n\n<p>O projeto apresenta um repert\u00f3rio que homenageia compositoras fundamentais da m\u00fasica brasileira como Chiquinha Gonzaga, Dona Ivone Lara e Anast\u00e1cia, al\u00e9m de obras autorais das Choronas e cl\u00e1ssicos do choro como \u201cTico-Tico no Fub\u00e1\u201d (Zequinha de Abreu) e \u201cTrem das Onze\u201d (Adoniran Barbosa).<\/p>\n\n\n\n<p>O espet\u00e1culo tem formato did\u00e1tico, com contextualiza\u00e7\u00f5es hist\u00f3ricas e espa\u00e7o para intera\u00e7\u00e3o com o p\u00fablico, promovendo um di\u00e1logo acess\u00edvel e enriquecedor. Al\u00e9m disso, garantem inclus\u00e3o para diferentes p\u00fablicos, pois todas as atividades s\u00e3o gratuitas e acess\u00edveis, com estrutura adaptada, presen\u00e7a de int\u00e9rpretes de Libras e agentes de acessibilidade.<\/p>\n\n\n\n<p>Ao longo de sua trajet\u00f3ria, o grupo lan\u00e7ou seis CDs, recebeu o Pr\u00eamio Profissionais da M\u00fasica e realizou turn\u00eas nacionais e internacionais, como a que passou por pa\u00edses do Leste Europeu em 2022, a convite da Embaixada do Brasil.<\/p>\n<\/div>\n\n\n\n<div class=\"wp-block-column is-vertically-aligned-center is-layout-flow wp-block-column-is-layout-flow\">\n<figure class=\"wp-block-image size-full\"><img loading=\"lazy\" decoding=\"async\" width=\"600\" height=\"600\" src=\"https:\/\/cultura.jundiai.sp.gov.br\/festivaldemusica\/wp-content\/uploads\/sites\/11\/2025\/10\/Choronas_Foto_Gal_Oppido_2.png\" alt=\"\" class=\"wp-image-244\" srcset=\"https:\/\/cultura.jundiai.sp.gov.br\/festivaldemusica\/wp-content\/uploads\/sites\/11\/2025\/10\/Choronas_Foto_Gal_Oppido_2.png 600w, https:\/\/cultura.jundiai.sp.gov.br\/festivaldemusica\/wp-content\/uploads\/sites\/11\/2025\/10\/Choronas_Foto_Gal_Oppido_2-100x100.png 100w\" sizes=\"auto, (max-width: 600px) 100vw, 600px\" \/><\/figure>\n<\/div>\n<\/div>\n\n\n\n<div style=\"height:100px\" aria-hidden=\"true\" class=\"wp-block-spacer\"><\/div>\n\n\n\n<h2 class=\"wp-block-heading has-text-align-center has-black-color has-text-color has-background has-link-color wp-elements-d87b5c403d890144940d097fa9d7b130\" style=\"background-color:#fad100\">Oficina e Workshop<\/h2>\n\n\n\n<div class=\"wp-block-columns is-layout-flex wp-container-core-columns-is-layout-9d6595d7 wp-block-columns-is-layout-flex\">\n<div class=\"wp-block-column is-layout-flow wp-block-column-is-layout-flow\">\n<h3 class=\"wp-block-heading has-text-align-center has-black-color has-text-color has-background has-link-color wp-elements-836fa4e7dff06eadf23b628c77bd25ad\" style=\"background-color:#fad100\">Workshop de M\u00fasica para crian\u00e7as com Diego Figueiredo<\/h3>\n\n\n\n<p><strong>Data:<\/strong> 23 de outubro (quinta-feira)<br><strong>Hor\u00e1rio: <\/strong>16h<br><strong>Local:<\/strong> Sala Gl\u00f3ria Rocha do Centro das Artes Prefeito Pedro F\u00e1varo (rua Bar\u00e3o de Jundia\u00ed, 1.093 &#8211; Centro)<\/p>\n\n\n\n<p><strong>Classifica\u00e7\u00e3o et\u00e1ria: <\/strong>Livre<\/p>\n\n\n\n<p><strong>Dura\u00e7\u00e3o: <\/strong>45 minutos<\/p>\n\n\n\n<p><strong>Entrada gratuita &#8211; por ordem de chegada<\/strong><\/p>\n<\/div>\n\n\n\n<div class=\"wp-block-column is-layout-flow wp-block-column-is-layout-flow\">\n<figure class=\"wp-block-image size-full\"><img loading=\"lazy\" decoding=\"async\" width=\"600\" height=\"600\" src=\"https:\/\/cultura.jundiai.sp.gov.br\/festivaldemusica\/wp-content\/uploads\/sites\/11\/2025\/10\/Diego_Figueiredo.png\" alt=\"\" class=\"wp-image-223\" srcset=\"https:\/\/cultura.jundiai.sp.gov.br\/festivaldemusica\/wp-content\/uploads\/sites\/11\/2025\/10\/Diego_Figueiredo.png 600w, https:\/\/cultura.jundiai.sp.gov.br\/festivaldemusica\/wp-content\/uploads\/sites\/11\/2025\/10\/Diego_Figueiredo-100x100.png 100w\" sizes=\"auto, (max-width: 600px) 100vw, 600px\" \/><\/figure>\n<\/div>\n<\/div>\n\n\n\n<h2 class=\"wp-block-heading\"><\/h2>\n\n\n\n<div style=\"height:100px\" aria-hidden=\"true\" class=\"wp-block-spacer\"><\/div>\n\n\n\n<div class=\"wp-block-columns is-layout-flex wp-container-core-columns-is-layout-9d6595d7 wp-block-columns-is-layout-flex\">\n<div class=\"wp-block-column is-layout-flow wp-block-column-is-layout-flow\">\n<figure class=\"wp-block-image size-full\"><img loading=\"lazy\" decoding=\"async\" width=\"600\" height=\"600\" src=\"https:\/\/cultura.jundiai.sp.gov.br\/festivaldemusica\/wp-content\/uploads\/sites\/11\/2025\/10\/Choronas_Foto_Gal_Oppido_1.png\" alt=\"\" class=\"wp-image-224\" srcset=\"https:\/\/cultura.jundiai.sp.gov.br\/festivaldemusica\/wp-content\/uploads\/sites\/11\/2025\/10\/Choronas_Foto_Gal_Oppido_1.png 600w, https:\/\/cultura.jundiai.sp.gov.br\/festivaldemusica\/wp-content\/uploads\/sites\/11\/2025\/10\/Choronas_Foto_Gal_Oppido_1-100x100.png 100w\" sizes=\"auto, (max-width: 600px) 100vw, 600px\" \/><\/figure>\n<\/div>\n\n\n\n<div class=\"wp-block-column is-layout-flow wp-block-column-is-layout-flow\">\n<h3 class=\"wp-block-heading has-text-align-center has-black-color has-text-color has-background has-link-color wp-elements-f3f1ae46b4bdc438876ca782a36d3d12\" style=\"background-color:#fad100\">Oficina &#8220;Choronas 30 Anos &#8211; Elas na Roda&#8221;<\/h3>\n\n\n\n<p><strong>Data:<\/strong> 26 de outubro (domingo)<br><strong>Hor\u00e1rio: <\/strong>17h30<br><strong>Local:<\/strong> Sala Gl\u00f3ria Rocha do Centro das Artes Prefeito Pedro F\u00e1varo (rua Bar\u00e3o de Jundia\u00ed, 1.093 &#8211; Centro)<\/p>\n\n\n\n<p><strong>Classifica\u00e7\u00e3o et\u00e1ria: <\/strong>Livre<\/p>\n\n\n\n<p><strong>Dura\u00e7\u00e3o:<\/strong> 90 minutos <\/p>\n\n\n\n<p><strong>Acessibilidade<\/strong>: Int\u00e9rprete de L\u00edngua Brasileira de Sinais (Libras) e agente de acessibilidade<\/p>\n\n\n\n<p><strong>Entrada gratuita &#8211; por ordem de chegada<\/strong><\/p>\n\n\n\n<p><strong>Sinopse:<\/strong> Como complemento ao espet\u00e1culo, a oficina \u201cChoronas 30 Anos &#8211; Elas na Roda\u201d convida o p\u00fablico a mergulhar no universo do choro de maneira acess\u00edvel e participativa. A proposta busca democratizar o acesso \u00e0 m\u00fasica e promover a educa\u00e7\u00e3o musical, criando um espa\u00e7o de aproxima\u00e7\u00e3o entre artistas e comunidade.<\/p>\n\n\n\n<p>Realizada antes da apresenta\u00e7\u00e3o, a oficina prepara os participantes para vivenciar o espet\u00e1culo de forma mais consciente, apresentando os principais elementos que estruturam o g\u00eanero. O conte\u00fado abrange uma introdu\u00e7\u00e3o \u00e0 hist\u00f3ria do choro, seus compositores e int\u00e9rpretes de destaque, bem como os aspectos formais, estil\u00edsticos e culturais que marcaram sua evolu\u00e7\u00e3o.<\/p>\n\n\n\n<p>Um ponto central da atividade \u00e9 a contribui\u00e7\u00e3o das mulheres para o choro, evidenciando o legado de Chiquinha Gonzaga e Dona Ivone Lara, o trabalho de compositoras contempor\u00e2neas e a trajet\u00f3ria das pr\u00f3prias Choronas, pioneiras como grupo exclusivamente feminino nesse g\u00eanero.<\/p>\n\n\n\n<p>Com car\u00e1ter did\u00e1tico e interativo, a oficina combina informa\u00e7\u00f5es hist\u00f3ricas e musicais com momentos de di\u00e1logo, perguntas e debates, estimulando a escuta atenta e a reflex\u00e3o sobre a import\u00e2ncia da representatividade feminina na constru\u00e7\u00e3o da identidade cultural brasileira.<\/p>\n<\/div>\n<\/div>\n\n\n\n<p><\/p>\n","protected":false},"excerpt":{"rendered":"<p>A Secretaria Municipal de Cultura (SMCULT) da Prefeitura realizou, entre os dias 23 e 26 de outubro, a 4\u00aa edi\u00e7\u00e3o do Festival de M\u00fasica de Jundia\u00ed. Com as participa\u00e7\u00f5es de 27 inscritos selecionados, entre composi\u00e7\u00f5es musicais, m\u00fasicos profissionais e cantores amadores e profissionais, as apresenta\u00e7\u00f5es foram realizadas na Sala Gl\u00f3ria Rocha do Centro das Artes, [&hellip;]<\/p>\n","protected":false},"author":12,"featured_media":169,"parent":0,"menu_order":0,"comment_status":"closed","ping_status":"closed","template":"","meta":{"footnotes":""},"class_list":["post-12","page","type-page","status-publish","has-post-thumbnail","hentry"],"_links":{"self":[{"href":"https:\/\/cultura.jundiai.sp.gov.br\/festivaldemusica\/wp-json\/wp\/v2\/pages\/12","targetHints":{"allow":["GET"]}}],"collection":[{"href":"https:\/\/cultura.jundiai.sp.gov.br\/festivaldemusica\/wp-json\/wp\/v2\/pages"}],"about":[{"href":"https:\/\/cultura.jundiai.sp.gov.br\/festivaldemusica\/wp-json\/wp\/v2\/types\/page"}],"author":[{"embeddable":true,"href":"https:\/\/cultura.jundiai.sp.gov.br\/festivaldemusica\/wp-json\/wp\/v2\/users\/12"}],"replies":[{"embeddable":true,"href":"https:\/\/cultura.jundiai.sp.gov.br\/festivaldemusica\/wp-json\/wp\/v2\/comments?post=12"}],"version-history":[{"count":46,"href":"https:\/\/cultura.jundiai.sp.gov.br\/festivaldemusica\/wp-json\/wp\/v2\/pages\/12\/revisions"}],"predecessor-version":[{"id":254,"href":"https:\/\/cultura.jundiai.sp.gov.br\/festivaldemusica\/wp-json\/wp\/v2\/pages\/12\/revisions\/254"}],"wp:featuredmedia":[{"embeddable":true,"href":"https:\/\/cultura.jundiai.sp.gov.br\/festivaldemusica\/wp-json\/wp\/v2\/media\/169"}],"wp:attachment":[{"href":"https:\/\/cultura.jundiai.sp.gov.br\/festivaldemusica\/wp-json\/wp\/v2\/media?parent=12"}],"curies":[{"name":"wp","href":"https:\/\/api.w.org\/{rel}","templated":true}]}}