{"id":205,"date":"2025-09-30T15:38:41","date_gmt":"2025-09-30T18:38:41","guid":{"rendered":"https:\/\/cultura.jundiai.sp.gov.br\/festivaldemusica\/?page_id=205"},"modified":"2025-09-30T15:46:57","modified_gmt":"2025-09-30T18:46:57","slug":"jurados","status":"publish","type":"page","link":"https:\/\/cultura.jundiai.sp.gov.br\/festivaldemusica\/jurados\/","title":{"rendered":"Jurados"},"content":{"rendered":"\n<div class=\"wp-block-columns is-layout-flex wp-container-core-columns-is-layout-9d6595d7 wp-block-columns-is-layout-flex\">\n<div class=\"wp-block-column is-layout-flow wp-block-column-is-layout-flow\">\n<figure class=\"wp-block-image size-full\"><img loading=\"lazy\" decoding=\"async\" width=\"600\" height=\"600\" src=\"https:\/\/cultura.jundiai.sp.gov.br\/festivaldemusica\/wp-content\/uploads\/sites\/11\/2025\/09\/Digo-Ferreira.png\" alt=\"\" class=\"wp-image-188\" srcset=\"https:\/\/cultura.jundiai.sp.gov.br\/festivaldemusica\/wp-content\/uploads\/sites\/11\/2025\/09\/Digo-Ferreira.png 600w, https:\/\/cultura.jundiai.sp.gov.br\/festivaldemusica\/wp-content\/uploads\/sites\/11\/2025\/09\/Digo-Ferreira-100x100.png 100w\" sizes=\"auto, (max-width: 600px) 100vw, 600px\" \/><\/figure>\n<\/div>\n\n\n\n<div class=\"wp-block-column is-layout-flow wp-block-column-is-layout-flow\">\n<h2 class=\"wp-block-heading\">Digo Ferreira <\/h2>\n\n\n\n<p>Digo Ferreira \u00e9 m\u00fasico, compositor, arranjador e pesquisador da linguagem da m\u00fasica regional brasileira, contracenando com a m\u00fasica contempor\u00e2nea e o jazz.<\/p>\n\n\n\n<p>No ano de 2025 vem circulando com 6 shows do seu projeto Feij\u00e3o e Farinha por diversas cidades como Jacare\u00ed, Tatu\u00ed, S\u00e3o Paulo, S\u00e3o Jose dos Campos, Jundia\u00ed e S\u00e3o Roque pelo edital da Lei Paulo Gustavo. Nesse mesmo ano atua como diretor musical do show em Homenagem a Gonzaguinha, feito por Daniel Gonzanga, seu filho.<\/p>\n\n\n\n<p>Em 2024 lan\u00e7ou seu 5\u00ba \u00e1lbum Guitarrada no Forr\u00f3. Nesse mesmo ano recebeu o 3\u00ba lugar no Pr\u00eamio Anast\u00e1cia de Forr\u00f3, na categoria pesquisa, pela C\u00e2mara dos Vereadores de S\u00e3o Paulo.<\/p>\n\n\n\n<p>Em sua carreira solo, al\u00e9m desse j\u00e1 lan\u00e7ou outros 4 \u00e1lbuns autorais. Em 2024 se apresentou com seu trabalho pela segunda vez no importante Festival de Jazz de S\u00e3o Roque ao lado de grandes nomes do cen\u00e1rio nacional como Ivan Lins e Mestrinho.<\/p>\n\n\n\n<p>Recebeu o t\u00edtulo de Mestre em Guitarra pela Unicamp em 2023. M\u00fasico premiado nos concursos: 1\u00ba lugar no Concurso Souza Lima &#8211; Bass Festival em 2007, 3\u00ba lugar no Souza Lima &#8211; Guitar Festival em 2008, Melhor Instrumentista no Festival da Lua Cheia em 2022 e 2023.<\/p>\n\n\n\n<p>Foi 8 vezes premiado no Festival FEMUP- PR nos anos de 2024, 2023, 2022, 2021, 2020, 2019, 2018 e 2016.<\/p>\n\n\n\n<p>Com 20 anos de carreira j\u00e1 tocou ou gravou em projetos com Gilberto Gil, Fagner, Geraldo Azevedo, Elba Ramalho, Bocato, Toninho Horta, Oswaldinho do Acordeon, Fl\u00e1vio Jos\u00e9, Fl\u00e1vio Leandro, Zeca Baleiro, Arismar do Esp\u00edrito Santo, Anast\u00e1cia, Daniel Gonzaga, Enok Virgulino, M\u00f4nica Salmaso, Mariana Aydar, Tato Falamansa, Janayna Pereira, entre outros.<\/p>\n<\/div>\n<\/div>\n\n\n\n<div style=\"height:50px\" aria-hidden=\"true\" class=\"wp-block-spacer\"><\/div>\n\n\n\n<div class=\"wp-block-columns is-layout-flex wp-container-core-columns-is-layout-9d6595d7 wp-block-columns-is-layout-flex\">\n<div class=\"wp-block-column is-layout-flow wp-block-column-is-layout-flow\">\n<figure class=\"wp-block-image size-full\"><img loading=\"lazy\" decoding=\"async\" width=\"600\" height=\"600\" src=\"https:\/\/cultura.jundiai.sp.gov.br\/festivaldemusica\/wp-content\/uploads\/sites\/11\/2025\/09\/Nanny-Soul.png\" alt=\"\" class=\"wp-image-190\" srcset=\"https:\/\/cultura.jundiai.sp.gov.br\/festivaldemusica\/wp-content\/uploads\/sites\/11\/2025\/09\/Nanny-Soul.png 600w, https:\/\/cultura.jundiai.sp.gov.br\/festivaldemusica\/wp-content\/uploads\/sites\/11\/2025\/09\/Nanny-Soul-100x100.png 100w\" sizes=\"auto, (max-width: 600px) 100vw, 600px\" \/><\/figure>\n<\/div>\n\n\n\n<div class=\"wp-block-column is-layout-flow wp-block-column-is-layout-flow\">\n<h2 class=\"wp-block-heading\">Nanny Soul <\/h2>\n\n\n\n<p>Nanny Soul \u00e9 cantora, atriz, compositora, produtora e modelo, com trajet\u00f3ria que inclui integrar a banda do Programa Altas Horas, formar o trio vocal Divazz, se apresentar em festivais como Rock in Rio e Lollapalooza, abrir shows dos Rolling Stones e Black Sabbath, participar do DVD de Emicida e de eventos como Ibitipoca Blues Festival e Virada Cultural. No espet\u00e1culo \u201cNanny canta Elza\u201d, homenageia Elza Soares, celebrando seu legado. Tamb\u00e9m atuou na TV, teatro e publicidade, em s\u00e9ries como PSI (HBO), Mundo Curioso (Discovery Kids), campanhas e o curta \u201cJorge\u201d.<\/p>\n<\/div>\n<\/div>\n\n\n\n<div style=\"height:50px\" aria-hidden=\"true\" class=\"wp-block-spacer\"><\/div>\n\n\n\n<div class=\"wp-block-columns is-layout-flex wp-container-core-columns-is-layout-9d6595d7 wp-block-columns-is-layout-flex\">\n<div class=\"wp-block-column is-layout-flow wp-block-column-is-layout-flow\">\n<figure class=\"wp-block-image size-full\"><img loading=\"lazy\" decoding=\"async\" width=\"600\" height=\"600\" src=\"https:\/\/cultura.jundiai.sp.gov.br\/festivaldemusica\/wp-content\/uploads\/sites\/11\/2025\/09\/Paulo-Calasans.png\" alt=\"\" class=\"wp-image-192\" srcset=\"https:\/\/cultura.jundiai.sp.gov.br\/festivaldemusica\/wp-content\/uploads\/sites\/11\/2025\/09\/Paulo-Calasans.png 600w, https:\/\/cultura.jundiai.sp.gov.br\/festivaldemusica\/wp-content\/uploads\/sites\/11\/2025\/09\/Paulo-Calasans-100x100.png 100w\" sizes=\"auto, (max-width: 600px) 100vw, 600px\" \/><\/figure>\n<\/div>\n\n\n\n<div class=\"wp-block-column is-layout-flow wp-block-column-is-layout-flow\">\n<h2 class=\"wp-block-heading\">Paulo Calasans <\/h2>\n\n\n\n<p>Paulo Calasans \u00e9 natural de Jundia\u00ed e come\u00e7ou sua carreira em S\u00e3o Paulo. em 1981, tocando no grupo instrumental do contrabaixista Nico Assump\u00e7\u00e3o.<\/p>\n\n\n\n<p>Em 1984 passou a integrar a banda da dupla S\u00e1 e Guarabyra, enquanto desenvolvia paralelamente trabalhos publicit\u00e1rios, com Jingles e trilhas, e a produ\u00e7\u00e3o de discos para a Warner Music.<\/p>\n\n\n\n<p>Foi tamb\u00e9m m\u00fasico na banda e nos discos do artista Djavan, de 1988 a 2001; participou ainda das turn\u00eas de Gal Costa (\u201cSorriso do Gato de Alice\u201d), em 1994, e Gilberto Gil (\u201cQuanta gente veio ver\u201d), em 1997; Cassia Eller, em 2001; Jorge Vercillo, em 2009; e Djavan, em 2011.<\/p>\n\n\n\n<p>Participa\u00e7\u00f5es em discos diversos como m\u00fasico e arranjador: Caetano Veloso, Djavan, Gal Costa, Gilberto Gil, Jorge Benjor, Beto Guedes, Cassia Eller, Ivete Sangalo, Ana Carolina, Lulu Santos, Zelia Duncan, Vanessa da Mata, Jorge Vercilo, Randy Brecker, Roberto Carlos, Luiz Brasil, Rita Lee, Pamela Driggs, Paula Lima, Flavio Venturine, Alexandre Pires, Isabela Taviani, Vanessa Jackson, Romero Lubambo, Vicente Barreto, Luiza Possi, Alexandra Jackson e Leila Pinheiro.<\/p>\n\n\n\n<p>Como produtor, participou de discos dos seguintes artistas: Luni, Jorge Mautner, Raul Seixas, Marcelo Nova, Fat Family, Belo Veloso, Ra\u00edzes Rasta, Lica Ceccato, L\u00e9o Maia, Vanessa Jackson, Vicente Barreto, Jair Luz, Jorge Vercilo, Marcia Novo, Nilson Chaves, Leila Pinheiro, Mauricio Mattar e outros.<\/p>\n\n\n\n<p>J\u00e1 enquanto diretor musical, participou dos seguintes shows: DVD Luiza Possi; Tributo a Tom Jobim, com Leila Pinheiro; Zizi Possi; Paulo Miklos e Toni Garrido; e Senna in concert, com Milton Nascimento, Chico Buarque, Caetano Veloso, Daniela Mercuri, Sandy e Junior, Frejat, Ivete Sangalo e Gilberto Gil; do Projeto Brasil Angola, com Jorge Vercilo, Martinho da Vila, Alcione, Beth Carvalho, Cidade Negra, Elba Ramalho e os artistas angolanos Filipe Mukenga, Gingas, Paulo Flores, Banda Maravilha, Carlos Buriti e v\u00e1rios outros renomados artistas; al\u00e9m do Show da Virada Rede Globo em 2016, 2017, 2018 e 2019.<\/p>\n\n\n\n<p>Atualmente, excursiona com o artista Djavan.<\/p>\n<\/div>\n<\/div>\n\n\n\n<div style=\"height:50px\" aria-hidden=\"true\" class=\"wp-block-spacer\"><\/div>\n\n\n\n<div class=\"wp-block-columns is-layout-flex wp-container-core-columns-is-layout-9d6595d7 wp-block-columns-is-layout-flex\">\n<div class=\"wp-block-column is-layout-flow wp-block-column-is-layout-flow\">\n<figure class=\"wp-block-image size-full\"><img loading=\"lazy\" decoding=\"async\" width=\"600\" height=\"600\" src=\"https:\/\/cultura.jundiai.sp.gov.br\/festivaldemusica\/wp-content\/uploads\/sites\/11\/2025\/09\/Roberto-Seresteiro.png\" alt=\"\" class=\"wp-image-193\" srcset=\"https:\/\/cultura.jundiai.sp.gov.br\/festivaldemusica\/wp-content\/uploads\/sites\/11\/2025\/09\/Roberto-Seresteiro.png 600w, https:\/\/cultura.jundiai.sp.gov.br\/festivaldemusica\/wp-content\/uploads\/sites\/11\/2025\/09\/Roberto-Seresteiro-100x100.png 100w\" sizes=\"auto, (max-width: 600px) 100vw, 600px\" \/><\/figure>\n<\/div>\n\n\n\n<div class=\"wp-block-column is-layout-flow wp-block-column-is-layout-flow\">\n<h2 class=\"wp-block-heading\">Roberto Seresteiro <\/h2>\n\n\n\n<p>Roberto Seresteiro \u00e9 cantor, pesquisador e professor, reconhecido pela dedica\u00e7\u00e3o \u00e0 preserva\u00e7\u00e3o e difus\u00e3o da m\u00fasica brasileira de raiz urbana, como a seresta, o choro, a modinha, a valsa e o tango. Com uma carreira marcada por shows, palestras e cursos em importantes espa\u00e7os culturais, tem se consolidado como refer\u00eancia no estudo e interpreta\u00e7\u00e3o do repert\u00f3rio da can\u00e7\u00e3o tradicional. Foi amigo e parceiro de Inezita Barroso, com quem produziu o programa radiof\u00f4nico Minha Terra (2004\u20132006), e desde ent\u00e3o mant\u00e9m ativa pesquisa sobre compositores, int\u00e9rpretes e a hist\u00f3ria da m\u00fasica popular. Al\u00e9m de sua atua\u00e7\u00e3o como artista, integrou por oito temporadas o j\u00fari do programa \u201cCanta Comigo\u201d, exibido na TV Record, ampliando sua visibilidade nacional.<\/p>\n<\/div>\n<\/div>\n\n\n\n<p><\/p>\n","protected":false},"excerpt":{"rendered":"<p>Digo Ferreira Digo Ferreira \u00e9 m\u00fasico, compositor, arranjador e pesquisador da linguagem da m\u00fasica regional brasileira, contracenando com a m\u00fasica contempor\u00e2nea e o jazz. No ano de 2025 vem circulando com 6 shows do seu projeto Feij\u00e3o e Farinha por diversas cidades como Jacare\u00ed, Tatu\u00ed, S\u00e3o Paulo, S\u00e3o Jose dos Campos, Jundia\u00ed e S\u00e3o Roque [&hellip;]<\/p>\n","protected":false},"author":12,"featured_media":0,"parent":0,"menu_order":0,"comment_status":"closed","ping_status":"closed","template":"","meta":{"footnotes":""},"class_list":["post-205","page","type-page","status-publish","hentry"],"_links":{"self":[{"href":"https:\/\/cultura.jundiai.sp.gov.br\/festivaldemusica\/wp-json\/wp\/v2\/pages\/205","targetHints":{"allow":["GET"]}}],"collection":[{"href":"https:\/\/cultura.jundiai.sp.gov.br\/festivaldemusica\/wp-json\/wp\/v2\/pages"}],"about":[{"href":"https:\/\/cultura.jundiai.sp.gov.br\/festivaldemusica\/wp-json\/wp\/v2\/types\/page"}],"author":[{"embeddable":true,"href":"https:\/\/cultura.jundiai.sp.gov.br\/festivaldemusica\/wp-json\/wp\/v2\/users\/12"}],"replies":[{"embeddable":true,"href":"https:\/\/cultura.jundiai.sp.gov.br\/festivaldemusica\/wp-json\/wp\/v2\/comments?post=205"}],"version-history":[{"count":4,"href":"https:\/\/cultura.jundiai.sp.gov.br\/festivaldemusica\/wp-json\/wp\/v2\/pages\/205\/revisions"}],"predecessor-version":[{"id":210,"href":"https:\/\/cultura.jundiai.sp.gov.br\/festivaldemusica\/wp-json\/wp\/v2\/pages\/205\/revisions\/210"}],"wp:attachment":[{"href":"https:\/\/cultura.jundiai.sp.gov.br\/festivaldemusica\/wp-json\/wp\/v2\/media?parent=205"}],"curies":[{"name":"wp","href":"https:\/\/api.w.org\/{rel}","templated":true}]}}