{"id":121,"date":"2025-06-12T11:16:20","date_gmt":"2025-06-12T14:16:20","guid":{"rendered":"https:\/\/cultura.jundiai.sp.gov.br\/mesdopatrimonio\/?page_id=121"},"modified":"2025-09-23T09:33:45","modified_gmt":"2025-09-23T12:33:45","slug":"edital-e-documentos","status":"publish","type":"page","link":"https:\/\/cultura.jundiai.sp.gov.br\/mesdopatrimonio\/edital-e-documentos\/","title":{"rendered":"Edital e documentos"},"content":{"rendered":"\n<div style=\"height:100px\" aria-hidden=\"true\" class=\"wp-block-spacer\"><\/div>\n\n\n\n<hr class=\"wp-block-separator has-alpha-channel-opacity\" \/>\n\n\n\n<p><strong>Encerradas <\/strong><br><\/p>\n\n\n\n<p><strong>INSCRI\u00c7\u00d5ES PARA O 13\u00ba SIMP\u00d3SIO SOBRE O PATRIM\u00d4NIO MATERIAL E IMATERIAL <br>Per\u00edodo de inscri\u00e7\u00f5es:<\/strong> de 23 de junho a 11 de agosto de 2025<br><a href=\"https:\/\/www.even3.com.br\/13-simposio-do-patrimonio-material-e-imaterial-561439\/\" target=\"_blank\" rel=\"noreferrer noopener\">Inscri\u00e7\u00f5es e programa\u00e7\u00e3o na plataforma Even3<\/a><\/p>\n\n\n\n<p><strong>PREMIA\u00c7\u00c3O CULTURAL &#8220;FRAGMENTOS DO TEMPO &#8211; FOTOGRAFIA E PATRIM\u00d4NIO&#8221;<\/strong><br><strong>Per\u00edodo de inscri\u00e7\u00f5es:<\/strong> de 16 de junho a 11 de julho de 2025<br><a href=\"https:\/\/docs.google.com\/forms\/d\/e\/1FAIpQLSe1ULUiTEfk4Hj2_V9ZSXNYI1mIfnvLEliTg4MolBBjpQWICA\/viewform\" target=\"_blank\" rel=\"noreferrer noopener\">Formul\u00e1rio de inscri\u00e7\u00e3o<\/a><br><a href=\"https:\/\/cultura.jundiai.sp.gov.br\/wp-content\/uploads\/2025\/06\/edital_02_2025_premiacao_cultural_Fragmentos-do-Tempo-21-25.pdf\" target=\"_blank\" rel=\"noreferrer noopener\">Edital n\u00ba 02\/2025<\/a><br><strong>Anexo 1 &#8211; <a href=\"https:\/\/cultura.jundiai.sp.gov.br\/wp-content\/uploads\/2025\/06\/Anexo-I-\u2013-Bens-tombados.pdf\" target=\"_blank\" rel=\"noreferrer noopener\">Bens tombados<\/a><\/strong> <br><strong>Anexo 2 &#8211; <a href=\"https:\/\/cultura.jundiai.sp.gov.br\/wp-content\/uploads\/2025\/06\/Anexo-II-Cessao-de-Direitos-autorais-e-de-imagem.pdf\" target=\"_blank\" rel=\"noreferrer noopener\">Autoriza\u00e7\u00e3o de cess\u00e3o de direitos autorais e de imagem<\/a> <\/strong><\/p>\n","protected":false},"excerpt":{"rendered":"<p>Encerradas INSCRI\u00c7\u00d5ES PARA O 13\u00ba SIMP\u00d3SIO SOBRE O PATRIM\u00d4NIO MATERIAL E IMATERIAL Per\u00edodo de inscri\u00e7\u00f5es: de 23 de junho a 11 de agosto de 2025Inscri\u00e7\u00f5es e programa\u00e7\u00e3o na plataforma Even3 PREMIA\u00c7\u00c3O CULTURAL &#8220;FRAGMENTOS DO TEMPO &#8211; FOTOGRAFIA E PATRIM\u00d4NIO&#8221;Per\u00edodo de inscri\u00e7\u00f5es: de 16 de junho a 11 de julho de 2025Formul\u00e1rio de inscri\u00e7\u00e3oEdital n\u00ba 02\/2025Anexo [&hellip;]<\/p>\n","protected":false},"author":12,"featured_media":0,"parent":0,"menu_order":0,"comment_status":"closed","ping_status":"closed","template":"","meta":{"footnotes":""},"class_list":["post-121","page","type-page","status-publish","hentry"],"_links":{"self":[{"href":"https:\/\/cultura.jundiai.sp.gov.br\/mesdopatrimonio\/wp-json\/wp\/v2\/pages\/121","targetHints":{"allow":["GET"]}}],"collection":[{"href":"https:\/\/cultura.jundiai.sp.gov.br\/mesdopatrimonio\/wp-json\/wp\/v2\/pages"}],"about":[{"href":"https:\/\/cultura.jundiai.sp.gov.br\/mesdopatrimonio\/wp-json\/wp\/v2\/types\/page"}],"author":[{"embeddable":true,"href":"https:\/\/cultura.jundiai.sp.gov.br\/mesdopatrimonio\/wp-json\/wp\/v2\/users\/12"}],"replies":[{"embeddable":true,"href":"https:\/\/cultura.jundiai.sp.gov.br\/mesdopatrimonio\/wp-json\/wp\/v2\/comments?post=121"}],"version-history":[{"count":7,"href":"https:\/\/cultura.jundiai.sp.gov.br\/mesdopatrimonio\/wp-json\/wp\/v2\/pages\/121\/revisions"}],"predecessor-version":[{"id":256,"href":"https:\/\/cultura.jundiai.sp.gov.br\/mesdopatrimonio\/wp-json\/wp\/v2\/pages\/121\/revisions\/256"}],"wp:attachment":[{"href":"https:\/\/cultura.jundiai.sp.gov.br\/mesdopatrimonio\/wp-json\/wp\/v2\/media?parent=121"}],"curies":[{"name":"wp","href":"https:\/\/api.w.org\/{rel}","templated":true}]}}